{"id":106365,"date":"2026-01-26T15:30:44","date_gmt":"2026-01-26T13:30:44","guid":{"rendered":"https:\/\/voblafishing.ee\/?post_type=product&#038;p=106365"},"modified":"2026-01-26T17:00:52","modified_gmt":"2026-01-26T15:00:52","slug":"kostuum-westin-w4-winter-suit-extreme-6-varianti","status":"publish","type":"product","link":"https:\/\/voblafishing.ee\/en\/product\/kostuum-westin-w4-winter-suit-extreme-6-varianti\/","title":{"rendered":"Kost\u00fc\u00fcm WESTIN W4 Winter Suit Extreme (6 varianti)"},"content":{"rendered":"<p>Varusta end W4 Winter Suit Extreme\u2019iga, et saaksid mugavalt terve p\u00e4eva kalastada. K\u00fclmad temperatuurid ja k\u00fclm tuul kipuvad paljusid \u00f5ngitsejaid eemale peletama, aga W4 Winter Suit Extreme\u2019iga p\u00fcsid soojas ja mugavalt isegi k\u00f5ige hullemates tingimustes, mida k\u00fclm talv sulle pakkuda v\u00f5ib. Nii jope kui ka p\u00fcksid on varustatud k\u00f5igi funktsioonide ja omadustega, mida paadunud \u00f5ngitsejad vajavad \u2013 soe, vee- ja tuulekindel ning hingava pealiskihiga.<\/p>\n<p>Jakk<\/p>\n<p>* Materjal: 228T nailon Taslon PU-kattega<br \/>\n* Isolatsioonit\u00e4idis: kehaosa 200g\/m2, varrukad 160g\/m2<br \/>\n* Veekindlus: 10000 mm<br \/>\n* Hingavus: 10000\/m2\/24h<br \/>\n* YKK\u00ae esilukk<br \/>\n* 6 praktilist taskut<br \/>\n* Fliisist k\u00e4tesoojendustaskud<br \/>\n* Reguleeritav punane helkurkattega sissevolditav kapuuts 180\u00b0 vaateakendega<br \/>\n* Neopreenist varrukamansetid<br \/>\n* Lisatugevdused varrukatel ja k\u00fc\u00fcnarnukkidel<br \/>\n* Aasad t\u00e4ispuhutava vesti jaoks<br \/>\n* Reguleeritav n\u00f6\u00f6r v\u00f6\u00f6kohas<br \/>\n* Eriti k\u00f5rge krae pehme fliisiga optimaalse tuulekaitse tagamiseks<\/p>\n<p>Pants<\/p>\n<p>* Materjal: 228T nailon Taslon PU-kattega<br \/>\n* Isolatsioonit\u00e4idis: 160g\/m2<br \/>\n* Veekindlus: 10000 mm<br \/>\n* Hingavus: 10000\/m2\/24h<br \/>\n* YKK\u00ae esilukk<br \/>\n* 3 praktilist taskut<br \/>\n* Fliisist k\u00e4tesoojendustaskud<br \/>\n* Elastne V\u00f6\u00f6koht ja reguleeritav pael suurep\u00e4rase mugavuse tagamiseks<br \/>\n* K\u00f5rge v\u00f6\u00f6koht lisakaitseks tuule, vihma ja lume eest<br \/>\n* Lisatugevdused p\u00f5lvedel ja istmepaneelil<br \/>\n* Lai t\u00f5mblukk ja takjapaelkinnitused jalgadel<\/p>\n<p>[**Suuruste tabeli vaatamiseks kl\u00f5psake siin**](<a href=\"https:\/\/www.westin-fishing.com\/en\/this-is-westin\/size-guide\/#sizeguide)\" target=\"_blank\" rel=\"noopener\" data-auto-recognition=\"true\">https:\/\/www.westin-fishing.com\/en\/this-is-westin\/size-guide\/#sizeguide)<\/a><\/p>","protected":false},"excerpt":{"rendered":"<p>Varusta end W4 Winter Suit Extreme\u2019iga, et saaksid mugavalt terve p\u00e4eva kalastada. K\u00fclmad temperatuurid ja k\u00fclm tuul kipuvad paljusid \u00f5ngitsejaid<\/p>","protected":false},"featured_media":106358,"template":"","meta":{"_monsterinsights_skip_tracking":false,"_monsterinsights_sitenote_active":false,"_monsterinsights_sitenote_note":"","_monsterinsights_sitenote_category":0},"product_brand":[],"product_cat":[576,575],"product_tag":[],"class_list":{"0":"post-106365","1":"product","2":"type-product","3":"status-publish","4":"has-post-thumbnail","6":"product_cat-kombed","7":"product_cat-roivad-ja-jalatsid","8":"pa_suurus-m","9":"pa_suurus-xl","10":"pa_suurus-s","11":"pa_suurus-xxl","12":"pa_suurus-l","13":"pa_suurus-3xl","15":"first","16":"instock","17":"shipping-taxable","18":"purchasable","19":"product-type-variable"},"yoast_head":"<!-- This site is optimized with the Yoast SEO Premium plugin v18.1 (Yoast SEO v26.6) - https:\/\/yoast.com\/wordpress\/plugins\/seo\/ -->\n<title>Voblafishing &#8211; Kalastustarbed<\/title>\n<meta name=\"robots\" content=\"index, follow, max-snippet:-1, max-image-preview:large, max-video-preview:-1\" \/>\n<link rel=\"canonical\" href=\"https:\/\/voblafishing.ee\/en\/product\/kostuum-westin-w4-winter-suit-extreme-6-varianti\/\" \/>\n<meta property=\"og:locale\" content=\"en_GB\" \/>\n<meta property=\"og:type\" content=\"article\" \/>\n<meta property=\"og:title\" content=\"Kost\u00fc\u00fcm WESTIN W4 Winter Suit Extreme (6 varianti)\" \/>\n<meta property=\"og:description\" content=\"Varusta end W4 Winter Suit Extreme\u2019iga, et saaksid mugavalt terve p\u00e4eva kalastada. K\u00fclmad temperatuurid ja k\u00fclm tuul kipuvad paljusid \u00f5ngitsejaid\" \/>\n<meta property=\"og:url\" content=\"https:\/\/voblafishing.ee\/en\/product\/kostuum-westin-w4-winter-suit-extreme-6-varianti\/\" \/>\n<meta property=\"og:site_name\" content=\"Voblafishing - Kalastustarbed\" \/>\n<meta property=\"article:publisher\" content=\"https:\/\/www.facebook.com\/tartuvobla\" \/>\n<meta property=\"article:modified_time\" content=\"2026-01-26T15:00:52+00:00\" \/>\n<meta property=\"og:image\" content=\"https:\/\/voblafishing.ee\/wp-content\/uploads\/2026\/01\/a51_399_x1.jpg\" \/>\n\t<meta property=\"og:image:width\" content=\"1600\" \/>\n\t<meta property=\"og:image:height\" content=\"1200\" \/>\n\t<meta property=\"og:image:type\" content=\"image\/jpeg\" \/>\n<meta name=\"twitter:card\" content=\"summary_large_image\" \/>\n<meta name=\"twitter:label1\" content=\"Estimated reading time\" \/>\n\t<meta name=\"twitter:data1\" content=\"2 minutes\" \/>\n<!-- \/ Yoast SEO Premium plugin. -->","yoast_head_json":{"title":"Voblafishing &#8211; Kalastustarbed","robots":{"index":"index","follow":"follow","max-snippet":"max-snippet:-1","max-image-preview":"max-image-preview:large","max-video-preview":"max-video-preview:-1"},"canonical":"https:\/\/voblafishing.ee\/en\/product\/kostuum-westin-w4-winter-suit-extreme-6-varianti\/","og_locale":"en_GB","og_type":"article","og_title":"Kost\u00fc\u00fcm WESTIN W4 Winter Suit Extreme (6 varianti)","og_description":"Varusta end W4 Winter Suit Extreme\u2019iga, et saaksid mugavalt terve p\u00e4eva kalastada. K\u00fclmad temperatuurid ja k\u00fclm tuul kipuvad paljusid \u00f5ngitsejaid","og_url":"https:\/\/voblafishing.ee\/en\/product\/kostuum-westin-w4-winter-suit-extreme-6-varianti\/","og_site_name":"Voblafishing - Kalastustarbed","article_publisher":"https:\/\/www.facebook.com\/tartuvobla","article_modified_time":"2026-01-26T15:00:52+00:00","og_image":[{"width":1600,"height":1200,"url":"https:\/\/voblafishing.ee\/wp-content\/uploads\/2026\/01\/a51_399_x1.jpg","type":"image\/jpeg"}],"twitter_card":"summary_large_image","twitter_misc":{"Estimated reading time":"2 minutes"},"schema":{"@context":"https:\/\/schema.org","@graph":[{"@type":"WebPage","@id":"https:\/\/voblafishing.ee\/toode\/kostuum-westin-w4-winter-suit-extreme-6-varianti\/","url":"https:\/\/voblafishing.ee\/toode\/kostuum-westin-w4-winter-suit-extreme-6-varianti\/","name":"Kost\u00fc\u00fcm WESTIN W4 Winter Suit Extreme (6 varianti)","isPartOf":{"@id":"https:\/\/voblafishing.ee\/#website"},"primaryImageOfPage":{"@id":"https:\/\/voblafishing.ee\/toode\/kostuum-westin-w4-winter-suit-extreme-6-varianti\/#primaryimage"},"image":{"@id":"https:\/\/voblafishing.ee\/toode\/kostuum-westin-w4-winter-suit-extreme-6-varianti\/#primaryimage"},"thumbnailUrl":"https:\/\/voblafishing.ee\/wp-content\/uploads\/2026\/01\/a51_399_x1.jpg","datePublished":"2026-01-26T13:30:44+00:00","dateModified":"2026-01-26T15:00:52+00:00","breadcrumb":{"@id":"https:\/\/voblafishing.ee\/toode\/kostuum-westin-w4-winter-suit-extreme-6-varianti\/#breadcrumb"},"inLanguage":"en-GB","potentialAction":[{"@type":"ReadAction","target":["https:\/\/voblafishing.ee\/toode\/kostuum-westin-w4-winter-suit-extreme-6-varianti\/"]}]},{"@type":"ImageObject","inLanguage":"en-GB","@id":"https:\/\/voblafishing.ee\/toode\/kostuum-westin-w4-winter-suit-extreme-6-varianti\/#primaryimage","url":"https:\/\/voblafishing.ee\/wp-content\/uploads\/2026\/01\/a51_399_x1.jpg","contentUrl":"https:\/\/voblafishing.ee\/wp-content\/uploads\/2026\/01\/a51_399_x1.jpg","width":1600,"height":1200},{"@type":"BreadcrumbList","@id":"https:\/\/voblafishing.ee\/toode\/kostuum-westin-w4-winter-suit-extreme-6-varianti\/#breadcrumb","itemListElement":[{"@type":"ListItem","position":1,"name":"Esileht","item":"https:\/\/voblafishing.ee\/"},{"@type":"ListItem","position":2,"name":"Pood","item":"https:\/\/voblafishing.ee\/pood\/"},{"@type":"ListItem","position":3,"name":"Kost\u00fc\u00fcm WESTIN W4 Winter Suit Extreme (6 varianti)"}]},{"@type":"WebSite","@id":"https:\/\/voblafishing.ee\/#website","url":"https:\/\/voblafishing.ee\/","name":"Voblafishing - Kalastustarbed","description":"Kalstustarvete m&uuml;&uuml;k. Landid, ridvad, rullid, n&ouml;&ouml;rid, v&otilde;dikud, jigipead","publisher":{"@id":"https:\/\/voblafishing.ee\/#organization"},"potentialAction":[{"@type":"SearchAction","target":{"@type":"EntryPoint","urlTemplate":"https:\/\/voblafishing.ee\/?s={search_term_string}"},"query-input":{"@type":"PropertyValueSpecification","valueRequired":true,"valueName":"search_term_string"}}],"inLanguage":"en-GB"},{"@type":"Organization","@id":"https:\/\/voblafishing.ee\/#organization","name":"Voblafishing - Kalastustarbed","url":"https:\/\/voblafishing.ee\/","logo":{"@type":"ImageObject","inLanguage":"en-GB","@id":"https:\/\/voblafishing.ee\/#\/schema\/logo\/image\/","url":"https:\/\/voblafishing.ee\/wp-content\/uploads\/2021\/09\/Vobla-ymargune.png","contentUrl":"https:\/\/voblafishing.ee\/wp-content\/uploads\/2021\/09\/Vobla-ymargune.png","width":300,"height":300,"caption":"Voblafishing - Kalastustarbed"},"image":{"@id":"https:\/\/voblafishing.ee\/#\/schema\/logo\/image\/"},"sameAs":["https:\/\/www.facebook.com\/tartuvobla"]}]}},"_links":{"self":[{"href":"https:\/\/voblafishing.ee\/en\/wp-json\/wp\/v2\/product\/106365","targetHints":{"allow":["GET"]}}],"collection":[{"href":"https:\/\/voblafishing.ee\/en\/wp-json\/wp\/v2\/product"}],"about":[{"href":"https:\/\/voblafishing.ee\/en\/wp-json\/wp\/v2\/types\/product"}],"version-history":[{"count":1,"href":"https:\/\/voblafishing.ee\/en\/wp-json\/wp\/v2\/product\/106365\/revisions"}],"predecessor-version":[{"id":106372,"href":"https:\/\/voblafishing.ee\/en\/wp-json\/wp\/v2\/product\/106365\/revisions\/106372"}],"wp:featuredmedia":[{"embeddable":true,"href":"https:\/\/voblafishing.ee\/en\/wp-json\/wp\/v2\/media\/106358"}],"wp:attachment":[{"href":"https:\/\/voblafishing.ee\/en\/wp-json\/wp\/v2\/media?parent=106365"}],"wp:term":[{"taxonomy":"product_brand","embeddable":true,"href":"https:\/\/voblafishing.ee\/en\/wp-json\/wp\/v2\/product_brand?post=106365"},{"taxonomy":"product_cat","embeddable":true,"href":"https:\/\/voblafishing.ee\/en\/wp-json\/wp\/v2\/product_cat?post=106365"},{"taxonomy":"product_tag","embeddable":true,"href":"https:\/\/voblafishing.ee\/en\/wp-json\/wp\/v2\/product_tag?post=106365"}],"curies":[{"name":"wp","href":"https:\/\/api.w.org\/{rel}","templated":true}]}}