{"id":106373,"date":"2026-01-26T15:55:49","date_gmt":"2026-01-26T13:55:49","guid":{"rendered":"https:\/\/voblafishing.ee\/?post_type=product&#038;p=106373"},"modified":"2026-01-26T17:00:37","modified_gmt":"2026-01-26T15:00:37","slug":"ujuv-kombe-westin-w4-flotation-suit-9-varianti","status":"publish","type":"product","link":"https:\/\/voblafishing.ee\/en\/product\/ujuv-kombe-westin-w4-flotation-suit-9-varianti\/","title":{"rendered":"Ujuv kombe WESTIN W4 Flotation Suit (9 varianti)"},"content":{"rendered":"<p>Kapuutsiga integreeritud l\u00e4bipaistvad 180\u00b0 vaateaknad, eriti k\u00f5rge pehme fliisist krae ja h\u00f5lpsasti ligip\u00e4\u00e4setav sisetasku on vaid m\u00f5ned omadused, mida \u00f5ngitsejad W4 ujuv\u00fclikonna juures hindavad. Kvaliteet ja funktsionaalsus olid selle \u00fclikonna disainimisel peamised prioriteedid, kuid loomulikult v\u00f5tsid meie disainerid arvesse ka kalap\u00fc\u00fcgi ja mere\u00f5ngitsemise. Traksid on eriti v\u00e4\u00e4rtuslikud vaiksetel ja p\u00e4ikesepaistelistel p\u00e4evadel, kuid just rasketel aegadel on olulised omadused nagu parimad veekindlad materjalid, \u00f5ige ujuvusmaterjalide valik ja ideaalne sobivus.<\/p>\n<p>Materjal:<\/p>\n<p>PU-kattega 210D nailon teibitud \u00f5mblustega<br \/>\nDS\/EN ISO 12402-6 sertifikaat<br \/>\n9 praktilist taskut<br \/>\nIntegreeritud kerge trakside s\u00fcsteem<br \/>\nHelilambiline, kollane kokkupandav kapuuts 180\u00b0 vaateaknaga<br \/>\n210D nailonist rebenemisvastane tugevdus p\u00f5lvedel ja seljaosas<br \/>\nIntegreeritud n\u00f6\u00f6pidega v\u00f6\u00f6<br \/>\nReguleeritavad p\u00f5lverihmad<br \/>\nVeekindla hellambiga rinnataskud. Kollane t\u00f5mblukk<br \/>\nPaindlik kerge vaht<br \/>\nSolas helkurriba t\u00e4iustatud sik-sak \u00f5mblusega<br \/>\nLihtne ligip\u00e4\u00e4s sisetaskule p\u00f5hit\u00f5mbluku abil<br \/>\n2 fliisist isoleeritud taskut<br \/>\nNeopreenist varrukamansetid<br \/>\nTopelt reguleeritav jala takjakinnitus<br \/>\nRaadio\/VHF tasku vasakul \u00f5lal suuruse t\u00e4hise ja aknaga (mitte veekindel)<br \/>\nDS\/EN ISO 12402-8 sertifitseeritud vile<br \/>\nLukustusaasad t\u00e4ispuhutava vesti kinnitamiseks<br \/>\nT\u00f5hus v\u00f5rgust \u00e4ravool mansettide ja pahkluude juures<br \/>\nEkstra k\u00f5rge krae pehme fliisiga optimaalse tuulekaitse tagamiseks<\/p>\n<p>**Suuruste tabeli leiad siit** -&gt; (https:\/\/www.westin-fishing.com\/en\/this-is-westin\/size-guide-for-flotation-suit)<\/p>\n<p>**Ujuv kombe kontroll dokumendid** -&gt; (https:\/\/www.westin-fishing.com\/en\/this-is-westin\/document-of-control\/W4-Flotation-suit)<\/p>","protected":false},"excerpt":{"rendered":"<p>Kapuutsiga integreeritud l\u00e4bipaistvad 180\u00b0 vaateaknad, eriti k\u00f5rge pehme fliisist krae ja h\u00f5lpsasti ligip\u00e4\u00e4setav sisetasku on vaid m\u00f5ned omadused, mida \u00f5ngitsejad<\/p>","protected":false},"featured_media":76037,"template":"","meta":{"_monsterinsights_skip_tracking":false,"_monsterinsights_sitenote_active":false,"_monsterinsights_sitenote_note":"","_monsterinsights_sitenote_category":0},"product_brand":[],"product_cat":[576,575,2505],"product_tag":[],"class_list":{"0":"post-106373","1":"product","2":"type-product","3":"status-publish","4":"has-post-thumbnail","6":"product_cat-kombed","7":"product_cat-roivad-ja-jalatsid","8":"product_cat-ujuv-kombe","9":"pa_suurus-xl","10":"pa_suurus-lk","11":"pa_suurus-mk","12":"pa_suurus-s","13":"pa_suurus-xlk","14":"pa_suurus-xxl","15":"pa_suurus-l","16":"pa_suurus-m","17":"pa_suurus-3xl","19":"first","20":"instock","21":"shipping-taxable","22":"purchasable","23":"product-type-variable"},"yoast_head":"<!-- This site is optimized with the Yoast SEO Premium plugin v18.1 (Yoast SEO v26.6) - https:\/\/yoast.com\/wordpress\/plugins\/seo\/ -->\n<title>Voblafishing &#8211; Kalastustarbed<\/title>\n<meta name=\"robots\" content=\"index, follow, max-snippet:-1, max-image-preview:large, max-video-preview:-1\" \/>\n<link rel=\"canonical\" href=\"https:\/\/voblafishing.ee\/en\/product\/ujuv-kombe-westin-w4-flotation-suit-9-varianti\/\" \/>\n<meta property=\"og:locale\" content=\"en_GB\" \/>\n<meta property=\"og:type\" content=\"article\" \/>\n<meta property=\"og:title\" content=\"Ujuv kombe WESTIN W4 Flotation Suit (9 varianti)\" \/>\n<meta property=\"og:description\" content=\"Kapuutsiga integreeritud l\u00e4bipaistvad 180\u00b0 vaateaknad, eriti k\u00f5rge pehme fliisist krae ja h\u00f5lpsasti ligip\u00e4\u00e4setav sisetasku on vaid m\u00f5ned omadused, mida \u00f5ngitsejad\" \/>\n<meta property=\"og:url\" content=\"https:\/\/voblafishing.ee\/en\/product\/ujuv-kombe-westin-w4-flotation-suit-9-varianti\/\" \/>\n<meta property=\"og:site_name\" content=\"Voblafishing - Kalastustarbed\" \/>\n<meta property=\"article:publisher\" content=\"https:\/\/www.facebook.com\/tartuvobla\" \/>\n<meta property=\"article:modified_time\" content=\"2026-01-26T15:00:37+00:00\" \/>\n<meta property=\"og:image\" content=\"https:\/\/voblafishing.ee\/wp-content\/uploads\/2022\/09\/A02-409-XXL.jpg\" \/>\n\t<meta property=\"og:image:width\" content=\"800\" \/>\n\t<meta property=\"og:image:height\" content=\"800\" \/>\n\t<meta property=\"og:image:type\" content=\"image\/jpeg\" \/>\n<meta name=\"twitter:card\" content=\"summary_large_image\" \/>\n<meta name=\"twitter:label1\" content=\"Estimated reading time\" \/>\n\t<meta name=\"twitter:data1\" content=\"2 minutes\" \/>\n<!-- \/ Yoast SEO Premium plugin. -->","yoast_head_json":{"title":"Voblafishing &#8211; Kalastustarbed","robots":{"index":"index","follow":"follow","max-snippet":"max-snippet:-1","max-image-preview":"max-image-preview:large","max-video-preview":"max-video-preview:-1"},"canonical":"https:\/\/voblafishing.ee\/en\/product\/ujuv-kombe-westin-w4-flotation-suit-9-varianti\/","og_locale":"en_GB","og_type":"article","og_title":"Ujuv kombe WESTIN W4 Flotation Suit (9 varianti)","og_description":"Kapuutsiga integreeritud l\u00e4bipaistvad 180\u00b0 vaateaknad, eriti k\u00f5rge pehme fliisist krae ja h\u00f5lpsasti ligip\u00e4\u00e4setav sisetasku on vaid m\u00f5ned omadused, mida \u00f5ngitsejad","og_url":"https:\/\/voblafishing.ee\/en\/product\/ujuv-kombe-westin-w4-flotation-suit-9-varianti\/","og_site_name":"Voblafishing - Kalastustarbed","article_publisher":"https:\/\/www.facebook.com\/tartuvobla","article_modified_time":"2026-01-26T15:00:37+00:00","og_image":[{"width":800,"height":800,"url":"https:\/\/voblafishing.ee\/wp-content\/uploads\/2022\/09\/A02-409-XXL.jpg","type":"image\/jpeg"}],"twitter_card":"summary_large_image","twitter_misc":{"Estimated reading time":"2 minutes"},"schema":{"@context":"https:\/\/schema.org","@graph":[{"@type":"WebPage","@id":"https:\/\/voblafishing.ee\/toode\/ujuv-kombe-westin-w4-flotation-suit-9-varianti\/","url":"https:\/\/voblafishing.ee\/toode\/ujuv-kombe-westin-w4-flotation-suit-9-varianti\/","name":"Ujuv kombe WESTIN W4 Flotation Suit (9 varianti)","isPartOf":{"@id":"https:\/\/voblafishing.ee\/#website"},"primaryImageOfPage":{"@id":"https:\/\/voblafishing.ee\/toode\/ujuv-kombe-westin-w4-flotation-suit-9-varianti\/#primaryimage"},"image":{"@id":"https:\/\/voblafishing.ee\/toode\/ujuv-kombe-westin-w4-flotation-suit-9-varianti\/#primaryimage"},"thumbnailUrl":"https:\/\/voblafishing.ee\/wp-content\/uploads\/2022\/09\/A02-409-XXL.jpg","datePublished":"2026-01-26T13:55:49+00:00","dateModified":"2026-01-26T15:00:37+00:00","breadcrumb":{"@id":"https:\/\/voblafishing.ee\/toode\/ujuv-kombe-westin-w4-flotation-suit-9-varianti\/#breadcrumb"},"inLanguage":"en-GB","potentialAction":[{"@type":"ReadAction","target":["https:\/\/voblafishing.ee\/toode\/ujuv-kombe-westin-w4-flotation-suit-9-varianti\/"]}]},{"@type":"ImageObject","inLanguage":"en-GB","@id":"https:\/\/voblafishing.ee\/toode\/ujuv-kombe-westin-w4-flotation-suit-9-varianti\/#primaryimage","url":"https:\/\/voblafishing.ee\/wp-content\/uploads\/2022\/09\/A02-409-XXL.jpg","contentUrl":"https:\/\/voblafishing.ee\/wp-content\/uploads\/2022\/09\/A02-409-XXL.jpg","width":800,"height":800,"caption":"A02-409-XXL.jpg"},{"@type":"BreadcrumbList","@id":"https:\/\/voblafishing.ee\/toode\/ujuv-kombe-westin-w4-flotation-suit-9-varianti\/#breadcrumb","itemListElement":[{"@type":"ListItem","position":1,"name":"Esileht","item":"https:\/\/voblafishing.ee\/"},{"@type":"ListItem","position":2,"name":"Pood","item":"https:\/\/voblafishing.ee\/pood\/"},{"@type":"ListItem","position":3,"name":"Ujuv kombe WESTIN W4 Flotation Suit (9 varianti)"}]},{"@type":"WebSite","@id":"https:\/\/voblafishing.ee\/#website","url":"https:\/\/voblafishing.ee\/","name":"Voblafishing - Kalastustarbed","description":"Kalstustarvete m&uuml;&uuml;k. Landid, ridvad, rullid, n&ouml;&ouml;rid, v&otilde;dikud, jigipead","publisher":{"@id":"https:\/\/voblafishing.ee\/#organization"},"potentialAction":[{"@type":"SearchAction","target":{"@type":"EntryPoint","urlTemplate":"https:\/\/voblafishing.ee\/?s={search_term_string}"},"query-input":{"@type":"PropertyValueSpecification","valueRequired":true,"valueName":"search_term_string"}}],"inLanguage":"en-GB"},{"@type":"Organization","@id":"https:\/\/voblafishing.ee\/#organization","name":"Voblafishing - Kalastustarbed","url":"https:\/\/voblafishing.ee\/","logo":{"@type":"ImageObject","inLanguage":"en-GB","@id":"https:\/\/voblafishing.ee\/#\/schema\/logo\/image\/","url":"https:\/\/voblafishing.ee\/wp-content\/uploads\/2021\/09\/Vobla-ymargune.png","contentUrl":"https:\/\/voblafishing.ee\/wp-content\/uploads\/2021\/09\/Vobla-ymargune.png","width":300,"height":300,"caption":"Voblafishing - Kalastustarbed"},"image":{"@id":"https:\/\/voblafishing.ee\/#\/schema\/logo\/image\/"},"sameAs":["https:\/\/www.facebook.com\/tartuvobla"]}]}},"_links":{"self":[{"href":"https:\/\/voblafishing.ee\/en\/wp-json\/wp\/v2\/product\/106373","targetHints":{"allow":["GET"]}}],"collection":[{"href":"https:\/\/voblafishing.ee\/en\/wp-json\/wp\/v2\/product"}],"about":[{"href":"https:\/\/voblafishing.ee\/en\/wp-json\/wp\/v2\/types\/product"}],"version-history":[{"count":3,"href":"https:\/\/voblafishing.ee\/en\/wp-json\/wp\/v2\/product\/106373\/revisions"}],"predecessor-version":[{"id":106397,"href":"https:\/\/voblafishing.ee\/en\/wp-json\/wp\/v2\/product\/106373\/revisions\/106397"}],"wp:featuredmedia":[{"embeddable":true,"href":"https:\/\/voblafishing.ee\/en\/wp-json\/wp\/v2\/media\/76037"}],"wp:attachment":[{"href":"https:\/\/voblafishing.ee\/en\/wp-json\/wp\/v2\/media?parent=106373"}],"wp:term":[{"taxonomy":"product_brand","embeddable":true,"href":"https:\/\/voblafishing.ee\/en\/wp-json\/wp\/v2\/product_brand?post=106373"},{"taxonomy":"product_cat","embeddable":true,"href":"https:\/\/voblafishing.ee\/en\/wp-json\/wp\/v2\/product_cat?post=106373"},{"taxonomy":"product_tag","embeddable":true,"href":"https:\/\/voblafishing.ee\/en\/wp-json\/wp\/v2\/product_tag?post=106373"}],"curies":[{"name":"wp","href":"https:\/\/api.w.org\/{rel}","templated":true}]}}