{"id":106385,"date":"2026-01-26T16:06:35","date_gmt":"2026-01-26T14:06:35","guid":{"rendered":"https:\/\/voblafishing.ee\/?post_type=product&#038;p=106385"},"modified":"2026-01-26T17:00:16","modified_gmt":"2026-01-26T15:00:16","slug":"ujuv-kombe-westin-w6-flotation-suit","status":"publish","type":"product","link":"https:\/\/voblafishing.ee\/en\/product\/ujuv-kombe-westin-w6-flotation-suit\/","title":{"rendered":"Ujuv kombe WESTIN W6 Flotation Suit (6 varianti)"},"content":{"rendered":"<p>See ujuv\u00fclikond on disainitud ja arendatud \u00fche eesm\u00e4rgiga \u2013 luua igas m\u00f5ttes parim ujuv\u00fclikond. Algusest peale on \u00fclikond loodud sobima ja vastama t\u00fc\u00fcpilisele entusiastlikule kalamehele. Ohutus, vastupidavus, praktilised detailid ja tihe istuvus, mis v\u00f5imaldab kandjal vabalt liikuda, on k\u00f5ik selle \u00fclikonna olulised omadused. K\u00f5ik need on omadused, mida hindate iga kord, kui ilm halvaks l\u00e4heb. Mitmete merekalastuslaagrite palvel oleme sellele \u00fclikonnale uue lukukujunduse teinud, kasutades parimat saadaolevat YKK luku ja tagades, et \u00fckski kangaosa ei j\u00e4\u00e4ks kinni. K\u00f5ik see on tehtud, sest me teame, et kui ujuv\u00fclikond talub ulatuslikku rendikasutust, siis see peab vastu k\u00f5igele!<\/p>\n<p>Materjal:<\/p>\n<p>PU-kattega 189Tx320D Taslon, teibitud \u00f5mblused<br \/>\nDS\/EN ISO 12402-6 sertifikaat<br \/>\n8 praktilist taskut<br \/>\nIntegreeritud kerge tugis\u00fcsteem<br \/>\nHelina n\u00e4htav, kollane kokkupandav kapuuts<br \/>\nK-rihmaga 64\/36 tugevdused p\u00f5lvedel ja seljaosas<br \/>\nIntegreeritud reguleeritav neopreenv\u00f6\u00f6<br \/>\nReguleeritavad p\u00f5lverihmad<br \/>\nEesmine tasku Veekindlad &#8220;kergesti haaratavad&#8221; YKK lukud<br \/>\nPaindlik ja kerge vaht<br \/>\n3M Scotchlite helkurlint<br \/>\n6 &#8220;kergesti ligip\u00e4\u00e4setavat&#8221; taskut<br \/>\n2 fliisist isoleeritud taskut<br \/>\nNeopreenist varrukamansetid<br \/>\nTopelt reguleeritavad jalamansetid<br \/>\nT\u00e4iuslik istuvus, disainitud t\u00fc\u00fcpilisele Skandinaavia kehaehitusele<br \/>\nRaadio-\/telefonitasku \u00f5lal (mitte veekindel)<br \/>\nT\u00f5hus v\u00f5rgust \u00e4ravool mansettidel ja pahkluudel<br \/>\nEkstra k\u00f5rge krae pehme polstriga optimaalse tuulekaitse tagamiseks<br \/>\nUus, t\u00e4iustatud YKK peamise luku konstruktsioon<\/p>\n<p>**Suuruste tabeli leiad siit** -&gt; (https:\/\/www.westin-fishing.com\/en\/this-is-westin\/size-guide-for-flotation-suit)<\/p>\n<p>**Ujuv kombe kontroll dokumendid** -&gt; (https:\/\/www.westin-fishing.com\/en\/this-is-westin\/document-of-control\/W6-Flotation-suit)<\/p>","protected":false},"excerpt":{"rendered":"<p>See ujuv\u00fclikond on disainitud ja arendatud \u00fche eesm\u00e4rgiga \u2013 luua igas m\u00f5ttes parim ujuv\u00fclikond. Algusest peale on \u00fclikond loodud sobima<\/p>","protected":false},"featured_media":76042,"template":"","meta":{"_monsterinsights_skip_tracking":false,"_monsterinsights_sitenote_active":false,"_monsterinsights_sitenote_note":"","_monsterinsights_sitenote_category":0},"product_brand":[],"product_cat":[576,575,2505],"product_tag":[],"class_list":{"0":"post-106385","1":"product","2":"type-product","3":"status-publish","4":"has-post-thumbnail","6":"product_cat-kombed","7":"product_cat-roivad-ja-jalatsid","8":"product_cat-ujuv-kombe","9":"pa_suurus-xxl","10":"pa_suurus-l","11":"pa_suurus-m","12":"pa_suurus-xl","13":"pa_suurus-s","14":"pa_suurus-3xl","16":"first","17":"instock","18":"shipping-taxable","19":"purchasable","20":"product-type-variable"},"yoast_head":"<!-- This site is optimized with the Yoast SEO Premium plugin v18.1 (Yoast SEO v26.6) - https:\/\/yoast.com\/wordpress\/plugins\/seo\/ -->\n<title>Voblafishing &#8211; Kalastustarbed<\/title>\n<meta name=\"robots\" content=\"index, follow, max-snippet:-1, max-image-preview:large, max-video-preview:-1\" \/>\n<link rel=\"canonical\" href=\"https:\/\/voblafishing.ee\/en\/product\/ujuv-kombe-westin-w6-flotation-suit\/\" \/>\n<meta property=\"og:locale\" content=\"en_GB\" \/>\n<meta property=\"og:type\" content=\"article\" \/>\n<meta property=\"og:title\" content=\"Ujuv kombe WESTIN W6 Flotation Suit (6 varianti)\" \/>\n<meta property=\"og:description\" content=\"See ujuv\u00fclikond on disainitud ja arendatud \u00fche eesm\u00e4rgiga \u2013 luua igas m\u00f5ttes parim ujuv\u00fclikond. Algusest peale on \u00fclikond loodud sobima\" \/>\n<meta property=\"og:url\" content=\"https:\/\/voblafishing.ee\/en\/product\/ujuv-kombe-westin-w6-flotation-suit\/\" \/>\n<meta property=\"og:site_name\" content=\"Voblafishing - Kalastustarbed\" \/>\n<meta property=\"article:publisher\" content=\"https:\/\/www.facebook.com\/tartuvobla\" \/>\n<meta property=\"article:modified_time\" content=\"2026-01-26T15:00:16+00:00\" \/>\n<meta property=\"og:image\" content=\"https:\/\/voblafishing.ee\/wp-content\/uploads\/2022\/09\/A01-410-3XL.jpg\" \/>\n\t<meta property=\"og:image:width\" content=\"800\" \/>\n\t<meta property=\"og:image:height\" content=\"800\" \/>\n\t<meta property=\"og:image:type\" content=\"image\/jpeg\" \/>\n<meta name=\"twitter:card\" content=\"summary_large_image\" \/>\n<meta name=\"twitter:label1\" content=\"Estimated reading time\" \/>\n\t<meta name=\"twitter:data1\" content=\"2 minutes\" \/>\n<!-- \/ Yoast SEO Premium plugin. -->","yoast_head_json":{"title":"Voblafishing &#8211; Kalastustarbed","robots":{"index":"index","follow":"follow","max-snippet":"max-snippet:-1","max-image-preview":"max-image-preview:large","max-video-preview":"max-video-preview:-1"},"canonical":"https:\/\/voblafishing.ee\/en\/product\/ujuv-kombe-westin-w6-flotation-suit\/","og_locale":"en_GB","og_type":"article","og_title":"Ujuv kombe WESTIN W6 Flotation Suit (6 varianti)","og_description":"See ujuv\u00fclikond on disainitud ja arendatud \u00fche eesm\u00e4rgiga \u2013 luua igas m\u00f5ttes parim ujuv\u00fclikond. Algusest peale on \u00fclikond loodud sobima","og_url":"https:\/\/voblafishing.ee\/en\/product\/ujuv-kombe-westin-w6-flotation-suit\/","og_site_name":"Voblafishing - Kalastustarbed","article_publisher":"https:\/\/www.facebook.com\/tartuvobla","article_modified_time":"2026-01-26T15:00:16+00:00","og_image":[{"width":800,"height":800,"url":"https:\/\/voblafishing.ee\/wp-content\/uploads\/2022\/09\/A01-410-3XL.jpg","type":"image\/jpeg"}],"twitter_card":"summary_large_image","twitter_misc":{"Estimated reading time":"2 minutes"},"schema":{"@context":"https:\/\/schema.org","@graph":[{"@type":"WebPage","@id":"https:\/\/voblafishing.ee\/toode\/ujuv-kombe-westin-w6-flotation-suit\/","url":"https:\/\/voblafishing.ee\/toode\/ujuv-kombe-westin-w6-flotation-suit\/","name":"Ujuv kombe WESTIN W6 Flotation Suit (6 varianti)","isPartOf":{"@id":"https:\/\/voblafishing.ee\/#website"},"primaryImageOfPage":{"@id":"https:\/\/voblafishing.ee\/toode\/ujuv-kombe-westin-w6-flotation-suit\/#primaryimage"},"image":{"@id":"https:\/\/voblafishing.ee\/toode\/ujuv-kombe-westin-w6-flotation-suit\/#primaryimage"},"thumbnailUrl":"https:\/\/voblafishing.ee\/wp-content\/uploads\/2022\/09\/A01-410-3XL.jpg","datePublished":"2026-01-26T14:06:35+00:00","dateModified":"2026-01-26T15:00:16+00:00","breadcrumb":{"@id":"https:\/\/voblafishing.ee\/toode\/ujuv-kombe-westin-w6-flotation-suit\/#breadcrumb"},"inLanguage":"en-GB","potentialAction":[{"@type":"ReadAction","target":["https:\/\/voblafishing.ee\/toode\/ujuv-kombe-westin-w6-flotation-suit\/"]}]},{"@type":"ImageObject","inLanguage":"en-GB","@id":"https:\/\/voblafishing.ee\/toode\/ujuv-kombe-westin-w6-flotation-suit\/#primaryimage","url":"https:\/\/voblafishing.ee\/wp-content\/uploads\/2022\/09\/A01-410-3XL.jpg","contentUrl":"https:\/\/voblafishing.ee\/wp-content\/uploads\/2022\/09\/A01-410-3XL.jpg","width":800,"height":800,"caption":"A01-410-3XL.jpg"},{"@type":"BreadcrumbList","@id":"https:\/\/voblafishing.ee\/toode\/ujuv-kombe-westin-w6-flotation-suit\/#breadcrumb","itemListElement":[{"@type":"ListItem","position":1,"name":"Esileht","item":"https:\/\/voblafishing.ee\/"},{"@type":"ListItem","position":2,"name":"Pood","item":"https:\/\/voblafishing.ee\/pood\/"},{"@type":"ListItem","position":3,"name":"Ujuv kombe WESTIN W6 Flotation Suit (6 varianti)"}]},{"@type":"WebSite","@id":"https:\/\/voblafishing.ee\/#website","url":"https:\/\/voblafishing.ee\/","name":"Voblafishing - Kalastustarbed","description":"Kalstustarvete m&uuml;&uuml;k. Landid, ridvad, rullid, n&ouml;&ouml;rid, v&otilde;dikud, jigipead","publisher":{"@id":"https:\/\/voblafishing.ee\/#organization"},"potentialAction":[{"@type":"SearchAction","target":{"@type":"EntryPoint","urlTemplate":"https:\/\/voblafishing.ee\/?s={search_term_string}"},"query-input":{"@type":"PropertyValueSpecification","valueRequired":true,"valueName":"search_term_string"}}],"inLanguage":"en-GB"},{"@type":"Organization","@id":"https:\/\/voblafishing.ee\/#organization","name":"Voblafishing - Kalastustarbed","url":"https:\/\/voblafishing.ee\/","logo":{"@type":"ImageObject","inLanguage":"en-GB","@id":"https:\/\/voblafishing.ee\/#\/schema\/logo\/image\/","url":"https:\/\/voblafishing.ee\/wp-content\/uploads\/2021\/09\/Vobla-ymargune.png","contentUrl":"https:\/\/voblafishing.ee\/wp-content\/uploads\/2021\/09\/Vobla-ymargune.png","width":300,"height":300,"caption":"Voblafishing - Kalastustarbed"},"image":{"@id":"https:\/\/voblafishing.ee\/#\/schema\/logo\/image\/"},"sameAs":["https:\/\/www.facebook.com\/tartuvobla"]}]}},"_links":{"self":[{"href":"https:\/\/voblafishing.ee\/en\/wp-json\/wp\/v2\/product\/106385","targetHints":{"allow":["GET"]}}],"collection":[{"href":"https:\/\/voblafishing.ee\/en\/wp-json\/wp\/v2\/product"}],"about":[{"href":"https:\/\/voblafishing.ee\/en\/wp-json\/wp\/v2\/types\/product"}],"version-history":[{"count":3,"href":"https:\/\/voblafishing.ee\/en\/wp-json\/wp\/v2\/product\/106385\/revisions"}],"predecessor-version":[{"id":106395,"href":"https:\/\/voblafishing.ee\/en\/wp-json\/wp\/v2\/product\/106385\/revisions\/106395"}],"wp:featuredmedia":[{"embeddable":true,"href":"https:\/\/voblafishing.ee\/en\/wp-json\/wp\/v2\/media\/76042"}],"wp:attachment":[{"href":"https:\/\/voblafishing.ee\/en\/wp-json\/wp\/v2\/media?parent=106385"}],"wp:term":[{"taxonomy":"product_brand","embeddable":true,"href":"https:\/\/voblafishing.ee\/en\/wp-json\/wp\/v2\/product_brand?post=106385"},{"taxonomy":"product_cat","embeddable":true,"href":"https:\/\/voblafishing.ee\/en\/wp-json\/wp\/v2\/product_cat?post=106385"},{"taxonomy":"product_tag","embeddable":true,"href":"https:\/\/voblafishing.ee\/en\/wp-json\/wp\/v2\/product_tag?post=106385"}],"curies":[{"name":"wp","href":"https:\/\/api.w.org\/{rel}","templated":true}]}}