{"id":106443,"date":"2026-01-26T17:04:25","date_gmt":"2026-01-26T15:04:25","guid":{"rendered":"https:\/\/voblafishing.ee\/?post_type=product&#038;p=106443"},"modified":"2026-01-26T17:08:09","modified_gmt":"2026-01-26T15:08:09","slug":"pusa-westin-script-hoodie-black-6-varianti","status":"publish","type":"product","link":"https:\/\/voblafishing.ee\/en\/product\/pusa-westin-script-hoodie-black-6-varianti\/","title":{"rendered":"Pusa WESTIN Script Hoodie Black (6 varianti)"},"content":{"rendered":"<p>Klassikaline tagasihoidlik kapuutsiga dressipluus, mis n\u00e4eb suurep\u00e4rane v\u00e4lja nii pangas kui ka v\u00e4ljaspool seda. Suur Westini \u201eClassic\u201d logo keerleb \u00fcmber parema varruka, andes peene ja modernse disaini. Kapuutsil on kasulik k\u00e4ngurutasku ja pingutusn\u00f6\u00f6riga kapuuts, mis hoiavad t\u00fc\u00fctud tuulet\u00f5mbuse eemal. Saadaval musta ja halli melan\u017ev\u00e4rvides. T\u00e4ieliku v\u00e4limuse saamiseks kombineeri sobiva Script T-s\u00e4rgi ja Script nokam\u00fctsiga.<\/p>\n<p>80% puuvill\/20% pol\u00fcester<br \/>\n320 g\/m\u00b2<br \/>\nHarjatud tagak\u00fclg<br \/>\nPingutusn\u00f6\u00f6riga kapuuts<br \/>\nK\u00e4ngurutasku<br \/>\nMugav siltideta kaelusprint<\/p>\n<p><b>**Suuruste tabeli leiad siit** -&gt; https:\/\/www.westin-fishing.com\/en\/this-is-westin\/size-guide\/<\/b><\/p>","protected":false},"excerpt":{"rendered":"<p>Klassikaline tagasihoidlik kapuutsiga dressipluus, mis n\u00e4eb suurep\u00e4rane v\u00e4lja nii pangas kui ka v\u00e4ljaspool seda. Suur Westini \u201eClassic\u201d logo keerleb \u00fcmber<\/p>","protected":false},"featured_media":106450,"template":"","meta":{"_monsterinsights_skip_tracking":false,"_monsterinsights_sitenote_active":false,"_monsterinsights_sitenote_note":"","_monsterinsights_sitenote_category":0},"product_brand":[],"product_cat":[979,575],"product_tag":[],"class_list":{"0":"post-106443","1":"product","2":"type-product","3":"status-publish","4":"has-post-thumbnail","6":"product_cat-joped","7":"product_cat-roivad-ja-jalatsid","8":"pa_suurus-xxl","9":"pa_suurus-l","10":"pa_suurus-m","11":"pa_suurus-xl","12":"pa_suurus-s","13":"pa_suurus-3xl","15":"first","16":"instock","17":"shipping-taxable","18":"purchasable","19":"product-type-variable"},"yoast_head":"<!-- This site is optimized with the Yoast SEO Premium plugin v18.1 (Yoast SEO v26.6) - https:\/\/yoast.com\/wordpress\/plugins\/seo\/ -->\n<title>Voblafishing &#8211; Kalastustarbed<\/title>\n<meta name=\"robots\" content=\"index, follow, max-snippet:-1, max-image-preview:large, max-video-preview:-1\" \/>\n<link rel=\"canonical\" href=\"https:\/\/voblafishing.ee\/en\/product\/pusa-westin-script-hoodie-black-6-varianti\/\" \/>\n<meta property=\"og:locale\" content=\"en_GB\" \/>\n<meta property=\"og:type\" content=\"article\" \/>\n<meta property=\"og:title\" content=\"Pusa WESTIN Script Hoodie Black (6 varianti)\" \/>\n<meta property=\"og:description\" content=\"Klassikaline tagasihoidlik kapuutsiga dressipluus, mis n\u00e4eb suurep\u00e4rane v\u00e4lja nii pangas kui ka v\u00e4ljaspool seda. Suur Westini \u201eClassic\u201d logo keerleb \u00fcmber\" \/>\n<meta property=\"og:url\" content=\"https:\/\/voblafishing.ee\/en\/product\/pusa-westin-script-hoodie-black-6-varianti\/\" \/>\n<meta property=\"og:site_name\" content=\"Voblafishing - Kalastustarbed\" \/>\n<meta property=\"article:publisher\" content=\"https:\/\/www.facebook.com\/tartuvobla\" \/>\n<meta property=\"article:modified_time\" content=\"2026-01-26T15:08:09+00:00\" \/>\n<meta property=\"og:image\" content=\"https:\/\/voblafishing.ee\/wp-content\/uploads\/2026\/01\/a256_1044_script-hoodie_headline.jpg\" \/>\n\t<meta property=\"og:image:width\" content=\"1024\" \/>\n\t<meta property=\"og:image:height\" content=\"768\" \/>\n\t<meta property=\"og:image:type\" content=\"image\/jpeg\" \/>\n<meta name=\"twitter:card\" content=\"summary_large_image\" \/>\n<meta name=\"twitter:label1\" content=\"Estimated reading time\" \/>\n\t<meta name=\"twitter:data1\" content=\"1 minute\" \/>\n<!-- \/ Yoast SEO Premium plugin. -->","yoast_head_json":{"title":"Voblafishing &#8211; Kalastustarbed","robots":{"index":"index","follow":"follow","max-snippet":"max-snippet:-1","max-image-preview":"max-image-preview:large","max-video-preview":"max-video-preview:-1"},"canonical":"https:\/\/voblafishing.ee\/en\/product\/pusa-westin-script-hoodie-black-6-varianti\/","og_locale":"en_GB","og_type":"article","og_title":"Pusa WESTIN Script Hoodie Black (6 varianti)","og_description":"Klassikaline tagasihoidlik kapuutsiga dressipluus, mis n\u00e4eb suurep\u00e4rane v\u00e4lja nii pangas kui ka v\u00e4ljaspool seda. Suur Westini \u201eClassic\u201d logo keerleb \u00fcmber","og_url":"https:\/\/voblafishing.ee\/en\/product\/pusa-westin-script-hoodie-black-6-varianti\/","og_site_name":"Voblafishing - Kalastustarbed","article_publisher":"https:\/\/www.facebook.com\/tartuvobla","article_modified_time":"2026-01-26T15:08:09+00:00","og_image":[{"width":1024,"height":768,"url":"https:\/\/voblafishing.ee\/wp-content\/uploads\/2026\/01\/a256_1044_script-hoodie_headline.jpg","type":"image\/jpeg"}],"twitter_card":"summary_large_image","twitter_misc":{"Estimated reading time":"1 minute"},"schema":{"@context":"https:\/\/schema.org","@graph":[{"@type":"WebPage","@id":"https:\/\/voblafishing.ee\/toode\/pusa-westin-script-hoodie-black-6-varianti\/","url":"https:\/\/voblafishing.ee\/toode\/pusa-westin-script-hoodie-black-6-varianti\/","name":"Pusa WESTIN Script Hoodie Black (6 varianti)","isPartOf":{"@id":"https:\/\/voblafishing.ee\/#website"},"primaryImageOfPage":{"@id":"https:\/\/voblafishing.ee\/toode\/pusa-westin-script-hoodie-black-6-varianti\/#primaryimage"},"image":{"@id":"https:\/\/voblafishing.ee\/toode\/pusa-westin-script-hoodie-black-6-varianti\/#primaryimage"},"thumbnailUrl":"https:\/\/voblafishing.ee\/wp-content\/uploads\/2026\/01\/a256_1044_script-hoodie_headline.jpg","datePublished":"2026-01-26T15:04:25+00:00","dateModified":"2026-01-26T15:08:09+00:00","breadcrumb":{"@id":"https:\/\/voblafishing.ee\/toode\/pusa-westin-script-hoodie-black-6-varianti\/#breadcrumb"},"inLanguage":"en-GB","potentialAction":[{"@type":"ReadAction","target":["https:\/\/voblafishing.ee\/toode\/pusa-westin-script-hoodie-black-6-varianti\/"]}]},{"@type":"ImageObject","inLanguage":"en-GB","@id":"https:\/\/voblafishing.ee\/toode\/pusa-westin-script-hoodie-black-6-varianti\/#primaryimage","url":"https:\/\/voblafishing.ee\/wp-content\/uploads\/2026\/01\/a256_1044_script-hoodie_headline.jpg","contentUrl":"https:\/\/voblafishing.ee\/wp-content\/uploads\/2026\/01\/a256_1044_script-hoodie_headline.jpg","width":1024,"height":768},{"@type":"BreadcrumbList","@id":"https:\/\/voblafishing.ee\/toode\/pusa-westin-script-hoodie-black-6-varianti\/#breadcrumb","itemListElement":[{"@type":"ListItem","position":1,"name":"Esileht","item":"https:\/\/voblafishing.ee\/"},{"@type":"ListItem","position":2,"name":"Pood","item":"https:\/\/voblafishing.ee\/pood\/"},{"@type":"ListItem","position":3,"name":"Pusa WESTIN Script Hoodie Black (6 varianti)"}]},{"@type":"WebSite","@id":"https:\/\/voblafishing.ee\/#website","url":"https:\/\/voblafishing.ee\/","name":"Voblafishing - Kalastustarbed","description":"Kalstustarvete m&uuml;&uuml;k. Landid, ridvad, rullid, n&ouml;&ouml;rid, v&otilde;dikud, jigipead","publisher":{"@id":"https:\/\/voblafishing.ee\/#organization"},"potentialAction":[{"@type":"SearchAction","target":{"@type":"EntryPoint","urlTemplate":"https:\/\/voblafishing.ee\/?s={search_term_string}"},"query-input":{"@type":"PropertyValueSpecification","valueRequired":true,"valueName":"search_term_string"}}],"inLanguage":"en-GB"},{"@type":"Organization","@id":"https:\/\/voblafishing.ee\/#organization","name":"Voblafishing - Kalastustarbed","url":"https:\/\/voblafishing.ee\/","logo":{"@type":"ImageObject","inLanguage":"en-GB","@id":"https:\/\/voblafishing.ee\/#\/schema\/logo\/image\/","url":"https:\/\/voblafishing.ee\/wp-content\/uploads\/2021\/09\/Vobla-ymargune.png","contentUrl":"https:\/\/voblafishing.ee\/wp-content\/uploads\/2021\/09\/Vobla-ymargune.png","width":300,"height":300,"caption":"Voblafishing - Kalastustarbed"},"image":{"@id":"https:\/\/voblafishing.ee\/#\/schema\/logo\/image\/"},"sameAs":["https:\/\/www.facebook.com\/tartuvobla"]}]}},"_links":{"self":[{"href":"https:\/\/voblafishing.ee\/en\/wp-json\/wp\/v2\/product\/106443","targetHints":{"allow":["GET"]}}],"collection":[{"href":"https:\/\/voblafishing.ee\/en\/wp-json\/wp\/v2\/product"}],"about":[{"href":"https:\/\/voblafishing.ee\/en\/wp-json\/wp\/v2\/types\/product"}],"version-history":[{"count":1,"href":"https:\/\/voblafishing.ee\/en\/wp-json\/wp\/v2\/product\/106443\/revisions"}],"predecessor-version":[{"id":106451,"href":"https:\/\/voblafishing.ee\/en\/wp-json\/wp\/v2\/product\/106443\/revisions\/106451"}],"wp:featuredmedia":[{"embeddable":true,"href":"https:\/\/voblafishing.ee\/en\/wp-json\/wp\/v2\/media\/106450"}],"wp:attachment":[{"href":"https:\/\/voblafishing.ee\/en\/wp-json\/wp\/v2\/media?parent=106443"}],"wp:term":[{"taxonomy":"product_brand","embeddable":true,"href":"https:\/\/voblafishing.ee\/en\/wp-json\/wp\/v2\/product_brand?post=106443"},{"taxonomy":"product_cat","embeddable":true,"href":"https:\/\/voblafishing.ee\/en\/wp-json\/wp\/v2\/product_cat?post=106443"},{"taxonomy":"product_tag","embeddable":true,"href":"https:\/\/voblafishing.ee\/en\/wp-json\/wp\/v2\/product_tag?post=106443"}],"curies":[{"name":"wp","href":"https:\/\/api.w.org\/{rel}","templated":true}]}}