{"id":106556,"date":"2026-01-27T10:19:53","date_gmt":"2026-01-27T08:19:53","guid":{"rendered":"https:\/\/voblafishing.ee\/?post_type=product&#038;p=106556"},"modified":"2026-01-27T10:22:16","modified_gmt":"2026-01-27T08:22:16","slug":"kindad-westin-winter-gloves-3-varianti","status":"publish","type":"product","link":"https:\/\/voblafishing.ee\/en\/product\/kindad-westin-winter-gloves-3-varianti\/","title":{"rendered":"Kindad WESTIN Winter Gloves (3 varianti)"},"content":{"rendered":"<p>WESTIN WINTER GLOVES on \u00fclimalt tihedalt istuvad veekindlad kindad, mis hoiavad teid kuivana ja mugavalt igasuguse m\u00e4rja ilmaga. Funktsionaalne viie s\u00f5rmega disain, mis on valmistatud praktilisest kolmekihilisest pehmest kangast, mis kaitseb ilmastiku eest. Vastupidav silikoontr\u00fckiga s\u00fcnteetiline nahkpeopesa tagab suurep\u00e4rase haarduvuse ja suurema vastupidavuse. Vooderdatud 3M\u2122 Thinsulate\u2122 materjaliga ja kiiresti kuivava sisemise fliisiga, mis aitab kindaid k\u00e4tte panna isegi m\u00e4rgade k\u00e4tega. Varustatud reguleeritava takjakinnitusega randme sisek\u00fcljel ja pikema kinnastega, et tagada suurep\u00e4rane kaitse ja ideaalne sobivus.<\/p>\n<p>Kolmekihiline veekindel, tuulekindel ja hingav pehme materjal<br \/>\n60% nailon\/30% PU\/10% elastaan<br \/>\n3M\u2122 Thinsulate\u2122 isolatsioon suurep\u00e4rase soojuse tagamiseks<br \/>\nPaindlik ja vastupidav s\u00fcnteetiline nahkpeopesa silikoontr\u00fckiga<br \/>\nPuuteekraaniga \u00fchilduv<\/p>\n<p>**Suuruste tabeli leiad siit** -&gt; https:\/\/www.westin-fishing.com\/en\/this-is-westin\/size-guide<\/p>","protected":false},"excerpt":{"rendered":"<p>WESTIN WINTER GLOVES on \u00fclimalt tihedalt istuvad veekindlad kindad, mis hoiavad teid kuivana ja mugavalt igasuguse m\u00e4rja ilmaga. Funktsionaalne viie<\/p>","protected":false},"featured_media":106560,"template":"","meta":{"_monsterinsights_skip_tracking":false,"_monsterinsights_sitenote_active":false,"_monsterinsights_sitenote_note":"","_monsterinsights_sitenote_category":0},"product_brand":[],"product_cat":[927,575],"product_tag":[],"class_list":{"0":"post-106556","1":"product","2":"type-product","3":"status-publish","4":"has-post-thumbnail","6":"product_cat-kindad","7":"product_cat-roivad-ja-jalatsid","8":"pa_suurus-l","9":"pa_suurus-m","10":"pa_suurus-xl","12":"first","13":"instock","14":"shipping-taxable","15":"purchasable","16":"product-type-variable"},"yoast_head":"<!-- This site is optimized with the Yoast SEO Premium plugin v18.1 (Yoast SEO v26.6) - https:\/\/yoast.com\/wordpress\/plugins\/seo\/ -->\n<title>Voblafishing &#8211; Kalastustarbed<\/title>\n<meta name=\"robots\" content=\"index, follow, max-snippet:-1, max-image-preview:large, max-video-preview:-1\" \/>\n<link rel=\"canonical\" href=\"https:\/\/voblafishing.ee\/en\/product\/kindad-westin-winter-gloves-3-varianti\/\" \/>\n<meta property=\"og:locale\" content=\"en_GB\" \/>\n<meta property=\"og:type\" content=\"article\" \/>\n<meta property=\"og:title\" content=\"Kindad WESTIN Winter Gloves (3 varianti)\" \/>\n<meta property=\"og:description\" content=\"WESTIN WINTER GLOVES on \u00fclimalt tihedalt istuvad veekindlad kindad, mis hoiavad teid kuivana ja mugavalt igasuguse m\u00e4rja ilmaga. Funktsionaalne viie\" \/>\n<meta property=\"og:url\" content=\"https:\/\/voblafishing.ee\/en\/product\/kindad-westin-winter-gloves-3-varianti\/\" \/>\n<meta property=\"og:site_name\" content=\"Voblafishing - Kalastustarbed\" \/>\n<meta property=\"article:publisher\" content=\"https:\/\/www.facebook.com\/tartuvobla\" \/>\n<meta property=\"article:modified_time\" content=\"2026-01-27T08:22:16+00:00\" \/>\n<meta property=\"og:image\" content=\"https:\/\/voblafishing.ee\/wp-content\/uploads\/2026\/01\/a226_winter-gloves_headline.jpg\" \/>\n\t<meta property=\"og:image:width\" content=\"1600\" \/>\n\t<meta property=\"og:image:height\" content=\"1200\" \/>\n\t<meta property=\"og:image:type\" content=\"image\/jpeg\" \/>\n<meta name=\"twitter:card\" content=\"summary_large_image\" \/>\n<meta name=\"twitter:label1\" content=\"Estimated reading time\" \/>\n\t<meta name=\"twitter:data1\" content=\"1 minute\" \/>\n<!-- \/ Yoast SEO Premium plugin. -->","yoast_head_json":{"title":"Voblafishing &#8211; Kalastustarbed","robots":{"index":"index","follow":"follow","max-snippet":"max-snippet:-1","max-image-preview":"max-image-preview:large","max-video-preview":"max-video-preview:-1"},"canonical":"https:\/\/voblafishing.ee\/en\/product\/kindad-westin-winter-gloves-3-varianti\/","og_locale":"en_GB","og_type":"article","og_title":"Kindad WESTIN Winter Gloves (3 varianti)","og_description":"WESTIN WINTER GLOVES on \u00fclimalt tihedalt istuvad veekindlad kindad, mis hoiavad teid kuivana ja mugavalt igasuguse m\u00e4rja ilmaga. Funktsionaalne viie","og_url":"https:\/\/voblafishing.ee\/en\/product\/kindad-westin-winter-gloves-3-varianti\/","og_site_name":"Voblafishing - Kalastustarbed","article_publisher":"https:\/\/www.facebook.com\/tartuvobla","article_modified_time":"2026-01-27T08:22:16+00:00","og_image":[{"width":1600,"height":1200,"url":"https:\/\/voblafishing.ee\/wp-content\/uploads\/2026\/01\/a226_winter-gloves_headline.jpg","type":"image\/jpeg"}],"twitter_card":"summary_large_image","twitter_misc":{"Estimated reading time":"1 minute"},"schema":{"@context":"https:\/\/schema.org","@graph":[{"@type":"WebPage","@id":"https:\/\/voblafishing.ee\/toode\/kindad-westin-winter-gloves-3-varianti\/","url":"https:\/\/voblafishing.ee\/toode\/kindad-westin-winter-gloves-3-varianti\/","name":"Kindad WESTIN Winter Gloves (3 varianti)","isPartOf":{"@id":"https:\/\/voblafishing.ee\/#website"},"primaryImageOfPage":{"@id":"https:\/\/voblafishing.ee\/toode\/kindad-westin-winter-gloves-3-varianti\/#primaryimage"},"image":{"@id":"https:\/\/voblafishing.ee\/toode\/kindad-westin-winter-gloves-3-varianti\/#primaryimage"},"thumbnailUrl":"https:\/\/voblafishing.ee\/wp-content\/uploads\/2026\/01\/a226_winter-gloves_headline.jpg","datePublished":"2026-01-27T08:19:53+00:00","dateModified":"2026-01-27T08:22:16+00:00","breadcrumb":{"@id":"https:\/\/voblafishing.ee\/toode\/kindad-westin-winter-gloves-3-varianti\/#breadcrumb"},"inLanguage":"en-GB","potentialAction":[{"@type":"ReadAction","target":["https:\/\/voblafishing.ee\/toode\/kindad-westin-winter-gloves-3-varianti\/"]}]},{"@type":"ImageObject","inLanguage":"en-GB","@id":"https:\/\/voblafishing.ee\/toode\/kindad-westin-winter-gloves-3-varianti\/#primaryimage","url":"https:\/\/voblafishing.ee\/wp-content\/uploads\/2026\/01\/a226_winter-gloves_headline.jpg","contentUrl":"https:\/\/voblafishing.ee\/wp-content\/uploads\/2026\/01\/a226_winter-gloves_headline.jpg","width":1600,"height":1200},{"@type":"BreadcrumbList","@id":"https:\/\/voblafishing.ee\/toode\/kindad-westin-winter-gloves-3-varianti\/#breadcrumb","itemListElement":[{"@type":"ListItem","position":1,"name":"Esileht","item":"https:\/\/voblafishing.ee\/"},{"@type":"ListItem","position":2,"name":"Pood","item":"https:\/\/voblafishing.ee\/pood\/"},{"@type":"ListItem","position":3,"name":"Kindad WESTIN Winter Gloves (3 varianti)"}]},{"@type":"WebSite","@id":"https:\/\/voblafishing.ee\/#website","url":"https:\/\/voblafishing.ee\/","name":"Voblafishing - Kalastustarbed","description":"Kalstustarvete m&uuml;&uuml;k. Landid, ridvad, rullid, n&ouml;&ouml;rid, v&otilde;dikud, jigipead","publisher":{"@id":"https:\/\/voblafishing.ee\/#organization"},"potentialAction":[{"@type":"SearchAction","target":{"@type":"EntryPoint","urlTemplate":"https:\/\/voblafishing.ee\/?s={search_term_string}"},"query-input":{"@type":"PropertyValueSpecification","valueRequired":true,"valueName":"search_term_string"}}],"inLanguage":"en-GB"},{"@type":"Organization","@id":"https:\/\/voblafishing.ee\/#organization","name":"Voblafishing - Kalastustarbed","url":"https:\/\/voblafishing.ee\/","logo":{"@type":"ImageObject","inLanguage":"en-GB","@id":"https:\/\/voblafishing.ee\/#\/schema\/logo\/image\/","url":"https:\/\/voblafishing.ee\/wp-content\/uploads\/2021\/09\/Vobla-ymargune.png","contentUrl":"https:\/\/voblafishing.ee\/wp-content\/uploads\/2021\/09\/Vobla-ymargune.png","width":300,"height":300,"caption":"Voblafishing - Kalastustarbed"},"image":{"@id":"https:\/\/voblafishing.ee\/#\/schema\/logo\/image\/"},"sameAs":["https:\/\/www.facebook.com\/tartuvobla"]}]}},"_links":{"self":[{"href":"https:\/\/voblafishing.ee\/en\/wp-json\/wp\/v2\/product\/106556","targetHints":{"allow":["GET"]}}],"collection":[{"href":"https:\/\/voblafishing.ee\/en\/wp-json\/wp\/v2\/product"}],"about":[{"href":"https:\/\/voblafishing.ee\/en\/wp-json\/wp\/v2\/types\/product"}],"version-history":[{"count":1,"href":"https:\/\/voblafishing.ee\/en\/wp-json\/wp\/v2\/product\/106556\/revisions"}],"predecessor-version":[{"id":106561,"href":"https:\/\/voblafishing.ee\/en\/wp-json\/wp\/v2\/product\/106556\/revisions\/106561"}],"wp:featuredmedia":[{"embeddable":true,"href":"https:\/\/voblafishing.ee\/en\/wp-json\/wp\/v2\/media\/106560"}],"wp:attachment":[{"href":"https:\/\/voblafishing.ee\/en\/wp-json\/wp\/v2\/media?parent=106556"}],"wp:term":[{"taxonomy":"product_brand","embeddable":true,"href":"https:\/\/voblafishing.ee\/en\/wp-json\/wp\/v2\/product_brand?post=106556"},{"taxonomy":"product_cat","embeddable":true,"href":"https:\/\/voblafishing.ee\/en\/wp-json\/wp\/v2\/product_cat?post=106556"},{"taxonomy":"product_tag","embeddable":true,"href":"https:\/\/voblafishing.ee\/en\/wp-json\/wp\/v2\/product_tag?post=106556"}],"curies":[{"name":"wp","href":"https:\/\/api.w.org\/{rel}","templated":true}]}}