{"id":106562,"date":"2026-01-27T10:23:26","date_gmt":"2026-01-27T08:23:26","guid":{"rendered":"https:\/\/voblafishing.ee\/?post_type=product&#038;p=106562"},"modified":"2026-01-27T10:25:28","modified_gmt":"2026-01-27T08:25:28","slug":"kindad-westin-utility-gloves-3-varianti","status":"publish","type":"product","link":"https:\/\/voblafishing.ee\/en\/product\/kindad-westin-utility-gloves-3-varianti\/","title":{"rendered":"Kindad WESTIN Utility Gloves (3 varianti)"},"content":{"rendered":"<p>UTILITY NEOPRENE KINDAD on loodud kandmiseks k\u00f5ige niiskemates ja n\u00f5udlikumates tingimustes. \u00d5livaba 2 mm Terraprene neopreen pakub suurep\u00e4rast soojust t\u00e4nu oma suurep\u00e4rastele isoleerivatele omadustele, ilma et see oleks mahukas. Vastupidavad mikrokiust nahkpeopesad maksimeerivad mugavust ja tunnet ning neid t\u00e4iendavad strateegiliselt paigutatud silikoons\u00f5rme- ja peopesaj\u00e4ljed \u00fclima haarduvuse tagamiseks. 3M\u2122 Thinsulate\u2122 vooder on vetth\u00fclgav ja hallituskindel, muutes kinnaste k\u00e4ttepanemise lihtsaks isegi m\u00e4rgade k\u00e4tega ning k\u00f5rvaldades l\u00f5hnad.<\/p>\n<p>Tuulekindel \u00f5livaba neopreen<br \/>\n50% nailon\/40% PU\/10% elastaan<br \/>\n3M\u2122 Thinsulate\u2122 isolatsioon suurep\u00e4rase soojuse tagamiseks<br \/>\nHelkurelemendid parandavad n\u00e4htavust maksimaalse ohutuse tagamiseks<br \/>\nKiirelt kuivav fliisvooder lisasoojuse tagamiseks<br \/>\nSilikoontr\u00fckiga s\u00f5rmed ja peopesa vastupidava haarde tagamiseks<\/p>\n<p>**Suuruste tabeli leiad siit** -&gt; https:\/\/www.westin-fishing.com\/en\/this-is-westin\/size-guide<\/p>","protected":false},"excerpt":{"rendered":"<p>UTILITY NEOPRENE KINDAD on loodud kandmiseks k\u00f5ige niiskemates ja n\u00f5udlikumates tingimustes. \u00d5livaba 2 mm Terraprene neopreen pakub suurep\u00e4rast soojust t\u00e4nu<\/p>","protected":false},"featured_media":106566,"template":"","meta":{"_monsterinsights_skip_tracking":false,"_monsterinsights_sitenote_active":false,"_monsterinsights_sitenote_note":"","_monsterinsights_sitenote_category":0},"product_brand":[],"product_cat":[927,575],"product_tag":[],"class_list":{"0":"post-106562","1":"product","2":"type-product","3":"status-publish","4":"has-post-thumbnail","6":"product_cat-kindad","7":"product_cat-roivad-ja-jalatsid","8":"pa_suurus-l","9":"pa_suurus-m","10":"pa_suurus-xl","12":"first","13":"instock","14":"shipping-taxable","15":"purchasable","16":"product-type-variable"},"yoast_head":"<!-- This site is optimized with the Yoast SEO Premium plugin v18.1 (Yoast SEO v26.6) - https:\/\/yoast.com\/wordpress\/plugins\/seo\/ -->\n<title>Voblafishing &#8211; Kalastustarbed<\/title>\n<meta name=\"robots\" content=\"index, follow, max-snippet:-1, max-image-preview:large, max-video-preview:-1\" \/>\n<link rel=\"canonical\" href=\"https:\/\/voblafishing.ee\/en\/product\/kindad-westin-utility-gloves-3-varianti\/\" \/>\n<meta property=\"og:locale\" content=\"en_GB\" \/>\n<meta property=\"og:type\" content=\"article\" \/>\n<meta property=\"og:title\" content=\"Kindad WESTIN Utility Gloves (3 varianti)\" \/>\n<meta property=\"og:description\" content=\"UTILITY NEOPRENE KINDAD on loodud kandmiseks k\u00f5ige niiskemates ja n\u00f5udlikumates tingimustes. \u00d5livaba 2 mm Terraprene neopreen pakub suurep\u00e4rast soojust t\u00e4nu\" \/>\n<meta property=\"og:url\" content=\"https:\/\/voblafishing.ee\/en\/product\/kindad-westin-utility-gloves-3-varianti\/\" \/>\n<meta property=\"og:site_name\" content=\"Voblafishing - Kalastustarbed\" \/>\n<meta property=\"article:publisher\" content=\"https:\/\/www.facebook.com\/tartuvobla\" \/>\n<meta property=\"article:modified_time\" content=\"2026-01-27T08:25:28+00:00\" \/>\n<meta property=\"og:image\" content=\"https:\/\/voblafishing.ee\/wp-content\/uploads\/2026\/01\/a224_utility-gloves_headline.jpg\" \/>\n\t<meta property=\"og:image:width\" content=\"1024\" \/>\n\t<meta property=\"og:image:height\" content=\"768\" \/>\n\t<meta property=\"og:image:type\" content=\"image\/jpeg\" \/>\n<meta name=\"twitter:card\" content=\"summary_large_image\" \/>\n<meta name=\"twitter:label1\" content=\"Estimated reading time\" \/>\n\t<meta name=\"twitter:data1\" content=\"1 minute\" \/>\n<!-- \/ Yoast SEO Premium plugin. -->","yoast_head_json":{"title":"Voblafishing &#8211; Kalastustarbed","robots":{"index":"index","follow":"follow","max-snippet":"max-snippet:-1","max-image-preview":"max-image-preview:large","max-video-preview":"max-video-preview:-1"},"canonical":"https:\/\/voblafishing.ee\/en\/product\/kindad-westin-utility-gloves-3-varianti\/","og_locale":"en_GB","og_type":"article","og_title":"Kindad WESTIN Utility Gloves (3 varianti)","og_description":"UTILITY NEOPRENE KINDAD on loodud kandmiseks k\u00f5ige niiskemates ja n\u00f5udlikumates tingimustes. \u00d5livaba 2 mm Terraprene neopreen pakub suurep\u00e4rast soojust t\u00e4nu","og_url":"https:\/\/voblafishing.ee\/en\/product\/kindad-westin-utility-gloves-3-varianti\/","og_site_name":"Voblafishing - Kalastustarbed","article_publisher":"https:\/\/www.facebook.com\/tartuvobla","article_modified_time":"2026-01-27T08:25:28+00:00","og_image":[{"width":1024,"height":768,"url":"https:\/\/voblafishing.ee\/wp-content\/uploads\/2026\/01\/a224_utility-gloves_headline.jpg","type":"image\/jpeg"}],"twitter_card":"summary_large_image","twitter_misc":{"Estimated reading time":"1 minute"},"schema":{"@context":"https:\/\/schema.org","@graph":[{"@type":"WebPage","@id":"https:\/\/voblafishing.ee\/toode\/kindad-westin-utility-gloves-3-varianti\/","url":"https:\/\/voblafishing.ee\/toode\/kindad-westin-utility-gloves-3-varianti\/","name":"Kindad WESTIN Utility Gloves (3 varianti)","isPartOf":{"@id":"https:\/\/voblafishing.ee\/#website"},"primaryImageOfPage":{"@id":"https:\/\/voblafishing.ee\/toode\/kindad-westin-utility-gloves-3-varianti\/#primaryimage"},"image":{"@id":"https:\/\/voblafishing.ee\/toode\/kindad-westin-utility-gloves-3-varianti\/#primaryimage"},"thumbnailUrl":"https:\/\/voblafishing.ee\/wp-content\/uploads\/2026\/01\/a224_utility-gloves_headline.jpg","datePublished":"2026-01-27T08:23:26+00:00","dateModified":"2026-01-27T08:25:28+00:00","breadcrumb":{"@id":"https:\/\/voblafishing.ee\/toode\/kindad-westin-utility-gloves-3-varianti\/#breadcrumb"},"inLanguage":"en-GB","potentialAction":[{"@type":"ReadAction","target":["https:\/\/voblafishing.ee\/toode\/kindad-westin-utility-gloves-3-varianti\/"]}]},{"@type":"ImageObject","inLanguage":"en-GB","@id":"https:\/\/voblafishing.ee\/toode\/kindad-westin-utility-gloves-3-varianti\/#primaryimage","url":"https:\/\/voblafishing.ee\/wp-content\/uploads\/2026\/01\/a224_utility-gloves_headline.jpg","contentUrl":"https:\/\/voblafishing.ee\/wp-content\/uploads\/2026\/01\/a224_utility-gloves_headline.jpg","width":1024,"height":768},{"@type":"BreadcrumbList","@id":"https:\/\/voblafishing.ee\/toode\/kindad-westin-utility-gloves-3-varianti\/#breadcrumb","itemListElement":[{"@type":"ListItem","position":1,"name":"Esileht","item":"https:\/\/voblafishing.ee\/"},{"@type":"ListItem","position":2,"name":"Pood","item":"https:\/\/voblafishing.ee\/pood\/"},{"@type":"ListItem","position":3,"name":"Kindad WESTIN Utility Gloves (3 varianti)"}]},{"@type":"WebSite","@id":"https:\/\/voblafishing.ee\/#website","url":"https:\/\/voblafishing.ee\/","name":"Voblafishing - Kalastustarbed","description":"Kalstustarvete m&uuml;&uuml;k. Landid, ridvad, rullid, n&ouml;&ouml;rid, v&otilde;dikud, jigipead","publisher":{"@id":"https:\/\/voblafishing.ee\/#organization"},"potentialAction":[{"@type":"SearchAction","target":{"@type":"EntryPoint","urlTemplate":"https:\/\/voblafishing.ee\/?s={search_term_string}"},"query-input":{"@type":"PropertyValueSpecification","valueRequired":true,"valueName":"search_term_string"}}],"inLanguage":"en-GB"},{"@type":"Organization","@id":"https:\/\/voblafishing.ee\/#organization","name":"Voblafishing - Kalastustarbed","url":"https:\/\/voblafishing.ee\/","logo":{"@type":"ImageObject","inLanguage":"en-GB","@id":"https:\/\/voblafishing.ee\/#\/schema\/logo\/image\/","url":"https:\/\/voblafishing.ee\/wp-content\/uploads\/2021\/09\/Vobla-ymargune.png","contentUrl":"https:\/\/voblafishing.ee\/wp-content\/uploads\/2021\/09\/Vobla-ymargune.png","width":300,"height":300,"caption":"Voblafishing - Kalastustarbed"},"image":{"@id":"https:\/\/voblafishing.ee\/#\/schema\/logo\/image\/"},"sameAs":["https:\/\/www.facebook.com\/tartuvobla"]}]}},"_links":{"self":[{"href":"https:\/\/voblafishing.ee\/en\/wp-json\/wp\/v2\/product\/106562","targetHints":{"allow":["GET"]}}],"collection":[{"href":"https:\/\/voblafishing.ee\/en\/wp-json\/wp\/v2\/product"}],"about":[{"href":"https:\/\/voblafishing.ee\/en\/wp-json\/wp\/v2\/types\/product"}],"version-history":[{"count":1,"href":"https:\/\/voblafishing.ee\/en\/wp-json\/wp\/v2\/product\/106562\/revisions"}],"predecessor-version":[{"id":106568,"href":"https:\/\/voblafishing.ee\/en\/wp-json\/wp\/v2\/product\/106562\/revisions\/106568"}],"wp:featuredmedia":[{"embeddable":true,"href":"https:\/\/voblafishing.ee\/en\/wp-json\/wp\/v2\/media\/106566"}],"wp:attachment":[{"href":"https:\/\/voblafishing.ee\/en\/wp-json\/wp\/v2\/media?parent=106562"}],"wp:term":[{"taxonomy":"product_brand","embeddable":true,"href":"https:\/\/voblafishing.ee\/en\/wp-json\/wp\/v2\/product_brand?post=106562"},{"taxonomy":"product_cat","embeddable":true,"href":"https:\/\/voblafishing.ee\/en\/wp-json\/wp\/v2\/product_cat?post=106562"},{"taxonomy":"product_tag","embeddable":true,"href":"https:\/\/voblafishing.ee\/en\/wp-json\/wp\/v2\/product_tag?post=106562"}],"curies":[{"name":"wp","href":"https:\/\/api.w.org\/{rel}","templated":true}]}}