{"id":106626,"date":"2026-01-27T11:18:49","date_gmt":"2026-01-27T09:18:49","guid":{"rendered":"https:\/\/voblafishing.ee\/?post_type=product&#038;p=106626"},"modified":"2026-01-27T11:22:12","modified_gmt":"2026-01-27T09:22:12","slug":"puksid-westin-w6-rain-trousers-6-varianti","status":"publish","type":"product","link":"https:\/\/voblafishing.ee\/en\/product\/puksid-westin-w6-rain-trousers-6-varianti\/","title":{"rendered":"P\u00fcksid WESTIN W6 Rain Trousers (6 varianti)"},"content":{"rendered":"<p>\u00c4ra lase vihmal end kalastamast takistada. Westin W6 vihmap\u00fcksid on 100% veekindlad ja t\u00e4ielikult \u00f5mblustega suletud, kuid samas hingavad ja mugavad terve p\u00e4eva vees kandmiseks. Toraydelfy\u00ae veekindlus hoiab sind kuivana, v\u00f5imaldades samal ajal \u00f5huringlust, niiskuse imamist ja liigse soojuse v\u00e4ljajuhtimist tegevuse ajal. P\u00fckstel on pahkluust p\u00f5lveni ulatuvad jalalukud koos trukkidega reguleeritavate jalaavadega, et p\u00fckse oleks saabaste peal lihtne jalga panna ja \u00e4ra v\u00f5tta. Tugevdatud Cordura Kevlarist jalapaneelid jalaotstes lisavad vastupidavust. See kantav ja spetsiaalne varustus tagab, et saad kala p\u00fc\u00fcda iga ilmaga.<\/p>\n<p>* Toraydelfy\u00ae kanga veekindlus: 10000 mm Hingavus: 10000 mm<br \/>\n* Materjal: 100% pol\u00fcester<br \/>\n* SBS\u00ae eesmine t\u00f5mblukk<br \/>\n* 3 taskut SBS\u00ae t\u00f5mblukkudega<br \/>\n* Reguleeritav all\u00e4\u00e4r takjakinnitusega<br \/>\n* Tugevdatud Cordura Kevlarist jalapaneelid jalaotstes<br \/>\n* Pahkluust p\u00f5lveni ulatuvad jalalukud ja trukkidega reguleeritavad jalaavad<\/p>\n<p>**Suuruste tabeli leiad siit** -&gt; (<a href=\"https:\/\/www.westin-fishing.com\/en\/this-is-westin\/size-guide\/#sizeguide)\" target=\"_blank\" rel=\"noopener\" data-auto-recognition=\"true\">https:\/\/www.westin-fishing.com\/en\/this-is-westin\/size-guide\/#sizeguide)<\/a><\/p>","protected":false},"excerpt":{"rendered":"<p>\u00c4ra lase vihmal end kalastamast takistada. Westin W6 vihmap\u00fcksid on 100% veekindlad ja t\u00e4ielikult \u00f5mblustega suletud, kuid samas hingavad ja<\/p>","protected":false},"featured_media":106633,"template":"","meta":{"_monsterinsights_skip_tracking":false,"_monsterinsights_sitenote_active":false,"_monsterinsights_sitenote_note":"","_monsterinsights_sitenote_category":0},"product_brand":[],"product_cat":[2396,575],"product_tag":[],"class_list":{"0":"post-106626","1":"product","2":"type-product","3":"status-publish","4":"has-post-thumbnail","6":"product_cat-puksid","7":"product_cat-roivad-ja-jalatsid","8":"pa_suurus-xxl","9":"pa_suurus-l","10":"pa_suurus-m","11":"pa_suurus-xl","12":"pa_suurus-s","13":"pa_suurus-3xl","15":"first","16":"instock","17":"shipping-taxable","18":"purchasable","19":"product-type-variable"},"yoast_head":"<!-- This site is optimized with the Yoast SEO Premium plugin v18.1 (Yoast SEO v26.6) - https:\/\/yoast.com\/wordpress\/plugins\/seo\/ -->\n<title>Voblafishing &#8211; Kalastustarbed<\/title>\n<meta name=\"robots\" content=\"index, follow, max-snippet:-1, max-image-preview:large, max-video-preview:-1\" \/>\n<link rel=\"canonical\" href=\"https:\/\/voblafishing.ee\/en\/product\/puksid-westin-w6-rain-trousers-6-varianti\/\" \/>\n<meta property=\"og:locale\" content=\"en_GB\" \/>\n<meta property=\"og:type\" content=\"article\" \/>\n<meta property=\"og:title\" content=\"P\u00fcksid WESTIN W6 Rain Trousers (6 varianti)\" \/>\n<meta property=\"og:description\" content=\"\u00c4ra lase vihmal end kalastamast takistada. Westin W6 vihmap\u00fcksid on 100% veekindlad ja t\u00e4ielikult \u00f5mblustega suletud, kuid samas hingavad ja\" \/>\n<meta property=\"og:url\" content=\"https:\/\/voblafishing.ee\/en\/product\/puksid-westin-w6-rain-trousers-6-varianti\/\" \/>\n<meta property=\"og:site_name\" content=\"Voblafishing - Kalastustarbed\" \/>\n<meta property=\"article:publisher\" content=\"https:\/\/www.facebook.com\/tartuvobla\" \/>\n<meta property=\"article:modified_time\" content=\"2026-01-27T09:22:12+00:00\" \/>\n<meta property=\"og:image\" content=\"https:\/\/voblafishing.ee\/wp-content\/uploads\/2026\/01\/a87_w6_rain_pants_headline.jpg\" \/>\n\t<meta property=\"og:image:width\" content=\"1600\" \/>\n\t<meta property=\"og:image:height\" content=\"1200\" \/>\n\t<meta property=\"og:image:type\" content=\"image\/jpeg\" \/>\n<meta name=\"twitter:card\" content=\"summary_large_image\" \/>\n<meta name=\"twitter:label1\" content=\"Estimated reading time\" \/>\n\t<meta name=\"twitter:data1\" content=\"1 minute\" \/>\n<!-- \/ Yoast SEO Premium plugin. -->","yoast_head_json":{"title":"Voblafishing &#8211; Kalastustarbed","robots":{"index":"index","follow":"follow","max-snippet":"max-snippet:-1","max-image-preview":"max-image-preview:large","max-video-preview":"max-video-preview:-1"},"canonical":"https:\/\/voblafishing.ee\/en\/product\/puksid-westin-w6-rain-trousers-6-varianti\/","og_locale":"en_GB","og_type":"article","og_title":"P\u00fcksid WESTIN W6 Rain Trousers (6 varianti)","og_description":"\u00c4ra lase vihmal end kalastamast takistada. Westin W6 vihmap\u00fcksid on 100% veekindlad ja t\u00e4ielikult \u00f5mblustega suletud, kuid samas hingavad ja","og_url":"https:\/\/voblafishing.ee\/en\/product\/puksid-westin-w6-rain-trousers-6-varianti\/","og_site_name":"Voblafishing - Kalastustarbed","article_publisher":"https:\/\/www.facebook.com\/tartuvobla","article_modified_time":"2026-01-27T09:22:12+00:00","og_image":[{"width":1600,"height":1200,"url":"https:\/\/voblafishing.ee\/wp-content\/uploads\/2026\/01\/a87_w6_rain_pants_headline.jpg","type":"image\/jpeg"}],"twitter_card":"summary_large_image","twitter_misc":{"Estimated reading time":"1 minute"},"schema":{"@context":"https:\/\/schema.org","@graph":[{"@type":"WebPage","@id":"https:\/\/voblafishing.ee\/toode\/puksid-westin-w6-rain-trousers-6-varianti\/","url":"https:\/\/voblafishing.ee\/toode\/puksid-westin-w6-rain-trousers-6-varianti\/","name":"P\u00fcksid WESTIN W6 Rain Trousers (6 varianti)","isPartOf":{"@id":"https:\/\/voblafishing.ee\/#website"},"primaryImageOfPage":{"@id":"https:\/\/voblafishing.ee\/toode\/puksid-westin-w6-rain-trousers-6-varianti\/#primaryimage"},"image":{"@id":"https:\/\/voblafishing.ee\/toode\/puksid-westin-w6-rain-trousers-6-varianti\/#primaryimage"},"thumbnailUrl":"https:\/\/voblafishing.ee\/wp-content\/uploads\/2026\/01\/a87_w6_rain_pants_headline.jpg","datePublished":"2026-01-27T09:18:49+00:00","dateModified":"2026-01-27T09:22:12+00:00","breadcrumb":{"@id":"https:\/\/voblafishing.ee\/toode\/puksid-westin-w6-rain-trousers-6-varianti\/#breadcrumb"},"inLanguage":"en-GB","potentialAction":[{"@type":"ReadAction","target":["https:\/\/voblafishing.ee\/toode\/puksid-westin-w6-rain-trousers-6-varianti\/"]}]},{"@type":"ImageObject","inLanguage":"en-GB","@id":"https:\/\/voblafishing.ee\/toode\/puksid-westin-w6-rain-trousers-6-varianti\/#primaryimage","url":"https:\/\/voblafishing.ee\/wp-content\/uploads\/2026\/01\/a87_w6_rain_pants_headline.jpg","contentUrl":"https:\/\/voblafishing.ee\/wp-content\/uploads\/2026\/01\/a87_w6_rain_pants_headline.jpg","width":1600,"height":1200},{"@type":"BreadcrumbList","@id":"https:\/\/voblafishing.ee\/toode\/puksid-westin-w6-rain-trousers-6-varianti\/#breadcrumb","itemListElement":[{"@type":"ListItem","position":1,"name":"Esileht","item":"https:\/\/voblafishing.ee\/"},{"@type":"ListItem","position":2,"name":"Pood","item":"https:\/\/voblafishing.ee\/pood\/"},{"@type":"ListItem","position":3,"name":"P\u00fcksid WESTIN W6 Rain Trousers (6 varianti)"}]},{"@type":"WebSite","@id":"https:\/\/voblafishing.ee\/#website","url":"https:\/\/voblafishing.ee\/","name":"Voblafishing - Kalastustarbed","description":"Kalstustarvete m&uuml;&uuml;k. Landid, ridvad, rullid, n&ouml;&ouml;rid, v&otilde;dikud, jigipead","publisher":{"@id":"https:\/\/voblafishing.ee\/#organization"},"potentialAction":[{"@type":"SearchAction","target":{"@type":"EntryPoint","urlTemplate":"https:\/\/voblafishing.ee\/?s={search_term_string}"},"query-input":{"@type":"PropertyValueSpecification","valueRequired":true,"valueName":"search_term_string"}}],"inLanguage":"en-GB"},{"@type":"Organization","@id":"https:\/\/voblafishing.ee\/#organization","name":"Voblafishing - Kalastustarbed","url":"https:\/\/voblafishing.ee\/","logo":{"@type":"ImageObject","inLanguage":"en-GB","@id":"https:\/\/voblafishing.ee\/#\/schema\/logo\/image\/","url":"https:\/\/voblafishing.ee\/wp-content\/uploads\/2021\/09\/Vobla-ymargune.png","contentUrl":"https:\/\/voblafishing.ee\/wp-content\/uploads\/2021\/09\/Vobla-ymargune.png","width":300,"height":300,"caption":"Voblafishing - Kalastustarbed"},"image":{"@id":"https:\/\/voblafishing.ee\/#\/schema\/logo\/image\/"},"sameAs":["https:\/\/www.facebook.com\/tartuvobla"]}]}},"_links":{"self":[{"href":"https:\/\/voblafishing.ee\/en\/wp-json\/wp\/v2\/product\/106626","targetHints":{"allow":["GET"]}}],"collection":[{"href":"https:\/\/voblafishing.ee\/en\/wp-json\/wp\/v2\/product"}],"about":[{"href":"https:\/\/voblafishing.ee\/en\/wp-json\/wp\/v2\/types\/product"}],"version-history":[{"count":1,"href":"https:\/\/voblafishing.ee\/en\/wp-json\/wp\/v2\/product\/106626\/revisions"}],"predecessor-version":[{"id":106636,"href":"https:\/\/voblafishing.ee\/en\/wp-json\/wp\/v2\/product\/106626\/revisions\/106636"}],"wp:featuredmedia":[{"embeddable":true,"href":"https:\/\/voblafishing.ee\/en\/wp-json\/wp\/v2\/media\/106633"}],"wp:attachment":[{"href":"https:\/\/voblafishing.ee\/en\/wp-json\/wp\/v2\/media?parent=106626"}],"wp:term":[{"taxonomy":"product_brand","embeddable":true,"href":"https:\/\/voblafishing.ee\/en\/wp-json\/wp\/v2\/product_brand?post=106626"},{"taxonomy":"product_cat","embeddable":true,"href":"https:\/\/voblafishing.ee\/en\/wp-json\/wp\/v2\/product_cat?post=106626"},{"taxonomy":"product_tag","embeddable":true,"href":"https:\/\/voblafishing.ee\/en\/wp-json\/wp\/v2\/product_tag?post=106626"}],"curies":[{"name":"wp","href":"https:\/\/api.w.org\/{rel}","templated":true}]}}