{"id":108748,"date":"2026-03-18T17:57:45","date_gmt":"2026-03-18T15:57:45","guid":{"rendered":"https:\/\/voblafishing.ee\/?post_type=product&#038;p=108748"},"modified":"2026-03-18T18:02:18","modified_gmt":"2026-03-18T16:02:18","slug":"noor-shimano-kairiki-g5-150m-orange","status":"publish","type":"product","link":"https:\/\/voblafishing.ee\/en\/product\/noor-shimano-kairiki-g5-150m-orange\/","title":{"rendered":"N\u00f6\u00f6r SHIMANO Kairiki G5 150m &#8211; Orange"},"content":{"rendered":"<p>Kairiki G5 s&auml;ilitab k&otilde;ik Kairiki punutud niidi omadused, lisaks veel uppumisv&otilde;ime. Valmistatud neljast Jaapani PE-niidist ja lisaks suure tihedusega raskest s&uuml;damikust, m&otilde;jutab Kairiki G5 v&auml;hem tuul ja hoovus. Ideaalne s&uuml;gavamale sukelduvate lantide ja jigip&uuml;&uuml;gi jaoks, lisaks karpkala ja s&ouml;&ouml;dap&uuml;&uuml;giks.&lt;br&gt; Kairiki G5 on fantastiline uppuv punutud n&ouml;&ouml;r, mis sobib suurep&auml;raselt siis, kui kalastad paljude s&uuml;gaval asuvate lantidega v&otilde;i soovid n&ouml;&ouml;ri karpkala v&otilde;i feederi p&uuml;&uuml;giks. Nelja kiuga disainile lisandub raske ja &uuml;litihe kiud, mis loob uppuva punutise, mis l&otilde;ikab kergesti l&auml;bi vee pinna pinge ja vajub aeglaselt. S&uuml;gaval lantide puhul on kontakt veepinnaga suurem, eriti tuulise ilmaga, kui veepinnal olev lant v&otilde;ib tekitada soovimatuid kaare ja l&otilde;tku. Karpkala ja feederi p&uuml;&uuml;giks, eriti pikkade distantsidega, on uppuv Kairiki G5 revolutsiooniline.&lt;br&gt; Kairiki G5 valmistamiseks kasutatav VT-konstruktsiooni meetod &uuml;hendab 4 tavalist kandekiudu koos t&auml;iendava &uuml;litiheda &ldquo;vajuva&rdquo; kiuga pideva ja &uuml;htlase mitme nurga all pinge all. See v&otilde;imaldab igal kiul kokku suruda ja ideaalselt k&uuml;lgnevate kiude k&otilde;rval istuda, moodustades kompaktsema ja &uuml;marama profiiliga punutise. Tihedam kudumine v&auml;hendab l&auml;bim&otilde;&otilde;tu, suurendab tundlikkust ja siledamat viimistlust, mis aitab kaasa Shimano juhtiva vajuva punutise parematele sooritusomadustele.<\/p>","protected":false},"excerpt":{"rendered":"<p>Kairiki G5 s\u00e4ilitab k\u00f5ik Kairiki punutud niidi omadused, lisaks veel uppumisv\u00f5ime. Valmistatud neljast Jaapani PE-niidist ja lisaks suure tihedusega raskest<\/p>","protected":false},"featured_media":108754,"template":"","meta":{"_monsterinsights_skip_tracking":false,"_monsterinsights_sitenote_active":false,"_monsterinsights_sitenote_note":"","_monsterinsights_sitenote_category":0},"product_brand":[],"product_cat":[815,3896],"product_tag":[],"class_list":{"0":"post-108748","1":"product","2":"type-product","3":"status-publish","4":"has-post-thumbnail","6":"product_cat-noorid","7":"product_cat-shimano-noor","8":"pa_suurus-0-13mm-4-1kg","9":"pa_suurus-0-15mm-5-5kg","10":"pa_suurus-0-17mm-6-9kg","12":"first","13":"instock","14":"shipping-taxable","15":"purchasable","16":"product-type-variable"},"yoast_head":"<!-- This site is optimized with the Yoast SEO Premium plugin v18.1 (Yoast SEO v26.6) - https:\/\/yoast.com\/wordpress\/plugins\/seo\/ -->\n<title>Voblafishing &#8211; Kalastustarbed<\/title>\n<meta name=\"robots\" content=\"index, follow, max-snippet:-1, max-image-preview:large, max-video-preview:-1\" \/>\n<link rel=\"canonical\" href=\"https:\/\/voblafishing.ee\/en\/product\/noor-shimano-kairiki-g5-150m-orange\/\" \/>\n<meta property=\"og:locale\" content=\"en_GB\" \/>\n<meta property=\"og:type\" content=\"article\" \/>\n<meta property=\"og:title\" content=\"N\u00f6\u00f6r SHIMANO Kairiki G5 150m - Orange\" \/>\n<meta property=\"og:description\" content=\"Kairiki G5 s\u00e4ilitab k\u00f5ik Kairiki punutud niidi omadused, lisaks veel uppumisv\u00f5ime. Valmistatud neljast Jaapani PE-niidist ja lisaks suure tihedusega raskest\" \/>\n<meta property=\"og:url\" content=\"https:\/\/voblafishing.ee\/en\/product\/noor-shimano-kairiki-g5-150m-orange\/\" \/>\n<meta property=\"og:site_name\" content=\"Voblafishing - Kalastustarbed\" \/>\n<meta property=\"article:publisher\" content=\"https:\/\/www.facebook.com\/tartuvobla\" \/>\n<meta property=\"article:modified_time\" content=\"2026-03-18T16:02:18+00:00\" \/>\n<meta property=\"og:image\" content=\"https:\/\/voblafishing.ee\/wp-content\/uploads\/2026\/03\/pleteno-vlakno-shimano-kairiki-g5-150m-0-15mm-5-5kg-orange-66ae2e16e0415_800x800.jpeg\" \/>\n\t<meta property=\"og:image:width\" content=\"800\" \/>\n\t<meta property=\"og:image:height\" content=\"800\" \/>\n\t<meta property=\"og:image:type\" content=\"image\/jpeg\" \/>\n<meta name=\"twitter:card\" content=\"summary_large_image\" \/>\n<meta name=\"twitter:label1\" content=\"Estimated reading time\" \/>\n\t<meta name=\"twitter:data1\" content=\"2 minutes\" \/>\n<!-- \/ Yoast SEO Premium plugin. -->","yoast_head_json":{"title":"Voblafishing &#8211; Kalastustarbed","robots":{"index":"index","follow":"follow","max-snippet":"max-snippet:-1","max-image-preview":"max-image-preview:large","max-video-preview":"max-video-preview:-1"},"canonical":"https:\/\/voblafishing.ee\/en\/product\/noor-shimano-kairiki-g5-150m-orange\/","og_locale":"en_GB","og_type":"article","og_title":"N\u00f6\u00f6r SHIMANO Kairiki G5 150m - Orange","og_description":"Kairiki G5 s\u00e4ilitab k\u00f5ik Kairiki punutud niidi omadused, lisaks veel uppumisv\u00f5ime. Valmistatud neljast Jaapani PE-niidist ja lisaks suure tihedusega raskest","og_url":"https:\/\/voblafishing.ee\/en\/product\/noor-shimano-kairiki-g5-150m-orange\/","og_site_name":"Voblafishing - Kalastustarbed","article_publisher":"https:\/\/www.facebook.com\/tartuvobla","article_modified_time":"2026-03-18T16:02:18+00:00","og_image":[{"width":800,"height":800,"url":"https:\/\/voblafishing.ee\/wp-content\/uploads\/2026\/03\/pleteno-vlakno-shimano-kairiki-g5-150m-0-15mm-5-5kg-orange-66ae2e16e0415_800x800.jpeg","type":"image\/jpeg"}],"twitter_card":"summary_large_image","twitter_misc":{"Estimated reading time":"2 minutes"},"schema":{"@context":"https:\/\/schema.org","@graph":[{"@type":"WebPage","@id":"https:\/\/voblafishing.ee\/toode\/noor-shimano-kairiki-g5-150m-orange\/","url":"https:\/\/voblafishing.ee\/toode\/noor-shimano-kairiki-g5-150m-orange\/","name":"N\u00f6\u00f6r SHIMANO Kairiki G5 150m - Orange","isPartOf":{"@id":"https:\/\/voblafishing.ee\/#website"},"primaryImageOfPage":{"@id":"https:\/\/voblafishing.ee\/toode\/noor-shimano-kairiki-g5-150m-orange\/#primaryimage"},"image":{"@id":"https:\/\/voblafishing.ee\/toode\/noor-shimano-kairiki-g5-150m-orange\/#primaryimage"},"thumbnailUrl":"https:\/\/voblafishing.ee\/wp-content\/uploads\/2026\/03\/pleteno-vlakno-shimano-kairiki-g5-150m-0-15mm-5-5kg-orange-66ae2e16e0415_800x800.jpeg","datePublished":"2026-03-18T15:57:45+00:00","dateModified":"2026-03-18T16:02:18+00:00","breadcrumb":{"@id":"https:\/\/voblafishing.ee\/toode\/noor-shimano-kairiki-g5-150m-orange\/#breadcrumb"},"inLanguage":"en-GB","potentialAction":[{"@type":"ReadAction","target":["https:\/\/voblafishing.ee\/toode\/noor-shimano-kairiki-g5-150m-orange\/"]}]},{"@type":"ImageObject","inLanguage":"en-GB","@id":"https:\/\/voblafishing.ee\/toode\/noor-shimano-kairiki-g5-150m-orange\/#primaryimage","url":"https:\/\/voblafishing.ee\/wp-content\/uploads\/2026\/03\/pleteno-vlakno-shimano-kairiki-g5-150m-0-15mm-5-5kg-orange-66ae2e16e0415_800x800.jpeg","contentUrl":"https:\/\/voblafishing.ee\/wp-content\/uploads\/2026\/03\/pleteno-vlakno-shimano-kairiki-g5-150m-0-15mm-5-5kg-orange-66ae2e16e0415_800x800.jpeg","width":800,"height":800},{"@type":"BreadcrumbList","@id":"https:\/\/voblafishing.ee\/toode\/noor-shimano-kairiki-g5-150m-orange\/#breadcrumb","itemListElement":[{"@type":"ListItem","position":1,"name":"Esileht","item":"https:\/\/voblafishing.ee\/"},{"@type":"ListItem","position":2,"name":"Pood","item":"https:\/\/voblafishing.ee\/pood\/"},{"@type":"ListItem","position":3,"name":"N\u00f6\u00f6r SHIMANO Kairiki G5 150m &#8211; Orange"}]},{"@type":"WebSite","@id":"https:\/\/voblafishing.ee\/#website","url":"https:\/\/voblafishing.ee\/","name":"Voblafishing - Kalastustarbed","description":"Kalstustarvete m&uuml;&uuml;k. Landid, ridvad, rullid, n&ouml;&ouml;rid, v&otilde;dikud, jigipead","publisher":{"@id":"https:\/\/voblafishing.ee\/#organization"},"potentialAction":[{"@type":"SearchAction","target":{"@type":"EntryPoint","urlTemplate":"https:\/\/voblafishing.ee\/?s={search_term_string}"},"query-input":{"@type":"PropertyValueSpecification","valueRequired":true,"valueName":"search_term_string"}}],"inLanguage":"en-GB"},{"@type":"Organization","@id":"https:\/\/voblafishing.ee\/#organization","name":"Voblafishing - Kalastustarbed","url":"https:\/\/voblafishing.ee\/","logo":{"@type":"ImageObject","inLanguage":"en-GB","@id":"https:\/\/voblafishing.ee\/#\/schema\/logo\/image\/","url":"https:\/\/voblafishing.ee\/wp-content\/uploads\/2021\/09\/Vobla-ymargune.png","contentUrl":"https:\/\/voblafishing.ee\/wp-content\/uploads\/2021\/09\/Vobla-ymargune.png","width":300,"height":300,"caption":"Voblafishing - Kalastustarbed"},"image":{"@id":"https:\/\/voblafishing.ee\/#\/schema\/logo\/image\/"},"sameAs":["https:\/\/www.facebook.com\/tartuvobla"]}]}},"_links":{"self":[{"href":"https:\/\/voblafishing.ee\/en\/wp-json\/wp\/v2\/product\/108748","targetHints":{"allow":["GET"]}}],"collection":[{"href":"https:\/\/voblafishing.ee\/en\/wp-json\/wp\/v2\/product"}],"about":[{"href":"https:\/\/voblafishing.ee\/en\/wp-json\/wp\/v2\/types\/product"}],"version-history":[{"count":1,"href":"https:\/\/voblafishing.ee\/en\/wp-json\/wp\/v2\/product\/108748\/revisions"}],"predecessor-version":[{"id":108755,"href":"https:\/\/voblafishing.ee\/en\/wp-json\/wp\/v2\/product\/108748\/revisions\/108755"}],"wp:featuredmedia":[{"embeddable":true,"href":"https:\/\/voblafishing.ee\/en\/wp-json\/wp\/v2\/media\/108754"}],"wp:attachment":[{"href":"https:\/\/voblafishing.ee\/en\/wp-json\/wp\/v2\/media?parent=108748"}],"wp:term":[{"taxonomy":"product_brand","embeddable":true,"href":"https:\/\/voblafishing.ee\/en\/wp-json\/wp\/v2\/product_brand?post=108748"},{"taxonomy":"product_cat","embeddable":true,"href":"https:\/\/voblafishing.ee\/en\/wp-json\/wp\/v2\/product_cat?post=108748"},{"taxonomy":"product_tag","embeddable":true,"href":"https:\/\/voblafishing.ee\/en\/wp-json\/wp\/v2\/product_tag?post=108748"}],"curies":[{"name":"wp","href":"https:\/\/api.w.org\/{rel}","templated":true}]}}