{"id":109529,"date":"2026-03-21T15:42:18","date_gmt":"2026-03-21T13:42:18","guid":{"rendered":"https:\/\/voblafishing.ee\/?post_type=product&#038;p=109529"},"modified":"2026-03-21T15:54:49","modified_gmt":"2026-03-21T13:54:49","slug":"vodik-nays-prdtr-2-0-12-7cm","status":"publish","type":"product","link":"https:\/\/voblafishing.ee\/en\/product\/vodik-nays-prdtr-2-0-12-7cm\/","title":{"rendered":"V\u00f5dik NAYS PRDTR 2.0 &#8211; 12.7cm"},"content":{"rendered":"<div id=\"tab-description\" class=\"woocommerce-Tabs-panel woocommerce-Tabs-panel--description panel wc-tab\" role=\"tabpanel\" aria-labelledby=\"tab-title-description\">\n<p><span dir=\"auto\">The Nays PRDTR 2.0 is the modern evolution of our first successful soft bait.<\/span><\/p>\n<p><span dir=\"auto\">The shape, running characteristics and the distinctive GARLIC aroma remain true to the original, but the design has been completely reworked to fit perfectly into our current Nays line-up.<\/span><\/p>\n<p><span dir=\"auto\">With its wide body, the PRDTR 2.0 runs stably and exhibits a subtle, rolling action, ideal for convincing even wary predators.<\/span><br \/>\n<span dir=\"auto\">As a trailer, it harmonizes perfectly with the Nays MZ RNNR M and L without affecting their action.<\/span><\/p>\n<p><span dir=\"auto\">As always with Nays, the PRDTR 2.0 is manufactured without toxic plasticizers.<\/span><\/p>\n<ul>\n<li><span dir=\"auto\">4 pieces per pack<\/span><\/li>\n<\/ul>\n<\/div>","protected":false},"excerpt":{"rendered":"<p>4tk pakis<\/p>\n<p>K\u00fc\u00fcslaugu l\u00f5hnaga<\/p>","protected":false},"featured_media":109519,"template":"","meta":{"_monsterinsights_skip_tracking":false,"_monsterinsights_sitenote_active":false,"_monsterinsights_sitenote_note":"","_monsterinsights_sitenote_category":0},"product_brand":[],"product_cat":[4019,581],"product_tag":[],"class_list":{"0":"post-109529","1":"product","2":"type-product","3":"status-publish","4":"has-post-thumbnail","6":"product_cat-nays-vodikud","7":"product_cat-vodikud-silikoonlandid-kummilandid","8":"pa_varv-c-01","9":"pa_varv-c-02","10":"pa_varv-c-05","11":"pa_varv-c-06","12":"pa_varv-c-07","13":"pa_varv-c-39","14":"pa_varv-c-40","15":"pa_varv-c-41","17":"first","18":"instock","19":"shipping-taxable","20":"purchasable","21":"product-type-variable"},"yoast_head":"<!-- This site is optimized with the Yoast SEO Premium plugin v18.1 (Yoast SEO v26.6) - https:\/\/yoast.com\/wordpress\/plugins\/seo\/ -->\n<title>Voblafishing &#8211; Kalastustarbed<\/title>\n<meta name=\"robots\" content=\"index, follow, max-snippet:-1, max-image-preview:large, max-video-preview:-1\" \/>\n<link rel=\"canonical\" href=\"https:\/\/voblafishing.ee\/en\/product\/vodik-nays-prdtr-2-0-12-7cm\/\" \/>\n<meta property=\"og:locale\" content=\"en_GB\" \/>\n<meta property=\"og:type\" content=\"article\" \/>\n<meta property=\"og:title\" content=\"V\u00f5dik NAYS PRDTR 2.0 - 12.7cm\" \/>\n<meta property=\"og:description\" content=\"4tk pakis  K\u00fc\u00fcslaugu l\u00f5hnaga\" \/>\n<meta property=\"og:url\" content=\"https:\/\/voblafishing.ee\/en\/product\/vodik-nays-prdtr-2-0-12-7cm\/\" \/>\n<meta property=\"og:site_name\" content=\"Voblafishing - Kalastustarbed\" \/>\n<meta property=\"article:publisher\" content=\"https:\/\/www.facebook.com\/tartuvobla\" \/>\n<meta property=\"article:modified_time\" content=\"2026-03-21T13:54:49+00:00\" \/>\n<meta property=\"og:image\" content=\"https:\/\/voblafishing.ee\/wp-content\/uploads\/2026\/03\/PILT-15.png\" \/>\n\t<meta property=\"og:image:width\" content=\"940\" \/>\n\t<meta property=\"og:image:height\" content=\"788\" \/>\n\t<meta property=\"og:image:type\" content=\"image\/png\" \/>\n<meta name=\"twitter:card\" content=\"summary_large_image\" \/>\n<meta name=\"twitter:label1\" content=\"Estimated reading time\" \/>\n\t<meta name=\"twitter:data1\" content=\"1 minute\" \/>\n<!-- \/ Yoast SEO Premium plugin. -->","yoast_head_json":{"title":"Voblafishing &#8211; Kalastustarbed","robots":{"index":"index","follow":"follow","max-snippet":"max-snippet:-1","max-image-preview":"max-image-preview:large","max-video-preview":"max-video-preview:-1"},"canonical":"https:\/\/voblafishing.ee\/en\/product\/vodik-nays-prdtr-2-0-12-7cm\/","og_locale":"en_GB","og_type":"article","og_title":"V\u00f5dik NAYS PRDTR 2.0 - 12.7cm","og_description":"4tk pakis  K\u00fc\u00fcslaugu l\u00f5hnaga","og_url":"https:\/\/voblafishing.ee\/en\/product\/vodik-nays-prdtr-2-0-12-7cm\/","og_site_name":"Voblafishing - Kalastustarbed","article_publisher":"https:\/\/www.facebook.com\/tartuvobla","article_modified_time":"2026-03-21T13:54:49+00:00","og_image":[{"width":940,"height":788,"url":"https:\/\/voblafishing.ee\/wp-content\/uploads\/2026\/03\/PILT-15.png","type":"image\/png"}],"twitter_card":"summary_large_image","twitter_misc":{"Estimated reading time":"1 minute"},"schema":{"@context":"https:\/\/schema.org","@graph":[{"@type":"WebPage","@id":"https:\/\/voblafishing.ee\/toode\/vodik-nays-prdtr-2-0-12-7cm\/","url":"https:\/\/voblafishing.ee\/toode\/vodik-nays-prdtr-2-0-12-7cm\/","name":"V\u00f5dik NAYS PRDTR 2.0 - 12.7cm","isPartOf":{"@id":"https:\/\/voblafishing.ee\/#website"},"primaryImageOfPage":{"@id":"https:\/\/voblafishing.ee\/toode\/vodik-nays-prdtr-2-0-12-7cm\/#primaryimage"},"image":{"@id":"https:\/\/voblafishing.ee\/toode\/vodik-nays-prdtr-2-0-12-7cm\/#primaryimage"},"thumbnailUrl":"https:\/\/voblafishing.ee\/wp-content\/uploads\/2026\/03\/PILT-15.png","datePublished":"2026-03-21T13:42:18+00:00","dateModified":"2026-03-21T13:54:49+00:00","breadcrumb":{"@id":"https:\/\/voblafishing.ee\/toode\/vodik-nays-prdtr-2-0-12-7cm\/#breadcrumb"},"inLanguage":"en-GB","potentialAction":[{"@type":"ReadAction","target":["https:\/\/voblafishing.ee\/toode\/vodik-nays-prdtr-2-0-12-7cm\/"]}]},{"@type":"ImageObject","inLanguage":"en-GB","@id":"https:\/\/voblafishing.ee\/toode\/vodik-nays-prdtr-2-0-12-7cm\/#primaryimage","url":"https:\/\/voblafishing.ee\/wp-content\/uploads\/2026\/03\/PILT-15.png","contentUrl":"https:\/\/voblafishing.ee\/wp-content\/uploads\/2026\/03\/PILT-15.png","width":940,"height":788},{"@type":"BreadcrumbList","@id":"https:\/\/voblafishing.ee\/toode\/vodik-nays-prdtr-2-0-12-7cm\/#breadcrumb","itemListElement":[{"@type":"ListItem","position":1,"name":"Esileht","item":"https:\/\/voblafishing.ee\/"},{"@type":"ListItem","position":2,"name":"Pood","item":"https:\/\/voblafishing.ee\/pood\/"},{"@type":"ListItem","position":3,"name":"V\u00f5dik NAYS PRDTR 2.0 &#8211; 12.7cm"}]},{"@type":"WebSite","@id":"https:\/\/voblafishing.ee\/#website","url":"https:\/\/voblafishing.ee\/","name":"Voblafishing - Kalastustarbed","description":"Kalstustarvete m&uuml;&uuml;k. Landid, ridvad, rullid, n&ouml;&ouml;rid, v&otilde;dikud, jigipead","publisher":{"@id":"https:\/\/voblafishing.ee\/#organization"},"potentialAction":[{"@type":"SearchAction","target":{"@type":"EntryPoint","urlTemplate":"https:\/\/voblafishing.ee\/?s={search_term_string}"},"query-input":{"@type":"PropertyValueSpecification","valueRequired":true,"valueName":"search_term_string"}}],"inLanguage":"en-GB"},{"@type":"Organization","@id":"https:\/\/voblafishing.ee\/#organization","name":"Voblafishing - Kalastustarbed","url":"https:\/\/voblafishing.ee\/","logo":{"@type":"ImageObject","inLanguage":"en-GB","@id":"https:\/\/voblafishing.ee\/#\/schema\/logo\/image\/","url":"https:\/\/voblafishing.ee\/wp-content\/uploads\/2021\/09\/Vobla-ymargune.png","contentUrl":"https:\/\/voblafishing.ee\/wp-content\/uploads\/2021\/09\/Vobla-ymargune.png","width":300,"height":300,"caption":"Voblafishing - Kalastustarbed"},"image":{"@id":"https:\/\/voblafishing.ee\/#\/schema\/logo\/image\/"},"sameAs":["https:\/\/www.facebook.com\/tartuvobla"]}]}},"_links":{"self":[{"href":"https:\/\/voblafishing.ee\/en\/wp-json\/wp\/v2\/product\/109529","targetHints":{"allow":["GET"]}}],"collection":[{"href":"https:\/\/voblafishing.ee\/en\/wp-json\/wp\/v2\/product"}],"about":[{"href":"https:\/\/voblafishing.ee\/en\/wp-json\/wp\/v2\/types\/product"}],"version-history":[{"count":2,"href":"https:\/\/voblafishing.ee\/en\/wp-json\/wp\/v2\/product\/109529\/revisions"}],"predecessor-version":[{"id":109539,"href":"https:\/\/voblafishing.ee\/en\/wp-json\/wp\/v2\/product\/109529\/revisions\/109539"}],"wp:featuredmedia":[{"embeddable":true,"href":"https:\/\/voblafishing.ee\/en\/wp-json\/wp\/v2\/media\/109519"}],"wp:attachment":[{"href":"https:\/\/voblafishing.ee\/en\/wp-json\/wp\/v2\/media?parent=109529"}],"wp:term":[{"taxonomy":"product_brand","embeddable":true,"href":"https:\/\/voblafishing.ee\/en\/wp-json\/wp\/v2\/product_brand?post=109529"},{"taxonomy":"product_cat","embeddable":true,"href":"https:\/\/voblafishing.ee\/en\/wp-json\/wp\/v2\/product_cat?post=109529"},{"taxonomy":"product_tag","embeddable":true,"href":"https:\/\/voblafishing.ee\/en\/wp-json\/wp\/v2\/product_tag?post=109529"}],"curies":[{"name":"wp","href":"https:\/\/api.w.org\/{rel}","templated":true}]}}