{"id":114511,"date":"2026-04-26T21:24:09","date_gmt":"2026-04-26T19:24:09","guid":{"rendered":"https:\/\/voblafishing.ee\/?post_type=product&#038;p=114511"},"modified":"2026-04-26T21:57:40","modified_gmt":"2026-04-26T19:57:40","slug":"vonklant-matu-kasitoo-uv-red","status":"publish","type":"product","link":"https:\/\/voblafishing.ee\/en\/product\/vonklant-matu-kasitoo-uv-red\/","title":{"rendered":"V\u00f5nklant Matu K\u00e4sit\u00f6\u00f6 UV &#8211; Red"},"content":{"rendered":"<p>Matu k\u00e4sit\u00f6\u00f6 9cm v\u00f5nklandid on just m\u00f5eldud jahedasse vette merika p\u00fc\u00fcgile. Iga v\u00e4rv on targalt valitud, ning iga aasta on olnud k\u00f5ige edukamad. Lisaks \u00e4gedatele v\u00e4rvidele on lantidel ka peal UV s\u00e4delus, mis ka k\u00f5ige sogasemas vees annab kalale eelise seda lanti n\u00e4ha ja r\u00fcnnata.<\/p>","protected":false},"excerpt":{"rendered":"<p>Matu k\u00e4sit\u00f6\u00f6 9cm v\u00f5nklandid on just m\u00f5eldud jahedasse vette merika p\u00fc\u00fcgile. Iga v\u00e4rv on targalt valitud, ning iga aasta on<\/p>","protected":false},"featured_media":114516,"template":"","meta":{"_monsterinsights_skip_tracking":false,"_monsterinsights_sitenote_active":false,"_monsterinsights_sitenote_note":"","_monsterinsights_sitenote_category":0},"product_brand":[],"product_cat":[4482,3882,580],"product_tag":[3888],"class_list":{"0":"post-114511","1":"product","2":"type-product","3":"status-publish","4":"has-post-thumbnail","6":"product_cat-kasitoo-vonklandid","7":"product_cat-meriforell","8":"product_cat-vonklandid","9":"product_tag-meriforell","10":"pa_suurus-18g","11":"pa_suurus-21g","13":"first","14":"instock","15":"shipping-taxable","16":"purchasable","17":"product-type-variable"},"yoast_head":"<!-- This site is optimized with the Yoast SEO Premium plugin v18.1 (Yoast SEO v26.6) - https:\/\/yoast.com\/wordpress\/plugins\/seo\/ -->\n<title>Voblafishing &#8211; Kalastustarbed<\/title>\n<meta name=\"robots\" content=\"index, follow, max-snippet:-1, max-image-preview:large, max-video-preview:-1\" \/>\n<link rel=\"canonical\" href=\"https:\/\/voblafishing.ee\/en\/product\/vonklant-matu-kasitoo-uv-red\/\" \/>\n<meta property=\"og:locale\" content=\"en_GB\" \/>\n<meta property=\"og:type\" content=\"article\" \/>\n<meta property=\"og:title\" content=\"V\u00f5nklant Matu K\u00e4sit\u00f6\u00f6 UV - Red\" \/>\n<meta property=\"og:description\" content=\"Matu k\u00e4sit\u00f6\u00f6 9cm v\u00f5nklandid on just m\u00f5eldud jahedasse vette merika p\u00fc\u00fcgile. Iga v\u00e4rv on targalt valitud, ning iga aasta on\" \/>\n<meta property=\"og:url\" content=\"https:\/\/voblafishing.ee\/en\/product\/vonklant-matu-kasitoo-uv-red\/\" \/>\n<meta property=\"og:site_name\" content=\"Voblafishing - Kalastustarbed\" \/>\n<meta property=\"article:publisher\" content=\"https:\/\/www.facebook.com\/tartuvobla\" \/>\n<meta property=\"article:modified_time\" content=\"2026-04-26T19:57:40+00:00\" \/>\n<meta property=\"og:image\" content=\"https:\/\/voblafishing.ee\/wp-content\/uploads\/2026\/04\/PILT-2026-04-26T222931.682.png\" \/>\n\t<meta property=\"og:image:width\" content=\"940\" \/>\n\t<meta property=\"og:image:height\" content=\"788\" \/>\n\t<meta property=\"og:image:type\" content=\"image\/png\" \/>\n<meta name=\"twitter:card\" content=\"summary_large_image\" \/>\n<meta name=\"twitter:label1\" content=\"Estimated reading time\" \/>\n\t<meta name=\"twitter:data1\" content=\"1 minute\" \/>\n<!-- \/ Yoast SEO Premium plugin. -->","yoast_head_json":{"title":"Voblafishing &#8211; Kalastustarbed","robots":{"index":"index","follow":"follow","max-snippet":"max-snippet:-1","max-image-preview":"max-image-preview:large","max-video-preview":"max-video-preview:-1"},"canonical":"https:\/\/voblafishing.ee\/en\/product\/vonklant-matu-kasitoo-uv-red\/","og_locale":"en_GB","og_type":"article","og_title":"V\u00f5nklant Matu K\u00e4sit\u00f6\u00f6 UV - Red","og_description":"Matu k\u00e4sit\u00f6\u00f6 9cm v\u00f5nklandid on just m\u00f5eldud jahedasse vette merika p\u00fc\u00fcgile. Iga v\u00e4rv on targalt valitud, ning iga aasta on","og_url":"https:\/\/voblafishing.ee\/en\/product\/vonklant-matu-kasitoo-uv-red\/","og_site_name":"Voblafishing - Kalastustarbed","article_publisher":"https:\/\/www.facebook.com\/tartuvobla","article_modified_time":"2026-04-26T19:57:40+00:00","og_image":[{"width":940,"height":788,"url":"https:\/\/voblafishing.ee\/wp-content\/uploads\/2026\/04\/PILT-2026-04-26T222931.682.png","type":"image\/png"}],"twitter_card":"summary_large_image","twitter_misc":{"Estimated reading time":"1 minute"},"schema":{"@context":"https:\/\/schema.org","@graph":[{"@type":"WebPage","@id":"https:\/\/voblafishing.ee\/toode\/vonklant-matu-kasitoo-uv-red\/","url":"https:\/\/voblafishing.ee\/toode\/vonklant-matu-kasitoo-uv-red\/","name":"V\u00f5nklant Matu K\u00e4sit\u00f6\u00f6 UV - Red","isPartOf":{"@id":"https:\/\/voblafishing.ee\/#website"},"primaryImageOfPage":{"@id":"https:\/\/voblafishing.ee\/toode\/vonklant-matu-kasitoo-uv-red\/#primaryimage"},"image":{"@id":"https:\/\/voblafishing.ee\/toode\/vonklant-matu-kasitoo-uv-red\/#primaryimage"},"thumbnailUrl":"https:\/\/voblafishing.ee\/wp-content\/uploads\/2026\/04\/PILT-2026-04-26T222931.682.png","datePublished":"2026-04-26T19:24:09+00:00","dateModified":"2026-04-26T19:57:40+00:00","breadcrumb":{"@id":"https:\/\/voblafishing.ee\/toode\/vonklant-matu-kasitoo-uv-red\/#breadcrumb"},"inLanguage":"en-GB","potentialAction":[{"@type":"ReadAction","target":["https:\/\/voblafishing.ee\/toode\/vonklant-matu-kasitoo-uv-red\/"]}]},{"@type":"ImageObject","inLanguage":"en-GB","@id":"https:\/\/voblafishing.ee\/toode\/vonklant-matu-kasitoo-uv-red\/#primaryimage","url":"https:\/\/voblafishing.ee\/wp-content\/uploads\/2026\/04\/PILT-2026-04-26T222931.682.png","contentUrl":"https:\/\/voblafishing.ee\/wp-content\/uploads\/2026\/04\/PILT-2026-04-26T222931.682.png","width":940,"height":788},{"@type":"BreadcrumbList","@id":"https:\/\/voblafishing.ee\/toode\/vonklant-matu-kasitoo-uv-red\/#breadcrumb","itemListElement":[{"@type":"ListItem","position":1,"name":"Esileht","item":"https:\/\/voblafishing.ee\/"},{"@type":"ListItem","position":2,"name":"Pood","item":"https:\/\/voblafishing.ee\/pood\/"},{"@type":"ListItem","position":3,"name":"V\u00f5nklant Matu K\u00e4sit\u00f6\u00f6 UV &#8211; Red"}]},{"@type":"WebSite","@id":"https:\/\/voblafishing.ee\/#website","url":"https:\/\/voblafishing.ee\/","name":"Voblafishing - Kalastustarbed","description":"Kalstustarvete m&uuml;&uuml;k. Landid, ridvad, rullid, n&ouml;&ouml;rid, v&otilde;dikud, jigipead","publisher":{"@id":"https:\/\/voblafishing.ee\/#organization"},"potentialAction":[{"@type":"SearchAction","target":{"@type":"EntryPoint","urlTemplate":"https:\/\/voblafishing.ee\/?s={search_term_string}"},"query-input":{"@type":"PropertyValueSpecification","valueRequired":true,"valueName":"search_term_string"}}],"inLanguage":"en-GB"},{"@type":"Organization","@id":"https:\/\/voblafishing.ee\/#organization","name":"Voblafishing - Kalastustarbed","url":"https:\/\/voblafishing.ee\/","logo":{"@type":"ImageObject","inLanguage":"en-GB","@id":"https:\/\/voblafishing.ee\/#\/schema\/logo\/image\/","url":"https:\/\/voblafishing.ee\/wp-content\/uploads\/2021\/09\/Vobla-ymargune.png","contentUrl":"https:\/\/voblafishing.ee\/wp-content\/uploads\/2021\/09\/Vobla-ymargune.png","width":300,"height":300,"caption":"Voblafishing - Kalastustarbed"},"image":{"@id":"https:\/\/voblafishing.ee\/#\/schema\/logo\/image\/"},"sameAs":["https:\/\/www.facebook.com\/tartuvobla"]}]}},"_links":{"self":[{"href":"https:\/\/voblafishing.ee\/en\/wp-json\/wp\/v2\/product\/114511","targetHints":{"allow":["GET"]}}],"collection":[{"href":"https:\/\/voblafishing.ee\/en\/wp-json\/wp\/v2\/product"}],"about":[{"href":"https:\/\/voblafishing.ee\/en\/wp-json\/wp\/v2\/types\/product"}],"version-history":[{"count":3,"href":"https:\/\/voblafishing.ee\/en\/wp-json\/wp\/v2\/product\/114511\/revisions"}],"predecessor-version":[{"id":114533,"href":"https:\/\/voblafishing.ee\/en\/wp-json\/wp\/v2\/product\/114511\/revisions\/114533"}],"wp:featuredmedia":[{"embeddable":true,"href":"https:\/\/voblafishing.ee\/en\/wp-json\/wp\/v2\/media\/114516"}],"wp:attachment":[{"href":"https:\/\/voblafishing.ee\/en\/wp-json\/wp\/v2\/media?parent=114511"}],"wp:term":[{"taxonomy":"product_brand","embeddable":true,"href":"https:\/\/voblafishing.ee\/en\/wp-json\/wp\/v2\/product_brand?post=114511"},{"taxonomy":"product_cat","embeddable":true,"href":"https:\/\/voblafishing.ee\/en\/wp-json\/wp\/v2\/product_cat?post=114511"},{"taxonomy":"product_tag","embeddable":true,"href":"https:\/\/voblafishing.ee\/en\/wp-json\/wp\/v2\/product_tag?post=114511"}],"curies":[{"name":"wp","href":"https:\/\/api.w.org\/{rel}","templated":true}]}}