{"id":106434,"date":"2026-01-26T17:01:20","date_gmt":"2026-01-26T15:01:20","guid":{"rendered":"https:\/\/voblafishing.ee\/?post_type=product&#038;p=106434"},"modified":"2026-01-26T17:03:31","modified_gmt":"2026-01-26T15:03:31","slug":"pusa-westin-original-hoodie-black-6-varianti","status":"publish","type":"product","link":"https:\/\/voblafishing.ee\/fi\/tuote\/pusa-westin-original-hoodie-black-6-varianti\/","title":{"rendered":"Pusa WESTIN Original Hoodie Black (6 varianti)"},"content":{"rendered":"<p>Originaal lukuga kapuutsiga dressipluus on sama mugav ja kvaliteetne kui originaalne kapuutsiga dressipluus, kuid t\u00e4ispika lukuga. 65\/35 puuvill\/pol\u00fcesterkangas \u00fclipehme harjatud sisemusega mugavuse ja soojuse tagamiseks. Jagatud k\u00e4ngurutasku \u2013 ideaalne hoiustamiseks v\u00f5i k\u00fclmade k\u00e4te korral.<\/p>\n<p>65% puuvill 35% pol\u00fcester<br \/>\nJagatud k\u00e4ngurutasku<br \/>\nPingutusn\u00f6\u00f6riga kapuuts<br \/>\nMugav sildita kaelasilt<br \/>\nNormaalne l\u00f5ige<\/p>\n<p><b>**Suuruste tabeli leiad siit** -&gt; https:\/\/www.westin-fishing.com\/en\/this-is-westin\/size-guide\/<\/b><\/p>","protected":false},"excerpt":{"rendered":"<p>Originaal lukuga kapuutsiga dressipluus on sama mugav ja kvaliteetne kui originaalne kapuutsiga dressipluus, kuid t\u00e4ispika lukuga. 65\/35 puuvill\/pol\u00fcesterkangas \u00fclipehme harjatud<\/p>","protected":false},"featured_media":106441,"template":"","meta":{"_monsterinsights_skip_tracking":false,"_monsterinsights_sitenote_active":false,"_monsterinsights_sitenote_note":"","_monsterinsights_sitenote_category":0},"product_brand":[],"product_cat":[979,575],"product_tag":[],"class_list":{"0":"post-106434","1":"product","2":"type-product","3":"status-publish","4":"has-post-thumbnail","6":"product_cat-joped","7":"product_cat-roivad-ja-jalatsid","8":"pa_suurus-m","9":"pa_suurus-xl","10":"pa_suurus-s","11":"pa_suurus-xxl","12":"pa_suurus-l","13":"pa_suurus-3xl","15":"first","16":"instock","17":"shipping-taxable","18":"purchasable","19":"product-type-variable"},"yoast_head":"<!-- This site is optimized with the Yoast SEO Premium plugin v18.1 (Yoast SEO v26.6) - https:\/\/yoast.com\/wordpress\/plugins\/seo\/ -->\n<title>Voblafishing &#8211; Kalastustarbed<\/title>\n<meta name=\"robots\" content=\"index, follow, max-snippet:-1, max-image-preview:large, max-video-preview:-1\" \/>\n<link rel=\"canonical\" href=\"https:\/\/voblafishing.ee\/fi\/tuote\/pusa-westin-original-hoodie-black-6-varianti\/\" \/>\n<meta property=\"og:locale\" content=\"fi_FI\" \/>\n<meta property=\"og:type\" content=\"article\" \/>\n<meta property=\"og:title\" content=\"Pusa WESTIN Original Hoodie Black (6 varianti)\" \/>\n<meta property=\"og:description\" content=\"Originaal lukuga kapuutsiga dressipluus on sama mugav ja kvaliteetne kui originaalne kapuutsiga dressipluus, kuid t\u00e4ispika lukuga. 65\/35 puuvill\/pol\u00fcesterkangas \u00fclipehme harjatud\" \/>\n<meta property=\"og:url\" content=\"https:\/\/voblafishing.ee\/fi\/tuote\/pusa-westin-original-hoodie-black-6-varianti\/\" \/>\n<meta property=\"og:site_name\" content=\"Voblafishing - Kalastustarbed\" \/>\n<meta property=\"article:publisher\" content=\"https:\/\/www.facebook.com\/tartuvobla\" \/>\n<meta property=\"article:modified_time\" content=\"2026-01-26T15:03:31+00:00\" \/>\n<meta property=\"og:image\" content=\"https:\/\/voblafishing.ee\/wp-content\/uploads\/2026\/01\/a62_386_x1.jpg\" \/>\n\t<meta property=\"og:image:width\" content=\"1024\" \/>\n\t<meta property=\"og:image:height\" content=\"768\" \/>\n\t<meta property=\"og:image:type\" content=\"image\/jpeg\" \/>\n<meta name=\"twitter:card\" content=\"summary_large_image\" \/>\n<meta name=\"twitter:label1\" content=\"Arvioitu lukuaika\" \/>\n\t<meta name=\"twitter:data1\" content=\"1 minuutti\" \/>\n<!-- \/ Yoast SEO Premium plugin. -->","yoast_head_json":{"title":"Voblafishing &#8211; Kalastustarbed","robots":{"index":"index","follow":"follow","max-snippet":"max-snippet:-1","max-image-preview":"max-image-preview:large","max-video-preview":"max-video-preview:-1"},"canonical":"https:\/\/voblafishing.ee\/fi\/tuote\/pusa-westin-original-hoodie-black-6-varianti\/","og_locale":"fi_FI","og_type":"article","og_title":"Pusa WESTIN Original Hoodie Black (6 varianti)","og_description":"Originaal lukuga kapuutsiga dressipluus on sama mugav ja kvaliteetne kui originaalne kapuutsiga dressipluus, kuid t\u00e4ispika lukuga. 65\/35 puuvill\/pol\u00fcesterkangas \u00fclipehme harjatud","og_url":"https:\/\/voblafishing.ee\/fi\/tuote\/pusa-westin-original-hoodie-black-6-varianti\/","og_site_name":"Voblafishing - Kalastustarbed","article_publisher":"https:\/\/www.facebook.com\/tartuvobla","article_modified_time":"2026-01-26T15:03:31+00:00","og_image":[{"width":1024,"height":768,"url":"https:\/\/voblafishing.ee\/wp-content\/uploads\/2026\/01\/a62_386_x1.jpg","type":"image\/jpeg"}],"twitter_card":"summary_large_image","twitter_misc":{"Arvioitu lukuaika":"1 minuutti"},"schema":{"@context":"https:\/\/schema.org","@graph":[{"@type":"WebPage","@id":"https:\/\/voblafishing.ee\/toode\/pusa-westin-original-hoodie-black-6-varianti\/","url":"https:\/\/voblafishing.ee\/toode\/pusa-westin-original-hoodie-black-6-varianti\/","name":"Pusa WESTIN Original Hoodie Black (6 varianti)","isPartOf":{"@id":"https:\/\/voblafishing.ee\/#website"},"primaryImageOfPage":{"@id":"https:\/\/voblafishing.ee\/toode\/pusa-westin-original-hoodie-black-6-varianti\/#primaryimage"},"image":{"@id":"https:\/\/voblafishing.ee\/toode\/pusa-westin-original-hoodie-black-6-varianti\/#primaryimage"},"thumbnailUrl":"https:\/\/voblafishing.ee\/wp-content\/uploads\/2026\/01\/a62_386_x1.jpg","datePublished":"2026-01-26T15:01:20+00:00","dateModified":"2026-01-26T15:03:31+00:00","breadcrumb":{"@id":"https:\/\/voblafishing.ee\/toode\/pusa-westin-original-hoodie-black-6-varianti\/#breadcrumb"},"inLanguage":"fi","potentialAction":[{"@type":"ReadAction","target":["https:\/\/voblafishing.ee\/toode\/pusa-westin-original-hoodie-black-6-varianti\/"]}]},{"@type":"ImageObject","inLanguage":"fi","@id":"https:\/\/voblafishing.ee\/toode\/pusa-westin-original-hoodie-black-6-varianti\/#primaryimage","url":"https:\/\/voblafishing.ee\/wp-content\/uploads\/2026\/01\/a62_386_x1.jpg","contentUrl":"https:\/\/voblafishing.ee\/wp-content\/uploads\/2026\/01\/a62_386_x1.jpg","width":1024,"height":768},{"@type":"BreadcrumbList","@id":"https:\/\/voblafishing.ee\/toode\/pusa-westin-original-hoodie-black-6-varianti\/#breadcrumb","itemListElement":[{"@type":"ListItem","position":1,"name":"Esileht","item":"https:\/\/voblafishing.ee\/"},{"@type":"ListItem","position":2,"name":"Pood","item":"https:\/\/voblafishing.ee\/pood\/"},{"@type":"ListItem","position":3,"name":"Pusa WESTIN Original Hoodie Black (6 varianti)"}]},{"@type":"WebSite","@id":"https:\/\/voblafishing.ee\/#website","url":"https:\/\/voblafishing.ee\/","name":"Voblafishing - Kalastustarbed","description":"Kalstustarvete m&uuml;&uuml;k. Landid, ridvad, rullid, n&ouml;&ouml;rid, v&otilde;dikud, jigipead","publisher":{"@id":"https:\/\/voblafishing.ee\/#organization"},"potentialAction":[{"@type":"SearchAction","target":{"@type":"EntryPoint","urlTemplate":"https:\/\/voblafishing.ee\/?s={search_term_string}"},"query-input":{"@type":"PropertyValueSpecification","valueRequired":true,"valueName":"search_term_string"}}],"inLanguage":"fi"},{"@type":"Organization","@id":"https:\/\/voblafishing.ee\/#organization","name":"Voblafishing - Kalastustarbed","url":"https:\/\/voblafishing.ee\/","logo":{"@type":"ImageObject","inLanguage":"fi","@id":"https:\/\/voblafishing.ee\/#\/schema\/logo\/image\/","url":"https:\/\/voblafishing.ee\/wp-content\/uploads\/2021\/09\/Vobla-ymargune.png","contentUrl":"https:\/\/voblafishing.ee\/wp-content\/uploads\/2021\/09\/Vobla-ymargune.png","width":300,"height":300,"caption":"Voblafishing - Kalastustarbed"},"image":{"@id":"https:\/\/voblafishing.ee\/#\/schema\/logo\/image\/"},"sameAs":["https:\/\/www.facebook.com\/tartuvobla"]}]}},"_links":{"self":[{"href":"https:\/\/voblafishing.ee\/fi\/wp-json\/wp\/v2\/product\/106434","targetHints":{"allow":["GET"]}}],"collection":[{"href":"https:\/\/voblafishing.ee\/fi\/wp-json\/wp\/v2\/product"}],"about":[{"href":"https:\/\/voblafishing.ee\/fi\/wp-json\/wp\/v2\/types\/product"}],"version-history":[{"count":1,"href":"https:\/\/voblafishing.ee\/fi\/wp-json\/wp\/v2\/product\/106434\/revisions"}],"predecessor-version":[{"id":106442,"href":"https:\/\/voblafishing.ee\/fi\/wp-json\/wp\/v2\/product\/106434\/revisions\/106442"}],"wp:featuredmedia":[{"embeddable":true,"href":"https:\/\/voblafishing.ee\/fi\/wp-json\/wp\/v2\/media\/106441"}],"wp:attachment":[{"href":"https:\/\/voblafishing.ee\/fi\/wp-json\/wp\/v2\/media?parent=106434"}],"wp:term":[{"taxonomy":"product_brand","embeddable":true,"href":"https:\/\/voblafishing.ee\/fi\/wp-json\/wp\/v2\/product_brand?post=106434"},{"taxonomy":"product_cat","embeddable":true,"href":"https:\/\/voblafishing.ee\/fi\/wp-json\/wp\/v2\/product_cat?post=106434"},{"taxonomy":"product_tag","embeddable":true,"href":"https:\/\/voblafishing.ee\/fi\/wp-json\/wp\/v2\/product_tag?post=106434"}],"curies":[{"name":"wp","href":"https:\/\/api.w.org\/{rel}","templated":true}]}}