{"id":106461,"date":"2026-01-26T17:18:44","date_gmt":"2026-01-26T15:18:44","guid":{"rendered":"https:\/\/voblafishing.ee\/?post_type=product&#038;p=106461"},"modified":"2026-01-26T18:13:23","modified_gmt":"2026-01-26T16:13:23","slug":"jope-westin-w4-jacket-6-varianti","status":"publish","type":"product","link":"https:\/\/voblafishing.ee\/fi\/tuote\/jope-westin-w4-jacket-6-varianti\/","title":{"rendered":"Jope WESTIN W4 Jacket (6 varianti)"},"content":{"rendered":"<p>W4 jope on loodud selleks, et teie kalastamine oleks t\u00f5hus ja mugav, olenemata ilmast. See hingav (5000 mvp) ja veekindel (15 000 mm k\u00f5rgus\/k\u00f5rgus) kahekihiline Taslan Oxford ja RipStop materjal on hoolikalt valitud maksimaalse liikumisvabaduse ja vastupidavuse tagamiseks. K\u00f5ik \u00f5mblused on t\u00e4ielikult teibitud ja Eco DWR Bionic viimistlus aitab jopel veepiiskadel kiiresti silma p\u00e4\u00e4seda. K\u00f5rge fliisvoodriga krae aitab tuulistel p\u00e4evadel v\u00e4ltida t\u00fc\u00fctut tuulet\u00f5mbust, samas kui kapuutsi saab t\u00e4ielikult reguleerida ja vajadusel krae sisse peita. Kahesuunaline eriti tugev p\u00f5hit\u00f5mblukk on h\u00f5lpsasti kasutatav ja hoiab ilmastikuolud eemal. Liigendatud tugevdatud k\u00fc\u00fcnarnukid ja kaenlaalused paneelid parandavad k\u00e4te liikuvust, mis on oluline kaalutlus lantide pideval heitmisel ja kergitamisel. Kaks suurt lukuga rinnataskut sobivad ideaalselt suuremate oluliste asjade hoidmiseks, samas kui kaks alumist lukuga taskut sobivad ideaalselt v\u00e4ikeste esemete jaoks. \u00d5ngitsejate poolt \u00f5ngitsejatele disainitud W4 jope tagab, et kalastate mugavalt ja stiilselt, kandes seda funktsionaalselt disainitud kalastusriietust.<\/p>\n<p>100% nailon Taslan Oxford kangas<br \/>\n100% nailon Taslan<br \/>\nRebenemiskindel kangas<br \/>\n15.000 mm\/5.000 mvp<br \/>\nT\u00e4ielikult suletud \u00f5mblused<br \/>\nEco DWR Bionic viimistlus\u00ae<br \/>\n100% nailonvooder<br \/>\nReguleeritav kapuuts, mis rullub krae sisse<br \/>\nK\u00f5rge, fliisvoodriga krae<br \/>\nSuured rinnataskud lukkudega<br \/>\nKaks alumist lukkudega taskut<br \/>\nTugev kahesuunaline eesmine keskmine lukk<br \/>\nKaenlaalused paneelid optimaalse mugavuse tagamiseks<br \/>\nLiigendiga, tugevdatud k\u00fc\u00fcnarnukid<br \/>\nMansettide reguleerimine takjapaelaga<br \/>\nPingutusn\u00f6\u00f6r all\u00e4\u00e4res<\/p>\n<p>**Suuruste tabeli leiad siit** -&gt; (https:\/\/www.westin-fishing.com\/en\/this-is-westin\/size-guide\/)<\/p>","protected":false},"excerpt":{"rendered":"<p>W4 jope on loodud selleks, et teie kalastamine oleks t\u00f5hus ja mugav, olenemata ilmast. See hingav (5000 mvp) ja veekindel<\/p>","protected":false},"featured_media":106462,"template":"","meta":{"_monsterinsights_skip_tracking":false,"_monsterinsights_sitenote_active":false,"_monsterinsights_sitenote_note":"","_monsterinsights_sitenote_category":0},"product_brand":[],"product_cat":[979,575],"product_tag":[],"class_list":{"0":"post-106461","1":"product","2":"type-product","3":"status-publish","4":"has-post-thumbnail","6":"product_cat-joped","7":"product_cat-roivad-ja-jalatsid","8":"pa_suurus-l","9":"pa_suurus-m","10":"pa_suurus-xl","11":"pa_suurus-s","12":"pa_suurus-xxl","13":"pa_suurus-3xl","15":"first","16":"instock","17":"shipping-taxable","18":"purchasable","19":"product-type-variable"},"yoast_head":"<!-- This site is optimized with the Yoast SEO Premium plugin v18.1 (Yoast SEO v26.6) - https:\/\/yoast.com\/wordpress\/plugins\/seo\/ -->\n<title>Voblafishing &#8211; Kalastustarbed<\/title>\n<meta name=\"robots\" content=\"index, follow, max-snippet:-1, max-image-preview:large, max-video-preview:-1\" \/>\n<link rel=\"canonical\" href=\"https:\/\/voblafishing.ee\/fi\/tuote\/jope-westin-w4-jacket-6-varianti\/\" \/>\n<meta property=\"og:locale\" content=\"fi_FI\" \/>\n<meta property=\"og:type\" content=\"article\" \/>\n<meta property=\"og:title\" content=\"Jope WESTIN W4 Jacket (6 varianti)\" \/>\n<meta property=\"og:description\" content=\"W4 jope on loodud selleks, et teie kalastamine oleks t\u00f5hus ja mugav, olenemata ilmast. See hingav (5000 mvp) ja veekindel\" \/>\n<meta property=\"og:url\" content=\"https:\/\/voblafishing.ee\/fi\/tuote\/jope-westin-w4-jacket-6-varianti\/\" \/>\n<meta property=\"og:site_name\" content=\"Voblafishing - Kalastustarbed\" \/>\n<meta property=\"article:publisher\" content=\"https:\/\/www.facebook.com\/tartuvobla\" \/>\n<meta property=\"article:modified_time\" content=\"2026-01-26T16:13:23+00:00\" \/>\n<meta property=\"og:image\" content=\"https:\/\/voblafishing.ee\/wp-content\/uploads\/2026\/01\/a78_w4-jacket_headline.jpg\" \/>\n\t<meta property=\"og:image:width\" content=\"1600\" \/>\n\t<meta property=\"og:image:height\" content=\"1200\" \/>\n\t<meta property=\"og:image:type\" content=\"image\/jpeg\" \/>\n<meta name=\"twitter:card\" content=\"summary_large_image\" \/>\n<meta name=\"twitter:label1\" content=\"Arvioitu lukuaika\" \/>\n\t<meta name=\"twitter:data1\" content=\"2 minuuttia\" \/>\n<!-- \/ Yoast SEO Premium plugin. -->","yoast_head_json":{"title":"Voblafishing &#8211; Kalastustarbed","robots":{"index":"index","follow":"follow","max-snippet":"max-snippet:-1","max-image-preview":"max-image-preview:large","max-video-preview":"max-video-preview:-1"},"canonical":"https:\/\/voblafishing.ee\/fi\/tuote\/jope-westin-w4-jacket-6-varianti\/","og_locale":"fi_FI","og_type":"article","og_title":"Jope WESTIN W4 Jacket (6 varianti)","og_description":"W4 jope on loodud selleks, et teie kalastamine oleks t\u00f5hus ja mugav, olenemata ilmast. See hingav (5000 mvp) ja veekindel","og_url":"https:\/\/voblafishing.ee\/fi\/tuote\/jope-westin-w4-jacket-6-varianti\/","og_site_name":"Voblafishing - Kalastustarbed","article_publisher":"https:\/\/www.facebook.com\/tartuvobla","article_modified_time":"2026-01-26T16:13:23+00:00","og_image":[{"width":1600,"height":1200,"url":"https:\/\/voblafishing.ee\/wp-content\/uploads\/2026\/01\/a78_w4-jacket_headline.jpg","type":"image\/jpeg"}],"twitter_card":"summary_large_image","twitter_misc":{"Arvioitu lukuaika":"2 minuuttia"},"schema":{"@context":"https:\/\/schema.org","@graph":[{"@type":"WebPage","@id":"https:\/\/voblafishing.ee\/toode\/jope-westin-w4-jacket-6-varianti\/","url":"https:\/\/voblafishing.ee\/toode\/jope-westin-w4-jacket-6-varianti\/","name":"Jope WESTIN W4 Jacket (6 varianti)","isPartOf":{"@id":"https:\/\/voblafishing.ee\/#website"},"primaryImageOfPage":{"@id":"https:\/\/voblafishing.ee\/toode\/jope-westin-w4-jacket-6-varianti\/#primaryimage"},"image":{"@id":"https:\/\/voblafishing.ee\/toode\/jope-westin-w4-jacket-6-varianti\/#primaryimage"},"thumbnailUrl":"https:\/\/voblafishing.ee\/wp-content\/uploads\/2026\/01\/a78_w4-jacket_headline.jpg","datePublished":"2026-01-26T15:18:44+00:00","dateModified":"2026-01-26T16:13:23+00:00","breadcrumb":{"@id":"https:\/\/voblafishing.ee\/toode\/jope-westin-w4-jacket-6-varianti\/#breadcrumb"},"inLanguage":"fi","potentialAction":[{"@type":"ReadAction","target":["https:\/\/voblafishing.ee\/toode\/jope-westin-w4-jacket-6-varianti\/"]}]},{"@type":"ImageObject","inLanguage":"fi","@id":"https:\/\/voblafishing.ee\/toode\/jope-westin-w4-jacket-6-varianti\/#primaryimage","url":"https:\/\/voblafishing.ee\/wp-content\/uploads\/2026\/01\/a78_w4-jacket_headline.jpg","contentUrl":"https:\/\/voblafishing.ee\/wp-content\/uploads\/2026\/01\/a78_w4-jacket_headline.jpg","width":1600,"height":1200},{"@type":"BreadcrumbList","@id":"https:\/\/voblafishing.ee\/toode\/jope-westin-w4-jacket-6-varianti\/#breadcrumb","itemListElement":[{"@type":"ListItem","position":1,"name":"Esileht","item":"https:\/\/voblafishing.ee\/"},{"@type":"ListItem","position":2,"name":"Pood","item":"https:\/\/voblafishing.ee\/pood\/"},{"@type":"ListItem","position":3,"name":"Jope WESTIN W4 Jacket (6 varianti)"}]},{"@type":"WebSite","@id":"https:\/\/voblafishing.ee\/#website","url":"https:\/\/voblafishing.ee\/","name":"Voblafishing - Kalastustarbed","description":"Kalstustarvete m&uuml;&uuml;k. Landid, ridvad, rullid, n&ouml;&ouml;rid, v&otilde;dikud, jigipead","publisher":{"@id":"https:\/\/voblafishing.ee\/#organization"},"potentialAction":[{"@type":"SearchAction","target":{"@type":"EntryPoint","urlTemplate":"https:\/\/voblafishing.ee\/?s={search_term_string}"},"query-input":{"@type":"PropertyValueSpecification","valueRequired":true,"valueName":"search_term_string"}}],"inLanguage":"fi"},{"@type":"Organization","@id":"https:\/\/voblafishing.ee\/#organization","name":"Voblafishing - Kalastustarbed","url":"https:\/\/voblafishing.ee\/","logo":{"@type":"ImageObject","inLanguage":"fi","@id":"https:\/\/voblafishing.ee\/#\/schema\/logo\/image\/","url":"https:\/\/voblafishing.ee\/wp-content\/uploads\/2021\/09\/Vobla-ymargune.png","contentUrl":"https:\/\/voblafishing.ee\/wp-content\/uploads\/2021\/09\/Vobla-ymargune.png","width":300,"height":300,"caption":"Voblafishing - Kalastustarbed"},"image":{"@id":"https:\/\/voblafishing.ee\/#\/schema\/logo\/image\/"},"sameAs":["https:\/\/www.facebook.com\/tartuvobla"]}]}},"_links":{"self":[{"href":"https:\/\/voblafishing.ee\/fi\/wp-json\/wp\/v2\/product\/106461","targetHints":{"allow":["GET"]}}],"collection":[{"href":"https:\/\/voblafishing.ee\/fi\/wp-json\/wp\/v2\/product"}],"about":[{"href":"https:\/\/voblafishing.ee\/fi\/wp-json\/wp\/v2\/types\/product"}],"version-history":[{"count":1,"href":"https:\/\/voblafishing.ee\/fi\/wp-json\/wp\/v2\/product\/106461\/revisions"}],"predecessor-version":[{"id":106465,"href":"https:\/\/voblafishing.ee\/fi\/wp-json\/wp\/v2\/product\/106461\/revisions\/106465"}],"wp:featuredmedia":[{"embeddable":true,"href":"https:\/\/voblafishing.ee\/fi\/wp-json\/wp\/v2\/media\/106462"}],"wp:attachment":[{"href":"https:\/\/voblafishing.ee\/fi\/wp-json\/wp\/v2\/media?parent=106461"}],"wp:term":[{"taxonomy":"product_brand","embeddable":true,"href":"https:\/\/voblafishing.ee\/fi\/wp-json\/wp\/v2\/product_brand?post=106461"},{"taxonomy":"product_cat","embeddable":true,"href":"https:\/\/voblafishing.ee\/fi\/wp-json\/wp\/v2\/product_cat?post=106461"},{"taxonomy":"product_tag","embeddable":true,"href":"https:\/\/voblafishing.ee\/fi\/wp-json\/wp\/v2\/product_tag?post=106461"}],"curies":[{"name":"wp","href":"https:\/\/api.w.org\/{rel}","templated":true}]}}