{"id":106472,"date":"2026-01-26T17:27:37","date_gmt":"2026-01-26T15:27:37","guid":{"rendered":"https:\/\/voblafishing.ee\/?post_type=product&#038;p=106472"},"modified":"2026-01-26T18:13:10","modified_gmt":"2026-01-26T16:13:10","slug":"jope-westin-w6-rain-jacket-6-varianti","status":"publish","type":"product","link":"https:\/\/voblafishing.ee\/fi\/tuote\/jope-westin-w6-rain-jacket-6-varianti\/","title":{"rendered":"Jope WESTIN W6 Rain Jacket (6 varianti)"},"content":{"rendered":"<p>\u00c4ra lase vihmal end kalastamast takistada. Westin W6 vihmajope on 100% veekindel ja t\u00e4ielikult \u00f5mblustega suletud, kuid samas hingav ja mugav kanda terve p\u00e4eva vees. Toraydelfi\u00ae veekindel kangas hoiab sind kuivana, v\u00f5imaldades samal ajal \u00f5huringlust, niiskuse imamist ja liigse soojuse v\u00e4ljajuhtimist tegevuse ajal. Jope eriti k\u00f5rge krae topeltp\u00f5hjaga l\u00f5uakinnitusega pakub lisakaitset ja kinnitatud kapuuts on valmis igaks ootamatuks tormiks. See kantav ja spetsiaalne jope tagab, et saad kala p\u00fc\u00fcdmiseks vastu pidada igale ilmale.<\/p>\n<p>Toraydelfy\u00ae kanga veekindlus: 10000 mm hingavus: 10000 mm<br \/>\nMaterjal: 100% pol\u00fcester<br \/>\nYKK\u00ae eesmine t\u00f5mblukk<br \/>\nTopeltklapiga kinnitus eesmise luku kohal<br \/>\n2 k\u00fcljetaskut SBS\u00ae t\u00f5mblukkudega<br \/>\nSisetasku SBS\u00ae t\u00f5mblukkuga<br \/>\nReguleeritav helkiv punane kapuuts<br \/>\nTopeltp\u00f5hjaga l\u00f5uakinnitus<br \/>\nEriti k\u00f5rge krae pehme v\u00f5rguga kaelal ja l\u00f5ual mugavuse tagamiseks<br \/>\nLaserl\u00f5igatud takjapaelaga kinnitus<br \/>\nTopelttakjapaelaga mansetikinnitus<\/p>\n<p>**Suuruste tabeli leiad siit** -&gt; (https:\/\/www.westin-fishing.com\/en\/this-is-westin\/size-guide\/)<\/p>","protected":false},"excerpt":{"rendered":"<p>\u00c4ra lase vihmal end kalastamast takistada. Westin W6 vihmajope on 100% veekindel ja t\u00e4ielikult \u00f5mblustega suletud, kuid samas hingav ja<\/p>","protected":false},"featured_media":106486,"template":"","meta":{"_monsterinsights_skip_tracking":false,"_monsterinsights_sitenote_active":false,"_monsterinsights_sitenote_note":"","_monsterinsights_sitenote_category":0},"product_brand":[],"product_cat":[979,575],"product_tag":[],"class_list":{"0":"post-106472","1":"product","2":"type-product","3":"status-publish","4":"has-post-thumbnail","6":"product_cat-joped","7":"product_cat-roivad-ja-jalatsid","8":"pa_suurus-xxl","9":"pa_suurus-l","10":"pa_suurus-m","11":"pa_suurus-xl","12":"pa_suurus-s","13":"pa_suurus-3xl","15":"first","16":"instock","17":"shipping-taxable","18":"purchasable","19":"product-type-variable"},"yoast_head":"<!-- This site is optimized with the Yoast SEO Premium plugin v18.1 (Yoast SEO v26.6) - https:\/\/yoast.com\/wordpress\/plugins\/seo\/ -->\n<title>Voblafishing &#8211; Kalastustarbed<\/title>\n<meta name=\"robots\" content=\"index, follow, max-snippet:-1, max-image-preview:large, max-video-preview:-1\" \/>\n<link rel=\"canonical\" href=\"https:\/\/voblafishing.ee\/fi\/tuote\/jope-westin-w6-rain-jacket-6-varianti\/\" \/>\n<meta property=\"og:locale\" content=\"fi_FI\" \/>\n<meta property=\"og:type\" content=\"article\" \/>\n<meta property=\"og:title\" content=\"Jope WESTIN W6 Rain Jacket (6 varianti)\" \/>\n<meta property=\"og:description\" content=\"\u00c4ra lase vihmal end kalastamast takistada. Westin W6 vihmajope on 100% veekindel ja t\u00e4ielikult \u00f5mblustega suletud, kuid samas hingav ja\" \/>\n<meta property=\"og:url\" content=\"https:\/\/voblafishing.ee\/fi\/tuote\/jope-westin-w6-rain-jacket-6-varianti\/\" \/>\n<meta property=\"og:site_name\" content=\"Voblafishing - Kalastustarbed\" \/>\n<meta property=\"article:publisher\" content=\"https:\/\/www.facebook.com\/tartuvobla\" \/>\n<meta property=\"article:modified_time\" content=\"2026-01-26T16:13:10+00:00\" \/>\n<meta property=\"og:image\" content=\"https:\/\/voblafishing.ee\/wp-content\/uploads\/2026\/01\/w6_rainsuit_jacket.jpg\" \/>\n\t<meta property=\"og:image:width\" content=\"1600\" \/>\n\t<meta property=\"og:image:height\" content=\"1200\" \/>\n\t<meta property=\"og:image:type\" content=\"image\/jpeg\" \/>\n<meta name=\"twitter:card\" content=\"summary_large_image\" \/>\n<meta name=\"twitter:label1\" content=\"Arvioitu lukuaika\" \/>\n\t<meta name=\"twitter:data1\" content=\"1 minuutti\" \/>\n<!-- \/ Yoast SEO Premium plugin. -->","yoast_head_json":{"title":"Voblafishing &#8211; Kalastustarbed","robots":{"index":"index","follow":"follow","max-snippet":"max-snippet:-1","max-image-preview":"max-image-preview:large","max-video-preview":"max-video-preview:-1"},"canonical":"https:\/\/voblafishing.ee\/fi\/tuote\/jope-westin-w6-rain-jacket-6-varianti\/","og_locale":"fi_FI","og_type":"article","og_title":"Jope WESTIN W6 Rain Jacket (6 varianti)","og_description":"\u00c4ra lase vihmal end kalastamast takistada. Westin W6 vihmajope on 100% veekindel ja t\u00e4ielikult \u00f5mblustega suletud, kuid samas hingav ja","og_url":"https:\/\/voblafishing.ee\/fi\/tuote\/jope-westin-w6-rain-jacket-6-varianti\/","og_site_name":"Voblafishing - Kalastustarbed","article_publisher":"https:\/\/www.facebook.com\/tartuvobla","article_modified_time":"2026-01-26T16:13:10+00:00","og_image":[{"width":1600,"height":1200,"url":"https:\/\/voblafishing.ee\/wp-content\/uploads\/2026\/01\/w6_rainsuit_jacket.jpg","type":"image\/jpeg"}],"twitter_card":"summary_large_image","twitter_misc":{"Arvioitu lukuaika":"1 minuutti"},"schema":{"@context":"https:\/\/schema.org","@graph":[{"@type":"WebPage","@id":"https:\/\/voblafishing.ee\/toode\/jope-westin-w6-rain-jacket-6-varianti\/","url":"https:\/\/voblafishing.ee\/toode\/jope-westin-w6-rain-jacket-6-varianti\/","name":"Jope WESTIN W6 Rain Jacket (6 varianti)","isPartOf":{"@id":"https:\/\/voblafishing.ee\/#website"},"primaryImageOfPage":{"@id":"https:\/\/voblafishing.ee\/toode\/jope-westin-w6-rain-jacket-6-varianti\/#primaryimage"},"image":{"@id":"https:\/\/voblafishing.ee\/toode\/jope-westin-w6-rain-jacket-6-varianti\/#primaryimage"},"thumbnailUrl":"https:\/\/voblafishing.ee\/wp-content\/uploads\/2026\/01\/w6_rainsuit_jacket.jpg","datePublished":"2026-01-26T15:27:37+00:00","dateModified":"2026-01-26T16:13:10+00:00","breadcrumb":{"@id":"https:\/\/voblafishing.ee\/toode\/jope-westin-w6-rain-jacket-6-varianti\/#breadcrumb"},"inLanguage":"fi","potentialAction":[{"@type":"ReadAction","target":["https:\/\/voblafishing.ee\/toode\/jope-westin-w6-rain-jacket-6-varianti\/"]}]},{"@type":"ImageObject","inLanguage":"fi","@id":"https:\/\/voblafishing.ee\/toode\/jope-westin-w6-rain-jacket-6-varianti\/#primaryimage","url":"https:\/\/voblafishing.ee\/wp-content\/uploads\/2026\/01\/w6_rainsuit_jacket.jpg","contentUrl":"https:\/\/voblafishing.ee\/wp-content\/uploads\/2026\/01\/w6_rainsuit_jacket.jpg","width":1600,"height":1200},{"@type":"BreadcrumbList","@id":"https:\/\/voblafishing.ee\/toode\/jope-westin-w6-rain-jacket-6-varianti\/#breadcrumb","itemListElement":[{"@type":"ListItem","position":1,"name":"Esileht","item":"https:\/\/voblafishing.ee\/"},{"@type":"ListItem","position":2,"name":"Pood","item":"https:\/\/voblafishing.ee\/pood\/"},{"@type":"ListItem","position":3,"name":"Jope WESTIN W6 Rain Jacket (6 varianti)"}]},{"@type":"WebSite","@id":"https:\/\/voblafishing.ee\/#website","url":"https:\/\/voblafishing.ee\/","name":"Voblafishing - Kalastustarbed","description":"Kalstustarvete m&uuml;&uuml;k. Landid, ridvad, rullid, n&ouml;&ouml;rid, v&otilde;dikud, jigipead","publisher":{"@id":"https:\/\/voblafishing.ee\/#organization"},"potentialAction":[{"@type":"SearchAction","target":{"@type":"EntryPoint","urlTemplate":"https:\/\/voblafishing.ee\/?s={search_term_string}"},"query-input":{"@type":"PropertyValueSpecification","valueRequired":true,"valueName":"search_term_string"}}],"inLanguage":"fi"},{"@type":"Organization","@id":"https:\/\/voblafishing.ee\/#organization","name":"Voblafishing - Kalastustarbed","url":"https:\/\/voblafishing.ee\/","logo":{"@type":"ImageObject","inLanguage":"fi","@id":"https:\/\/voblafishing.ee\/#\/schema\/logo\/image\/","url":"https:\/\/voblafishing.ee\/wp-content\/uploads\/2021\/09\/Vobla-ymargune.png","contentUrl":"https:\/\/voblafishing.ee\/wp-content\/uploads\/2021\/09\/Vobla-ymargune.png","width":300,"height":300,"caption":"Voblafishing - Kalastustarbed"},"image":{"@id":"https:\/\/voblafishing.ee\/#\/schema\/logo\/image\/"},"sameAs":["https:\/\/www.facebook.com\/tartuvobla"]}]}},"_links":{"self":[{"href":"https:\/\/voblafishing.ee\/fi\/wp-json\/wp\/v2\/product\/106472","targetHints":{"allow":["GET"]}}],"collection":[{"href":"https:\/\/voblafishing.ee\/fi\/wp-json\/wp\/v2\/product"}],"about":[{"href":"https:\/\/voblafishing.ee\/fi\/wp-json\/wp\/v2\/types\/product"}],"version-history":[{"count":1,"href":"https:\/\/voblafishing.ee\/fi\/wp-json\/wp\/v2\/product\/106472\/revisions"}],"predecessor-version":[{"id":106479,"href":"https:\/\/voblafishing.ee\/fi\/wp-json\/wp\/v2\/product\/106472\/revisions\/106479"}],"wp:featuredmedia":[{"embeddable":true,"href":"https:\/\/voblafishing.ee\/fi\/wp-json\/wp\/v2\/media\/106486"}],"wp:attachment":[{"href":"https:\/\/voblafishing.ee\/fi\/wp-json\/wp\/v2\/media?parent=106472"}],"wp:term":[{"taxonomy":"product_brand","embeddable":true,"href":"https:\/\/voblafishing.ee\/fi\/wp-json\/wp\/v2\/product_brand?post=106472"},{"taxonomy":"product_cat","embeddable":true,"href":"https:\/\/voblafishing.ee\/fi\/wp-json\/wp\/v2\/product_cat?post=106472"},{"taxonomy":"product_tag","embeddable":true,"href":"https:\/\/voblafishing.ee\/fi\/wp-json\/wp\/v2\/product_tag?post=106472"}],"curies":[{"name":"wp","href":"https:\/\/api.w.org\/{rel}","templated":true}]}}