{"id":106504,"date":"2026-01-26T17:47:00","date_gmt":"2026-01-26T15:47:00","guid":{"rendered":"https:\/\/voblafishing.ee\/?post_type=product&#038;p=106504"},"modified":"2026-01-26T18:13:54","modified_gmt":"2026-01-26T16:13:54","slug":"kindad-kinetic-wind-stop-fold-over-mitt-black","status":"publish","type":"product","link":"https:\/\/voblafishing.ee\/fi\/tuote\/kindad-kinetic-wind-stop-fold-over-mitt-black\/","title":{"rendered":"Kindad Kinetic Wind Stop Fold Over Mitt Black (3 varianti)"},"content":{"rendered":"<p>Kinetic Wind Stop Fold Over Mitt on disainitud nii, et see volditakse tagasi, et pakkuda teile suuremat osavust s\u00f5lmede sidumisel, konksude s\u00f6\u00f6tmisel v\u00f5i kala k\u00e4sitsemisel. Need kindad on valmistatud soojast ja mugavast fliisist, millel on tuulet\u00f5kketehnoloogia maksimaalse soojuse tagamiseks, ning neil on pikad k\u00e4tised randmete katmiseks.<\/p>\n<p>* 100% pol\u00fcesterfliis tuulet\u00f5kketehnoloogiaga<br \/>\n* Pikad k\u00e4tised<\/p>","protected":false},"excerpt":{"rendered":"<p>Kinetic Wind Stop Fold Over Mitt on disainitud nii, et see volditakse tagasi, et pakkuda teile suuremat osavust s\u00f5lmede sidumisel,<\/p>","protected":false},"featured_media":88171,"template":"","meta":{"_monsterinsights_skip_tracking":false,"_monsterinsights_sitenote_active":false,"_monsterinsights_sitenote_note":"","_monsterinsights_sitenote_category":0},"product_brand":[],"product_cat":[927,575],"product_tag":[],"class_list":{"0":"post-106504","1":"product","2":"type-product","3":"status-publish","4":"has-post-thumbnail","6":"product_cat-kindad","7":"product_cat-roivad-ja-jalatsid","8":"pa_suurus-l","9":"pa_suurus-m","10":"pa_suurus-xl","12":"first","13":"instock","14":"shipping-taxable","15":"purchasable","16":"product-type-variable"},"yoast_head":"<!-- This site is optimized with the Yoast SEO Premium plugin v18.1 (Yoast SEO v26.6) - https:\/\/yoast.com\/wordpress\/plugins\/seo\/ -->\n<title>Voblafishing &#8211; Kalastustarbed<\/title>\n<meta name=\"robots\" content=\"index, follow, max-snippet:-1, max-image-preview:large, max-video-preview:-1\" \/>\n<link rel=\"canonical\" href=\"https:\/\/voblafishing.ee\/fi\/tuote\/kindad-kinetic-wind-stop-fold-over-mitt-black\/\" \/>\n<meta property=\"og:locale\" content=\"fi_FI\" \/>\n<meta property=\"og:type\" content=\"article\" \/>\n<meta property=\"og:title\" content=\"Kindad Kinetic Wind Stop Fold Over Mitt Black (3 varianti)\" \/>\n<meta property=\"og:description\" content=\"Kinetic Wind Stop Fold Over Mitt on disainitud nii, et see volditakse tagasi, et pakkuda teile suuremat osavust s\u00f5lmede sidumisel,\" \/>\n<meta property=\"og:url\" content=\"https:\/\/voblafishing.ee\/fi\/tuote\/kindad-kinetic-wind-stop-fold-over-mitt-black\/\" \/>\n<meta property=\"og:site_name\" content=\"Voblafishing - Kalastustarbed\" \/>\n<meta property=\"article:publisher\" content=\"https:\/\/www.facebook.com\/tartuvobla\" \/>\n<meta property=\"article:modified_time\" content=\"2026-01-26T16:13:54+00:00\" \/>\n<meta property=\"og:image\" content=\"https:\/\/voblafishing.ee\/wp-content\/uploads\/2023\/02\/h182_007_2_large.webp\" \/>\n\t<meta property=\"og:image:width\" content=\"800\" \/>\n\t<meta property=\"og:image:height\" content=\"800\" \/>\n\t<meta property=\"og:image:type\" content=\"image\/webp\" \/>\n<meta name=\"twitter:card\" content=\"summary_large_image\" \/>\n<meta name=\"twitter:label1\" content=\"Arvioitu lukuaika\" \/>\n\t<meta name=\"twitter:data1\" content=\"1 minuutti\" \/>\n<!-- \/ Yoast SEO Premium plugin. -->","yoast_head_json":{"title":"Voblafishing &#8211; Kalastustarbed","robots":{"index":"index","follow":"follow","max-snippet":"max-snippet:-1","max-image-preview":"max-image-preview:large","max-video-preview":"max-video-preview:-1"},"canonical":"https:\/\/voblafishing.ee\/fi\/tuote\/kindad-kinetic-wind-stop-fold-over-mitt-black\/","og_locale":"fi_FI","og_type":"article","og_title":"Kindad Kinetic Wind Stop Fold Over Mitt Black (3 varianti)","og_description":"Kinetic Wind Stop Fold Over Mitt on disainitud nii, et see volditakse tagasi, et pakkuda teile suuremat osavust s\u00f5lmede sidumisel,","og_url":"https:\/\/voblafishing.ee\/fi\/tuote\/kindad-kinetic-wind-stop-fold-over-mitt-black\/","og_site_name":"Voblafishing - Kalastustarbed","article_publisher":"https:\/\/www.facebook.com\/tartuvobla","article_modified_time":"2026-01-26T16:13:54+00:00","og_image":[{"width":800,"height":800,"url":"https:\/\/voblafishing.ee\/wp-content\/uploads\/2023\/02\/h182_007_2_large.webp","type":"image\/webp"}],"twitter_card":"summary_large_image","twitter_misc":{"Arvioitu lukuaika":"1 minuutti"},"schema":{"@context":"https:\/\/schema.org","@graph":[{"@type":"WebPage","@id":"https:\/\/voblafishing.ee\/toode\/kindad-kinetic-wind-stop-fold-over-mitt-black\/","url":"https:\/\/voblafishing.ee\/toode\/kindad-kinetic-wind-stop-fold-over-mitt-black\/","name":"Kindad Kinetic Wind Stop Fold Over Mitt Black (3 varianti)","isPartOf":{"@id":"https:\/\/voblafishing.ee\/#website"},"primaryImageOfPage":{"@id":"https:\/\/voblafishing.ee\/toode\/kindad-kinetic-wind-stop-fold-over-mitt-black\/#primaryimage"},"image":{"@id":"https:\/\/voblafishing.ee\/toode\/kindad-kinetic-wind-stop-fold-over-mitt-black\/#primaryimage"},"thumbnailUrl":"https:\/\/voblafishing.ee\/wp-content\/uploads\/2023\/02\/h182_007_2_large.webp","datePublished":"2026-01-26T15:47:00+00:00","dateModified":"2026-01-26T16:13:54+00:00","breadcrumb":{"@id":"https:\/\/voblafishing.ee\/toode\/kindad-kinetic-wind-stop-fold-over-mitt-black\/#breadcrumb"},"inLanguage":"fi","potentialAction":[{"@type":"ReadAction","target":["https:\/\/voblafishing.ee\/toode\/kindad-kinetic-wind-stop-fold-over-mitt-black\/"]}]},{"@type":"ImageObject","inLanguage":"fi","@id":"https:\/\/voblafishing.ee\/toode\/kindad-kinetic-wind-stop-fold-over-mitt-black\/#primaryimage","url":"https:\/\/voblafishing.ee\/wp-content\/uploads\/2023\/02\/h182_007_2_large.webp","contentUrl":"https:\/\/voblafishing.ee\/wp-content\/uploads\/2023\/02\/h182_007_2_large.webp","width":800,"height":800},{"@type":"BreadcrumbList","@id":"https:\/\/voblafishing.ee\/toode\/kindad-kinetic-wind-stop-fold-over-mitt-black\/#breadcrumb","itemListElement":[{"@type":"ListItem","position":1,"name":"Esileht","item":"https:\/\/voblafishing.ee\/"},{"@type":"ListItem","position":2,"name":"Pood","item":"https:\/\/voblafishing.ee\/pood\/"},{"@type":"ListItem","position":3,"name":"Kindad Kinetic Wind Stop Fold Over Mitt Black (3 varianti)"}]},{"@type":"WebSite","@id":"https:\/\/voblafishing.ee\/#website","url":"https:\/\/voblafishing.ee\/","name":"Voblafishing - Kalastustarbed","description":"Kalstustarvete m&uuml;&uuml;k. Landid, ridvad, rullid, n&ouml;&ouml;rid, v&otilde;dikud, jigipead","publisher":{"@id":"https:\/\/voblafishing.ee\/#organization"},"potentialAction":[{"@type":"SearchAction","target":{"@type":"EntryPoint","urlTemplate":"https:\/\/voblafishing.ee\/?s={search_term_string}"},"query-input":{"@type":"PropertyValueSpecification","valueRequired":true,"valueName":"search_term_string"}}],"inLanguage":"fi"},{"@type":"Organization","@id":"https:\/\/voblafishing.ee\/#organization","name":"Voblafishing - Kalastustarbed","url":"https:\/\/voblafishing.ee\/","logo":{"@type":"ImageObject","inLanguage":"fi","@id":"https:\/\/voblafishing.ee\/#\/schema\/logo\/image\/","url":"https:\/\/voblafishing.ee\/wp-content\/uploads\/2021\/09\/Vobla-ymargune.png","contentUrl":"https:\/\/voblafishing.ee\/wp-content\/uploads\/2021\/09\/Vobla-ymargune.png","width":300,"height":300,"caption":"Voblafishing - Kalastustarbed"},"image":{"@id":"https:\/\/voblafishing.ee\/#\/schema\/logo\/image\/"},"sameAs":["https:\/\/www.facebook.com\/tartuvobla"]}]}},"_links":{"self":[{"href":"https:\/\/voblafishing.ee\/fi\/wp-json\/wp\/v2\/product\/106504","targetHints":{"allow":["GET"]}}],"collection":[{"href":"https:\/\/voblafishing.ee\/fi\/wp-json\/wp\/v2\/product"}],"about":[{"href":"https:\/\/voblafishing.ee\/fi\/wp-json\/wp\/v2\/types\/product"}],"version-history":[{"count":2,"href":"https:\/\/voblafishing.ee\/fi\/wp-json\/wp\/v2\/product\/106504\/revisions"}],"predecessor-version":[{"id":106524,"href":"https:\/\/voblafishing.ee\/fi\/wp-json\/wp\/v2\/product\/106504\/revisions\/106524"}],"wp:featuredmedia":[{"embeddable":true,"href":"https:\/\/voblafishing.ee\/fi\/wp-json\/wp\/v2\/media\/88171"}],"wp:attachment":[{"href":"https:\/\/voblafishing.ee\/fi\/wp-json\/wp\/v2\/media?parent=106504"}],"wp:term":[{"taxonomy":"product_brand","embeddable":true,"href":"https:\/\/voblafishing.ee\/fi\/wp-json\/wp\/v2\/product_brand?post=106504"},{"taxonomy":"product_cat","embeddable":true,"href":"https:\/\/voblafishing.ee\/fi\/wp-json\/wp\/v2\/product_cat?post=106504"},{"taxonomy":"product_tag","embeddable":true,"href":"https:\/\/voblafishing.ee\/fi\/wp-json\/wp\/v2\/product_tag?post=106504"}],"curies":[{"name":"wp","href":"https:\/\/api.w.org\/{rel}","templated":true}]}}