{"id":106550,"date":"2026-01-27T10:15:23","date_gmt":"2026-01-27T08:15:23","guid":{"rendered":"https:\/\/voblafishing.ee\/?post_type=product&#038;p=106550"},"modified":"2026-01-27T10:18:59","modified_gmt":"2026-01-27T08:18:59","slug":"kindad-westin-hlf-fleece-gloves-3-varianti","status":"publish","type":"product","link":"https:\/\/voblafishing.ee\/fi\/tuote\/kindad-westin-hlf-fleece-gloves-3-varianti\/","title":{"rendered":"Kindad WESTIN HLF Fleece Gloves (3 varianti)"},"content":{"rendered":"<p>Tutvuge WESTIN HLF fliiskinnastega. Pehmed, poole s\u00f5rme pikkused tuulekindlad fliiskindad. Peopesa silikoonist tugevdusplaaster tagab parema haarduvuse, samas kui kujuga randmeosa muudab kinnaste k\u00e4ttepanemise lihtsaks. See on kerge kinnas, mille valida oma j\u00e4rgmisele eepilisele kalap\u00fc\u00fcgiseiklusele asudes!<\/p>\n<p>Tuulekindel pehme fliis<br \/>\n85% pol\u00fcester\/5% nailon\/5% PU\/5% elastaan<br \/>\nTugevdatud plaaster silikoonist haardega peopesas parema haarduvuse tagamiseks<br \/>\nElastne sisemine randmeosa parema istuvuse tagamiseks<br \/>\nHelkurlogo k\u00fcljel parema n\u00e4htavuse ja maksimaalse ohutuse tagamiseks<\/p>\n<p>**Suuruste tabeli leiad siit** -&gt; https:\/\/www.westin-fishing.com\/en\/this-is-westin\/size-guide<\/p>","protected":false},"excerpt":{"rendered":"<p>Tutvuge WESTIN HLF fliiskinnastega. Pehmed, poole s\u00f5rme pikkused tuulekindlad fliiskindad. Peopesa silikoonist tugevdusplaaster tagab parema haarduvuse, samas kui kujuga randmeosa<\/p>","protected":false},"featured_media":106554,"template":"","meta":{"_monsterinsights_skip_tracking":false,"_monsterinsights_sitenote_active":false,"_monsterinsights_sitenote_note":"","_monsterinsights_sitenote_category":0},"product_brand":[],"product_cat":[927,575],"product_tag":[],"class_list":{"0":"post-106550","1":"product","2":"type-product","3":"status-publish","4":"has-post-thumbnail","6":"product_cat-kindad","7":"product_cat-roivad-ja-jalatsid","8":"pa_suurus-l","9":"pa_suurus-m","10":"pa_suurus-xl","12":"first","13":"instock","14":"shipping-taxable","15":"purchasable","16":"product-type-variable"},"yoast_head":"<!-- This site is optimized with the Yoast SEO Premium plugin v18.1 (Yoast SEO v26.6) - https:\/\/yoast.com\/wordpress\/plugins\/seo\/ -->\n<title>Voblafishing &#8211; Kalastustarbed<\/title>\n<meta name=\"robots\" content=\"index, follow, max-snippet:-1, max-image-preview:large, max-video-preview:-1\" \/>\n<link rel=\"canonical\" href=\"https:\/\/voblafishing.ee\/fi\/tuote\/kindad-westin-hlf-fleece-gloves-3-varianti\/\" \/>\n<meta property=\"og:locale\" content=\"fi_FI\" \/>\n<meta property=\"og:type\" content=\"article\" \/>\n<meta property=\"og:title\" content=\"Kindad WESTIN HLF Fleece Gloves (3 varianti)\" \/>\n<meta property=\"og:description\" content=\"Tutvuge WESTIN HLF fliiskinnastega. Pehmed, poole s\u00f5rme pikkused tuulekindlad fliiskindad. Peopesa silikoonist tugevdusplaaster tagab parema haarduvuse, samas kui kujuga randmeosa\" \/>\n<meta property=\"og:url\" content=\"https:\/\/voblafishing.ee\/fi\/tuote\/kindad-westin-hlf-fleece-gloves-3-varianti\/\" \/>\n<meta property=\"og:site_name\" content=\"Voblafishing - Kalastustarbed\" \/>\n<meta property=\"article:publisher\" content=\"https:\/\/www.facebook.com\/tartuvobla\" \/>\n<meta property=\"article:modified_time\" content=\"2026-01-27T08:18:59+00:00\" \/>\n<meta property=\"og:image\" content=\"https:\/\/voblafishing.ee\/wp-content\/uploads\/2026\/01\/a222_hlf-fleece-gloves_headline_large.jpg\" \/>\n\t<meta property=\"og:image:width\" content=\"1600\" \/>\n\t<meta property=\"og:image:height\" content=\"1200\" \/>\n\t<meta property=\"og:image:type\" content=\"image\/jpeg\" \/>\n<meta name=\"twitter:card\" content=\"summary_large_image\" \/>\n<meta name=\"twitter:label1\" content=\"Arvioitu lukuaika\" \/>\n\t<meta name=\"twitter:data1\" content=\"1 minuutti\" \/>\n<!-- \/ Yoast SEO Premium plugin. -->","yoast_head_json":{"title":"Voblafishing &#8211; Kalastustarbed","robots":{"index":"index","follow":"follow","max-snippet":"max-snippet:-1","max-image-preview":"max-image-preview:large","max-video-preview":"max-video-preview:-1"},"canonical":"https:\/\/voblafishing.ee\/fi\/tuote\/kindad-westin-hlf-fleece-gloves-3-varianti\/","og_locale":"fi_FI","og_type":"article","og_title":"Kindad WESTIN HLF Fleece Gloves (3 varianti)","og_description":"Tutvuge WESTIN HLF fliiskinnastega. Pehmed, poole s\u00f5rme pikkused tuulekindlad fliiskindad. Peopesa silikoonist tugevdusplaaster tagab parema haarduvuse, samas kui kujuga randmeosa","og_url":"https:\/\/voblafishing.ee\/fi\/tuote\/kindad-westin-hlf-fleece-gloves-3-varianti\/","og_site_name":"Voblafishing - Kalastustarbed","article_publisher":"https:\/\/www.facebook.com\/tartuvobla","article_modified_time":"2026-01-27T08:18:59+00:00","og_image":[{"width":1600,"height":1200,"url":"https:\/\/voblafishing.ee\/wp-content\/uploads\/2026\/01\/a222_hlf-fleece-gloves_headline_large.jpg","type":"image\/jpeg"}],"twitter_card":"summary_large_image","twitter_misc":{"Arvioitu lukuaika":"1 minuutti"},"schema":{"@context":"https:\/\/schema.org","@graph":[{"@type":"WebPage","@id":"https:\/\/voblafishing.ee\/toode\/kindad-westin-hlf-fleece-gloves-3-varianti\/","url":"https:\/\/voblafishing.ee\/toode\/kindad-westin-hlf-fleece-gloves-3-varianti\/","name":"Kindad WESTIN HLF Fleece Gloves (3 varianti)","isPartOf":{"@id":"https:\/\/voblafishing.ee\/#website"},"primaryImageOfPage":{"@id":"https:\/\/voblafishing.ee\/toode\/kindad-westin-hlf-fleece-gloves-3-varianti\/#primaryimage"},"image":{"@id":"https:\/\/voblafishing.ee\/toode\/kindad-westin-hlf-fleece-gloves-3-varianti\/#primaryimage"},"thumbnailUrl":"https:\/\/voblafishing.ee\/wp-content\/uploads\/2026\/01\/a222_hlf-fleece-gloves_headline_large.jpg","datePublished":"2026-01-27T08:15:23+00:00","dateModified":"2026-01-27T08:18:59+00:00","breadcrumb":{"@id":"https:\/\/voblafishing.ee\/toode\/kindad-westin-hlf-fleece-gloves-3-varianti\/#breadcrumb"},"inLanguage":"fi","potentialAction":[{"@type":"ReadAction","target":["https:\/\/voblafishing.ee\/toode\/kindad-westin-hlf-fleece-gloves-3-varianti\/"]}]},{"@type":"ImageObject","inLanguage":"fi","@id":"https:\/\/voblafishing.ee\/toode\/kindad-westin-hlf-fleece-gloves-3-varianti\/#primaryimage","url":"https:\/\/voblafishing.ee\/wp-content\/uploads\/2026\/01\/a222_hlf-fleece-gloves_headline_large.jpg","contentUrl":"https:\/\/voblafishing.ee\/wp-content\/uploads\/2026\/01\/a222_hlf-fleece-gloves_headline_large.jpg","width":1600,"height":1200},{"@type":"BreadcrumbList","@id":"https:\/\/voblafishing.ee\/toode\/kindad-westin-hlf-fleece-gloves-3-varianti\/#breadcrumb","itemListElement":[{"@type":"ListItem","position":1,"name":"Esileht","item":"https:\/\/voblafishing.ee\/"},{"@type":"ListItem","position":2,"name":"Pood","item":"https:\/\/voblafishing.ee\/pood\/"},{"@type":"ListItem","position":3,"name":"Kindad WESTIN HLF Fleece Gloves (3 varianti)"}]},{"@type":"WebSite","@id":"https:\/\/voblafishing.ee\/#website","url":"https:\/\/voblafishing.ee\/","name":"Voblafishing - Kalastustarbed","description":"Kalstustarvete m&uuml;&uuml;k. Landid, ridvad, rullid, n&ouml;&ouml;rid, v&otilde;dikud, jigipead","publisher":{"@id":"https:\/\/voblafishing.ee\/#organization"},"potentialAction":[{"@type":"SearchAction","target":{"@type":"EntryPoint","urlTemplate":"https:\/\/voblafishing.ee\/?s={search_term_string}"},"query-input":{"@type":"PropertyValueSpecification","valueRequired":true,"valueName":"search_term_string"}}],"inLanguage":"fi"},{"@type":"Organization","@id":"https:\/\/voblafishing.ee\/#organization","name":"Voblafishing - Kalastustarbed","url":"https:\/\/voblafishing.ee\/","logo":{"@type":"ImageObject","inLanguage":"fi","@id":"https:\/\/voblafishing.ee\/#\/schema\/logo\/image\/","url":"https:\/\/voblafishing.ee\/wp-content\/uploads\/2021\/09\/Vobla-ymargune.png","contentUrl":"https:\/\/voblafishing.ee\/wp-content\/uploads\/2021\/09\/Vobla-ymargune.png","width":300,"height":300,"caption":"Voblafishing - Kalastustarbed"},"image":{"@id":"https:\/\/voblafishing.ee\/#\/schema\/logo\/image\/"},"sameAs":["https:\/\/www.facebook.com\/tartuvobla"]}]}},"_links":{"self":[{"href":"https:\/\/voblafishing.ee\/fi\/wp-json\/wp\/v2\/product\/106550","targetHints":{"allow":["GET"]}}],"collection":[{"href":"https:\/\/voblafishing.ee\/fi\/wp-json\/wp\/v2\/product"}],"about":[{"href":"https:\/\/voblafishing.ee\/fi\/wp-json\/wp\/v2\/types\/product"}],"version-history":[{"count":1,"href":"https:\/\/voblafishing.ee\/fi\/wp-json\/wp\/v2\/product\/106550\/revisions"}],"predecessor-version":[{"id":106555,"href":"https:\/\/voblafishing.ee\/fi\/wp-json\/wp\/v2\/product\/106550\/revisions\/106555"}],"wp:featuredmedia":[{"embeddable":true,"href":"https:\/\/voblafishing.ee\/fi\/wp-json\/wp\/v2\/media\/106554"}],"wp:attachment":[{"href":"https:\/\/voblafishing.ee\/fi\/wp-json\/wp\/v2\/media?parent=106550"}],"wp:term":[{"taxonomy":"product_brand","embeddable":true,"href":"https:\/\/voblafishing.ee\/fi\/wp-json\/wp\/v2\/product_brand?post=106550"},{"taxonomy":"product_cat","embeddable":true,"href":"https:\/\/voblafishing.ee\/fi\/wp-json\/wp\/v2\/product_cat?post=106550"},{"taxonomy":"product_tag","embeddable":true,"href":"https:\/\/voblafishing.ee\/fi\/wp-json\/wp\/v2\/product_tag?post=106550"}],"curies":[{"name":"wp","href":"https:\/\/api.w.org\/{rel}","templated":true}]}}