{"id":106612,"date":"2026-01-27T11:08:41","date_gmt":"2026-01-27T09:08:41","guid":{"rendered":"https:\/\/voblafishing.ee\/?post_type=product&#038;p=106612"},"modified":"2026-01-27T11:13:16","modified_gmt":"2026-01-27T09:13:16","slug":"puksid-westin-w8-bibs-6-varianti","status":"publish","type":"product","link":"https:\/\/voblafishing.ee\/fi\/tuote\/puksid-westin-w8-bibs-6-varianti\/","title":{"rendered":"P\u00fcksid WESTIN W8 Bibs (6 varianti)"},"content":{"rendered":"<p>W8 Bibs on loodud vastupidavaks ja kompromissitu j\u00f5udlusega ning hoolikalt kohandatud vastama aktiivse lantidega kalastaja n\u00f5udmistele, v\u00f5imaldades teil kalastada isegi k\u00f5ige raskemates tingimustes. K\u00f5ik taskud on varustatud veekindlate t\u00f5mblukudega, et hoida olulisi esemeid turvaliselt, ning l\u00f5ige on spetsiaalselt loodud maksimaalse liikumisvabaduse tagamiseks, s\u00e4ilitades samal ajal ideaalse sobivuse ja t\u00e4ieliku reguleeritavuse. Kui olete kalamees, kes n\u00f5uab parimat, siis hindate W8 Bibi igasse aspekti sisse viidud detailit\u00e4psust.<\/p>\n<p>* Toray 100% nailonist Taslan Oxford kangas Dermizax membraani ja ringkootud seljaga<br \/>\n* Vastupidav kahesuunaliselt veniv Toray nailonist rebenemiskindel kangas Dermizax membraani ja ringkootud seljaga<br \/>\n* 20 000 mm \/ 10 000 mvp<br \/>\n* DWR-kate<br \/>\n* Tugevdus: autentne 500D nailon-66 Cordura PU-kattega, DWR<br \/>\n* T\u00e4ielikult teibitud Hipster Tape&#8217;iga<br \/>\n* YKK AquaGuard Vislon ja Coil vetth\u00fclgavad lukud<br \/>\n* Duraflex pandlad, D-r\u00f5ngas ja reguleerimisnupud<br \/>\n* T\u00e4ielikult teibitud Hipster Tape&#8217;iga<\/p>\n<p>**Suuruste tabeli leiad siit** -&gt; (<a href=\"https:\/\/www.westin-fishing.com\/en\/this-is-westin\/size-guide\/#sizeguide)\" target=\"_blank\" rel=\"noopener\" data-auto-recognition=\"true\">https:\/\/www.westin-fishing.com\/en\/this-is-westin\/size-guide\/#sizeguide)<\/a><\/p>","protected":false},"excerpt":{"rendered":"<p>W8 Bibs on loodud vastupidavaks ja kompromissitu j\u00f5udlusega ning hoolikalt kohandatud vastama aktiivse lantidega kalastaja n\u00f5udmistele, v\u00f5imaldades teil kalastada isegi<\/p>","protected":false},"featured_media":106619,"template":"","meta":{"_monsterinsights_skip_tracking":false,"_monsterinsights_sitenote_active":false,"_monsterinsights_sitenote_note":"","_monsterinsights_sitenote_category":0},"product_brand":[],"product_cat":[2396,575],"product_tag":[],"class_list":{"0":"post-106612","1":"product","2":"type-product","3":"status-publish","4":"has-post-thumbnail","6":"product_cat-puksid","7":"product_cat-roivad-ja-jalatsid","8":"pa_suurus-xl","9":"pa_suurus-s","10":"pa_suurus-xxl","11":"pa_suurus-l","12":"pa_suurus-m","13":"pa_suurus-3xl","15":"first","16":"instock","17":"shipping-taxable","18":"purchasable","19":"product-type-variable"},"yoast_head":"<!-- This site is optimized with the Yoast SEO Premium plugin v18.1 (Yoast SEO v26.6) - https:\/\/yoast.com\/wordpress\/plugins\/seo\/ -->\n<title>Voblafishing &#8211; Kalastustarbed<\/title>\n<meta name=\"robots\" content=\"index, follow, max-snippet:-1, max-image-preview:large, max-video-preview:-1\" \/>\n<link rel=\"canonical\" href=\"https:\/\/voblafishing.ee\/fi\/tuote\/puksid-westin-w8-bibs-6-varianti\/\" \/>\n<meta property=\"og:locale\" content=\"fi_FI\" \/>\n<meta property=\"og:type\" content=\"article\" \/>\n<meta property=\"og:title\" content=\"P\u00fcksid WESTIN W8 Bibs (6 varianti)\" \/>\n<meta property=\"og:description\" content=\"W8 Bibs on loodud vastupidavaks ja kompromissitu j\u00f5udlusega ning hoolikalt kohandatud vastama aktiivse lantidega kalastaja n\u00f5udmistele, v\u00f5imaldades teil kalastada isegi\" \/>\n<meta property=\"og:url\" content=\"https:\/\/voblafishing.ee\/fi\/tuote\/puksid-westin-w8-bibs-6-varianti\/\" \/>\n<meta property=\"og:site_name\" content=\"Voblafishing - Kalastustarbed\" \/>\n<meta property=\"article:publisher\" content=\"https:\/\/www.facebook.com\/tartuvobla\" \/>\n<meta property=\"article:modified_time\" content=\"2026-01-27T09:13:16+00:00\" \/>\n<meta property=\"og:image\" content=\"https:\/\/voblafishing.ee\/wp-content\/uploads\/2026\/01\/a155_w8-bibs_headline.jpg\" \/>\n\t<meta property=\"og:image:width\" content=\"1600\" \/>\n\t<meta property=\"og:image:height\" content=\"1200\" \/>\n\t<meta property=\"og:image:type\" content=\"image\/jpeg\" \/>\n<meta name=\"twitter:card\" content=\"summary_large_image\" \/>\n<meta name=\"twitter:label1\" content=\"Arvioitu lukuaika\" \/>\n\t<meta name=\"twitter:data1\" content=\"1 minuutti\" \/>\n<!-- \/ Yoast SEO Premium plugin. -->","yoast_head_json":{"title":"Voblafishing &#8211; Kalastustarbed","robots":{"index":"index","follow":"follow","max-snippet":"max-snippet:-1","max-image-preview":"max-image-preview:large","max-video-preview":"max-video-preview:-1"},"canonical":"https:\/\/voblafishing.ee\/fi\/tuote\/puksid-westin-w8-bibs-6-varianti\/","og_locale":"fi_FI","og_type":"article","og_title":"P\u00fcksid WESTIN W8 Bibs (6 varianti)","og_description":"W8 Bibs on loodud vastupidavaks ja kompromissitu j\u00f5udlusega ning hoolikalt kohandatud vastama aktiivse lantidega kalastaja n\u00f5udmistele, v\u00f5imaldades teil kalastada isegi","og_url":"https:\/\/voblafishing.ee\/fi\/tuote\/puksid-westin-w8-bibs-6-varianti\/","og_site_name":"Voblafishing - Kalastustarbed","article_publisher":"https:\/\/www.facebook.com\/tartuvobla","article_modified_time":"2026-01-27T09:13:16+00:00","og_image":[{"width":1600,"height":1200,"url":"https:\/\/voblafishing.ee\/wp-content\/uploads\/2026\/01\/a155_w8-bibs_headline.jpg","type":"image\/jpeg"}],"twitter_card":"summary_large_image","twitter_misc":{"Arvioitu lukuaika":"1 minuutti"},"schema":{"@context":"https:\/\/schema.org","@graph":[{"@type":"WebPage","@id":"https:\/\/voblafishing.ee\/toode\/puksid-westin-w8-bibs-6-varianti\/","url":"https:\/\/voblafishing.ee\/toode\/puksid-westin-w8-bibs-6-varianti\/","name":"P\u00fcksid WESTIN W8 Bibs (6 varianti)","isPartOf":{"@id":"https:\/\/voblafishing.ee\/#website"},"primaryImageOfPage":{"@id":"https:\/\/voblafishing.ee\/toode\/puksid-westin-w8-bibs-6-varianti\/#primaryimage"},"image":{"@id":"https:\/\/voblafishing.ee\/toode\/puksid-westin-w8-bibs-6-varianti\/#primaryimage"},"thumbnailUrl":"https:\/\/voblafishing.ee\/wp-content\/uploads\/2026\/01\/a155_w8-bibs_headline.jpg","datePublished":"2026-01-27T09:08:41+00:00","dateModified":"2026-01-27T09:13:16+00:00","breadcrumb":{"@id":"https:\/\/voblafishing.ee\/toode\/puksid-westin-w8-bibs-6-varianti\/#breadcrumb"},"inLanguage":"fi","potentialAction":[{"@type":"ReadAction","target":["https:\/\/voblafishing.ee\/toode\/puksid-westin-w8-bibs-6-varianti\/"]}]},{"@type":"ImageObject","inLanguage":"fi","@id":"https:\/\/voblafishing.ee\/toode\/puksid-westin-w8-bibs-6-varianti\/#primaryimage","url":"https:\/\/voblafishing.ee\/wp-content\/uploads\/2026\/01\/a155_w8-bibs_headline.jpg","contentUrl":"https:\/\/voblafishing.ee\/wp-content\/uploads\/2026\/01\/a155_w8-bibs_headline.jpg","width":1600,"height":1200},{"@type":"BreadcrumbList","@id":"https:\/\/voblafishing.ee\/toode\/puksid-westin-w8-bibs-6-varianti\/#breadcrumb","itemListElement":[{"@type":"ListItem","position":1,"name":"Esileht","item":"https:\/\/voblafishing.ee\/"},{"@type":"ListItem","position":2,"name":"Pood","item":"https:\/\/voblafishing.ee\/pood\/"},{"@type":"ListItem","position":3,"name":"P\u00fcksid WESTIN W8 Bibs (6 varianti)"}]},{"@type":"WebSite","@id":"https:\/\/voblafishing.ee\/#website","url":"https:\/\/voblafishing.ee\/","name":"Voblafishing - Kalastustarbed","description":"Kalstustarvete m&uuml;&uuml;k. Landid, ridvad, rullid, n&ouml;&ouml;rid, v&otilde;dikud, jigipead","publisher":{"@id":"https:\/\/voblafishing.ee\/#organization"},"potentialAction":[{"@type":"SearchAction","target":{"@type":"EntryPoint","urlTemplate":"https:\/\/voblafishing.ee\/?s={search_term_string}"},"query-input":{"@type":"PropertyValueSpecification","valueRequired":true,"valueName":"search_term_string"}}],"inLanguage":"fi"},{"@type":"Organization","@id":"https:\/\/voblafishing.ee\/#organization","name":"Voblafishing - Kalastustarbed","url":"https:\/\/voblafishing.ee\/","logo":{"@type":"ImageObject","inLanguage":"fi","@id":"https:\/\/voblafishing.ee\/#\/schema\/logo\/image\/","url":"https:\/\/voblafishing.ee\/wp-content\/uploads\/2021\/09\/Vobla-ymargune.png","contentUrl":"https:\/\/voblafishing.ee\/wp-content\/uploads\/2021\/09\/Vobla-ymargune.png","width":300,"height":300,"caption":"Voblafishing - Kalastustarbed"},"image":{"@id":"https:\/\/voblafishing.ee\/#\/schema\/logo\/image\/"},"sameAs":["https:\/\/www.facebook.com\/tartuvobla"]}]}},"_links":{"self":[{"href":"https:\/\/voblafishing.ee\/fi\/wp-json\/wp\/v2\/product\/106612","targetHints":{"allow":["GET"]}}],"collection":[{"href":"https:\/\/voblafishing.ee\/fi\/wp-json\/wp\/v2\/product"}],"about":[{"href":"https:\/\/voblafishing.ee\/fi\/wp-json\/wp\/v2\/types\/product"}],"version-history":[{"count":1,"href":"https:\/\/voblafishing.ee\/fi\/wp-json\/wp\/v2\/product\/106612\/revisions"}],"predecessor-version":[{"id":106621,"href":"https:\/\/voblafishing.ee\/fi\/wp-json\/wp\/v2\/product\/106612\/revisions\/106621"}],"wp:featuredmedia":[{"embeddable":true,"href":"https:\/\/voblafishing.ee\/fi\/wp-json\/wp\/v2\/media\/106619"}],"wp:attachment":[{"href":"https:\/\/voblafishing.ee\/fi\/wp-json\/wp\/v2\/media?parent=106612"}],"wp:term":[{"taxonomy":"product_brand","embeddable":true,"href":"https:\/\/voblafishing.ee\/fi\/wp-json\/wp\/v2\/product_brand?post=106612"},{"taxonomy":"product_cat","embeddable":true,"href":"https:\/\/voblafishing.ee\/fi\/wp-json\/wp\/v2\/product_cat?post=106612"},{"taxonomy":"product_tag","embeddable":true,"href":"https:\/\/voblafishing.ee\/fi\/wp-json\/wp\/v2\/product_tag?post=106612"}],"curies":[{"name":"wp","href":"https:\/\/api.w.org\/{rel}","templated":true}]}}