{"id":108740,"date":"2026-03-18T17:48:31","date_gmt":"2026-03-18T15:48:31","guid":{"rendered":"https:\/\/voblafishing.ee\/?post_type=product&#038;p=108740"},"modified":"2026-04-23T09:53:35","modified_gmt":"2026-04-23T07:53:35","slug":"noor-shimano-kairiki-8-150m-green","status":"publish","type":"product","link":"https:\/\/voblafishing.ee\/fi\/tuote\/noor-shimano-kairiki-8-150m-green\/","title":{"rendered":"N\u00f6\u00f6r SHIMANO Kairiki 8 150m &#8211; Green"},"content":{"rendered":"<p>Kairiki 8 punutis on &uuml;limalt tehniline 8-kihiline punutis, mis kasutab eksklusiivset tiheda koega VT-konstruktsiooni, et saavutada sujuvam viimistlus ja v&auml;hendatud l&auml;bim&otilde;&otilde;t. Ideaalne igasugusteks kasutusviisideks nii mage- kui ka soolases vees, sujuv profiil heidab &auml;&auml;rmiselt h&auml;sti ja minimeerib m&uuml;ra pinge all ridvar&otilde;ngaste vahel liikudes.&lt;br&gt; Kui oled kalamees, kes hindab punutud n&ouml;&ouml;ri kasutamise m&auml;rkimisv&auml;&auml;rseid eeliseid, siis on esmaklassiline Shimano Kairiki 8 punutud n&ouml;&ouml;r just sulle. V&otilde;rreldes paljude 8-kandilise n&ouml;&ouml;riga on Kairiki 8 m&auml;rgatavalt sujuvam ja &uuml;marama profiiliga, mis tagab pikemad ja t&auml;psemad visked, suurema tundlikkuse ja v&auml;hendab ka m&uuml;ra kala p&uuml;&uuml;dmisel. Kairiki on saadaval laias valikus l&auml;bim&otilde;&otilde;tudes nii h&auml;sti n&auml;htava (kollane, Mantis Green ja Multi) kui ka halva n&auml;htavusega (terashall) v&auml;rvides, viies sinu kalap&uuml;&uuml;gi t&auml;iesti uuele tasemele.&lt;br&gt; Kairiki 8 valmistamiseks kasutatud VT konstruktsioon &uuml;hendab kaheksa kandekiudu pideva ja &uuml;htlase mitme nurga all pinge all. See v&otilde;imaldab igal kiul kokku suruda ja ideaalselt k&uuml;lgnevate kiudidega kokku sobituda, moodustades kompaktsema ja &uuml;marama profiiliga punutise. Tihedam punutis v&auml;hendab l&auml;bim&otilde;&otilde;tu, suurendab tundlikkust ja annab siledama viimistluse, mis aitab kaasa Shimano juhtiva punutise k&otilde;rgetele j&otilde;udlusomadustele.<\/p>","protected":false},"excerpt":{"rendered":"<p>Kairiki 8 punutis on \u00fclimalt tehniline 8-kihiline punutis, mis kasutab eksklusiivset tiheda koega VT-konstruktsiooni, et saavutada sujuvam viimistlus ja v\u00e4hendatud<\/p>","protected":false},"featured_media":108746,"template":"","meta":{"_monsterinsights_skip_tracking":false,"_monsterinsights_sitenote_active":false,"_monsterinsights_sitenote_note":"","_monsterinsights_sitenote_category":0},"product_brand":[],"product_cat":[815,3896],"product_tag":[],"class_list":{"0":"post-108740","1":"product","2":"type-product","3":"status-publish","4":"has-post-thumbnail","6":"product_cat-noorid","7":"product_cat-shimano-noor","8":"pa_suurus-0-10mm-6-5kg","9":"pa_suurus-0-13mm-8-2kg","10":"pa_suurus-0-16mm-10-3kg","11":"pa_suurus-0-19mm-120kg","12":"pa_suurus-0-20mm-17-1kg","13":"pa_suurus-0-215mm-20-8kg","14":"pa_suurus-0-23mm-22-5kg","16":"first","17":"instock","18":"shipping-taxable","19":"purchasable","20":"product-type-variable"},"yoast_head":"<!-- This site is optimized with the Yoast SEO Premium plugin v18.1 (Yoast SEO v26.6) - https:\/\/yoast.com\/wordpress\/plugins\/seo\/ -->\n<title>Voblafishing &#8211; Kalastustarbed<\/title>\n<meta name=\"robots\" content=\"index, follow, max-snippet:-1, max-image-preview:large, max-video-preview:-1\" \/>\n<link rel=\"canonical\" href=\"https:\/\/voblafishing.ee\/fi\/tuote\/noor-shimano-kairiki-8-150m-green\/\" \/>\n<meta property=\"og:locale\" content=\"fi_FI\" \/>\n<meta property=\"og:type\" content=\"article\" \/>\n<meta property=\"og:title\" content=\"N\u00f6\u00f6r SHIMANO Kairiki 8 150m - Green\" \/>\n<meta property=\"og:description\" content=\"Kairiki 8 punutis on \u00fclimalt tehniline 8-kihiline punutis, mis kasutab eksklusiivset tiheda koega VT-konstruktsiooni, et saavutada sujuvam viimistlus ja v\u00e4hendatud\" \/>\n<meta property=\"og:url\" content=\"https:\/\/voblafishing.ee\/fi\/tuote\/noor-shimano-kairiki-8-150m-green\/\" \/>\n<meta property=\"og:site_name\" content=\"Voblafishing - Kalastustarbed\" \/>\n<meta property=\"article:publisher\" content=\"https:\/\/www.facebook.com\/tartuvobla\" \/>\n<meta property=\"article:modified_time\" content=\"2026-04-23T07:53:35+00:00\" \/>\n<meta property=\"og:image\" content=\"https:\/\/voblafishing.ee\/wp-content\/uploads\/2026\/03\/shimano-kairiki-8-150m-mantis-green-orgu-ip-misina-orgu-ipler-shimano-kairiki-74408-14-B.jpg\" \/>\n\t<meta property=\"og:image:width\" content=\"900\" \/>\n\t<meta property=\"og:image:height\" content=\"885\" \/>\n\t<meta property=\"og:image:type\" content=\"image\/jpeg\" \/>\n<meta name=\"twitter:card\" content=\"summary_large_image\" \/>\n<meta name=\"twitter:label1\" content=\"Arvioitu lukuaika\" \/>\n\t<meta name=\"twitter:data1\" content=\"2 minuuttia\" \/>\n<!-- \/ Yoast SEO Premium plugin. -->","yoast_head_json":{"title":"Voblafishing &#8211; Kalastustarbed","robots":{"index":"index","follow":"follow","max-snippet":"max-snippet:-1","max-image-preview":"max-image-preview:large","max-video-preview":"max-video-preview:-1"},"canonical":"https:\/\/voblafishing.ee\/fi\/tuote\/noor-shimano-kairiki-8-150m-green\/","og_locale":"fi_FI","og_type":"article","og_title":"N\u00f6\u00f6r SHIMANO Kairiki 8 150m - Green","og_description":"Kairiki 8 punutis on \u00fclimalt tehniline 8-kihiline punutis, mis kasutab eksklusiivset tiheda koega VT-konstruktsiooni, et saavutada sujuvam viimistlus ja v\u00e4hendatud","og_url":"https:\/\/voblafishing.ee\/fi\/tuote\/noor-shimano-kairiki-8-150m-green\/","og_site_name":"Voblafishing - Kalastustarbed","article_publisher":"https:\/\/www.facebook.com\/tartuvobla","article_modified_time":"2026-04-23T07:53:35+00:00","og_image":[{"width":900,"height":885,"url":"https:\/\/voblafishing.ee\/wp-content\/uploads\/2026\/03\/shimano-kairiki-8-150m-mantis-green-orgu-ip-misina-orgu-ipler-shimano-kairiki-74408-14-B.jpg","type":"image\/jpeg"}],"twitter_card":"summary_large_image","twitter_misc":{"Arvioitu lukuaika":"2 minuuttia"},"schema":{"@context":"https:\/\/schema.org","@graph":[{"@type":"WebPage","@id":"https:\/\/voblafishing.ee\/toode\/noor-shimano-kairiki-8-150m-green\/","url":"https:\/\/voblafishing.ee\/toode\/noor-shimano-kairiki-8-150m-green\/","name":"N\u00f6\u00f6r SHIMANO Kairiki 8 150m - Green","isPartOf":{"@id":"https:\/\/voblafishing.ee\/#website"},"primaryImageOfPage":{"@id":"https:\/\/voblafishing.ee\/toode\/noor-shimano-kairiki-8-150m-green\/#primaryimage"},"image":{"@id":"https:\/\/voblafishing.ee\/toode\/noor-shimano-kairiki-8-150m-green\/#primaryimage"},"thumbnailUrl":"https:\/\/voblafishing.ee\/wp-content\/uploads\/2026\/03\/shimano-kairiki-8-150m-mantis-green-orgu-ip-misina-orgu-ipler-shimano-kairiki-74408-14-B.jpg","datePublished":"2026-03-18T15:48:31+00:00","dateModified":"2026-04-23T07:53:35+00:00","breadcrumb":{"@id":"https:\/\/voblafishing.ee\/toode\/noor-shimano-kairiki-8-150m-green\/#breadcrumb"},"inLanguage":"fi","potentialAction":[{"@type":"ReadAction","target":["https:\/\/voblafishing.ee\/toode\/noor-shimano-kairiki-8-150m-green\/"]}]},{"@type":"ImageObject","inLanguage":"fi","@id":"https:\/\/voblafishing.ee\/toode\/noor-shimano-kairiki-8-150m-green\/#primaryimage","url":"https:\/\/voblafishing.ee\/wp-content\/uploads\/2026\/03\/shimano-kairiki-8-150m-mantis-green-orgu-ip-misina-orgu-ipler-shimano-kairiki-74408-14-B.jpg","contentUrl":"https:\/\/voblafishing.ee\/wp-content\/uploads\/2026\/03\/shimano-kairiki-8-150m-mantis-green-orgu-ip-misina-orgu-ipler-shimano-kairiki-74408-14-B.jpg","width":900,"height":885},{"@type":"BreadcrumbList","@id":"https:\/\/voblafishing.ee\/toode\/noor-shimano-kairiki-8-150m-green\/#breadcrumb","itemListElement":[{"@type":"ListItem","position":1,"name":"Esileht","item":"https:\/\/voblafishing.ee\/"},{"@type":"ListItem","position":2,"name":"Pood","item":"https:\/\/voblafishing.ee\/pood\/"},{"@type":"ListItem","position":3,"name":"N\u00f6\u00f6r SHIMANO Kairiki 8 150m &#8211; Green"}]},{"@type":"WebSite","@id":"https:\/\/voblafishing.ee\/#website","url":"https:\/\/voblafishing.ee\/","name":"Voblafishing - Kalastustarbed","description":"Kalstustarvete m&uuml;&uuml;k. Landid, ridvad, rullid, n&ouml;&ouml;rid, v&otilde;dikud, jigipead","publisher":{"@id":"https:\/\/voblafishing.ee\/#organization"},"potentialAction":[{"@type":"SearchAction","target":{"@type":"EntryPoint","urlTemplate":"https:\/\/voblafishing.ee\/?s={search_term_string}"},"query-input":{"@type":"PropertyValueSpecification","valueRequired":true,"valueName":"search_term_string"}}],"inLanguage":"fi"},{"@type":"Organization","@id":"https:\/\/voblafishing.ee\/#organization","name":"Voblafishing - Kalastustarbed","url":"https:\/\/voblafishing.ee\/","logo":{"@type":"ImageObject","inLanguage":"fi","@id":"https:\/\/voblafishing.ee\/#\/schema\/logo\/image\/","url":"https:\/\/voblafishing.ee\/wp-content\/uploads\/2021\/09\/Vobla-ymargune.png","contentUrl":"https:\/\/voblafishing.ee\/wp-content\/uploads\/2021\/09\/Vobla-ymargune.png","width":300,"height":300,"caption":"Voblafishing - Kalastustarbed"},"image":{"@id":"https:\/\/voblafishing.ee\/#\/schema\/logo\/image\/"},"sameAs":["https:\/\/www.facebook.com\/tartuvobla"]}]}},"_links":{"self":[{"href":"https:\/\/voblafishing.ee\/fi\/wp-json\/wp\/v2\/product\/108740","targetHints":{"allow":["GET"]}}],"collection":[{"href":"https:\/\/voblafishing.ee\/fi\/wp-json\/wp\/v2\/product"}],"about":[{"href":"https:\/\/voblafishing.ee\/fi\/wp-json\/wp\/v2\/types\/product"}],"version-history":[{"count":1,"href":"https:\/\/voblafishing.ee\/fi\/wp-json\/wp\/v2\/product\/108740\/revisions"}],"predecessor-version":[{"id":108747,"href":"https:\/\/voblafishing.ee\/fi\/wp-json\/wp\/v2\/product\/108740\/revisions\/108747"}],"wp:featuredmedia":[{"embeddable":true,"href":"https:\/\/voblafishing.ee\/fi\/wp-json\/wp\/v2\/media\/108746"}],"wp:attachment":[{"href":"https:\/\/voblafishing.ee\/fi\/wp-json\/wp\/v2\/media?parent=108740"}],"wp:term":[{"taxonomy":"product_brand","embeddable":true,"href":"https:\/\/voblafishing.ee\/fi\/wp-json\/wp\/v2\/product_brand?post=108740"},{"taxonomy":"product_cat","embeddable":true,"href":"https:\/\/voblafishing.ee\/fi\/wp-json\/wp\/v2\/product_cat?post=108740"},{"taxonomy":"product_tag","embeddable":true,"href":"https:\/\/voblafishing.ee\/fi\/wp-json\/wp\/v2\/product_tag?post=108740"}],"curies":[{"name":"wp","href":"https:\/\/api.w.org\/{rel}","templated":true}]}}