{"id":114909,"date":"2026-04-28T20:49:45","date_gmt":"2026-04-28T18:49:45","guid":{"rendered":"https:\/\/voblafishing.ee\/?post_type=product&#038;p=114909"},"modified":"2026-04-28T20:52:51","modified_gmt":"2026-04-28T18:52:51","slug":"vonklant-matu-kasitoo-tuulehaug-green","status":"publish","type":"product","link":"https:\/\/voblafishing.ee\/fi\/tuote\/vonklant-matu-kasitoo-tuulehaug-green\/","title":{"rendered":"V\u00f5nklant MATU K\u00c4SIT\u00d6\u00d6 Tuulehaug &#8211; Green"},"content":{"rendered":"<p>Kerge 20g k\u00e4sit\u00f6\u00f6 v\u00f5nklant tuulehaugi trollimiseks. V\u00e4rvile on sisse segatud UV s\u00e4delus.<\/p>","protected":false},"excerpt":{"rendered":"<p>Kerge 20g k\u00e4sit\u00f6\u00f6 v\u00f5nklant tuulehaugi trollimiseks. V\u00e4rvile on sisse segatud UV s\u00e4delus.<\/p>","protected":false},"featured_media":114907,"template":"","meta":{"_monsterinsights_skip_tracking":false,"_monsterinsights_sitenote_active":false,"_monsterinsights_sitenote_note":"","_monsterinsights_sitenote_category":0},"product_brand":[],"product_cat":[4482,4101,580],"product_tag":[],"class_list":{"0":"post-114909","1":"product","2":"type-product","3":"status-publish","4":"has-post-thumbnail","6":"product_cat-kasitoo-vonklandid","7":"product_cat-tuulehaug","8":"product_cat-vonklandid","10":"first","11":"instock","12":"shipping-taxable","13":"purchasable","14":"product-type-simple"},"yoast_head":"<!-- This site is optimized with the Yoast SEO Premium plugin v18.1 (Yoast SEO v26.6) - https:\/\/yoast.com\/wordpress\/plugins\/seo\/ -->\n<title>Voblafishing &#8211; Kalastustarbed<\/title>\n<meta name=\"description\" content=\"V\u00f5nklant KUUSAMO R\u00e4s\u00e4nen 70\/10. Legendaarsed lusikad! Sellest landist s\u00fcndis Tenojoki-l legend. Esmene omataoline taoti v\u00e4lja kohvikannu k\u00fcljelt v\u00e4lja ...\" \/>\n<meta name=\"robots\" content=\"index, follow, max-snippet:-1, max-image-preview:large, max-video-preview:-1\" \/>\n<link rel=\"canonical\" href=\"https:\/\/voblafishing.ee\/fi\/tuote\/vonklant-matu-kasitoo-tuulehaug-green\/\" \/>\n<meta property=\"og:locale\" content=\"fi_FI\" \/>\n<meta property=\"og:type\" content=\"article\" \/>\n<meta property=\"og:title\" content=\"V\u00f5nklant MATU K\u00c4SIT\u00d6\u00d6 Tuulehaug - Green\" \/>\n<meta property=\"og:description\" content=\"V\u00f5nklant KUUSAMO R\u00e4s\u00e4nen 70\/10. Legendaarsed lusikad! Sellest landist s\u00fcndis Tenojoki-l legend. Esmene omataoline taoti v\u00e4lja kohvikannu k\u00fcljelt v\u00e4lja ...\" \/>\n<meta property=\"og:url\" content=\"https:\/\/voblafishing.ee\/fi\/tuote\/vonklant-matu-kasitoo-tuulehaug-green\/\" \/>\n<meta property=\"og:site_name\" content=\"Voblafishing - Kalastustarbed\" \/>\n<meta property=\"article:publisher\" content=\"https:\/\/www.facebook.com\/tartuvobla\" \/>\n<meta property=\"article:modified_time\" content=\"2026-04-28T18:52:51+00:00\" \/>\n<meta property=\"og:image\" content=\"https:\/\/voblafishing.ee\/wp-content\/uploads\/2026\/04\/PILT-2026-04-28T213705.505-2.png\" \/>\n\t<meta property=\"og:image:width\" content=\"819\" \/>\n\t<meta property=\"og:image:height\" content=\"686\" \/>\n\t<meta property=\"og:image:type\" content=\"image\/png\" \/>\n<meta name=\"twitter:card\" content=\"summary_large_image\" \/>\n<meta name=\"twitter:label1\" content=\"Arvioitu lukuaika\" \/>\n\t<meta name=\"twitter:data1\" content=\"1 minuutti\" \/>\n<!-- \/ Yoast SEO Premium plugin. -->","yoast_head_json":{"title":"Voblafishing &#8211; Kalastustarbed","description":"V\u00f5nklant KUUSAMO R\u00e4s\u00e4nen 70\/10. Legendaarsed lusikad! Sellest landist s\u00fcndis Tenojoki-l legend. Esmene omataoline taoti v\u00e4lja kohvikannu k\u00fcljelt v\u00e4lja ...","robots":{"index":"index","follow":"follow","max-snippet":"max-snippet:-1","max-image-preview":"max-image-preview:large","max-video-preview":"max-video-preview:-1"},"canonical":"https:\/\/voblafishing.ee\/fi\/tuote\/vonklant-matu-kasitoo-tuulehaug-green\/","og_locale":"fi_FI","og_type":"article","og_title":"V\u00f5nklant MATU K\u00c4SIT\u00d6\u00d6 Tuulehaug - Green","og_description":"V\u00f5nklant KUUSAMO R\u00e4s\u00e4nen 70\/10. Legendaarsed lusikad! Sellest landist s\u00fcndis Tenojoki-l legend. Esmene omataoline taoti v\u00e4lja kohvikannu k\u00fcljelt v\u00e4lja ...","og_url":"https:\/\/voblafishing.ee\/fi\/tuote\/vonklant-matu-kasitoo-tuulehaug-green\/","og_site_name":"Voblafishing - Kalastustarbed","article_publisher":"https:\/\/www.facebook.com\/tartuvobla","article_modified_time":"2026-04-28T18:52:51+00:00","og_image":[{"width":819,"height":686,"url":"https:\/\/voblafishing.ee\/wp-content\/uploads\/2026\/04\/PILT-2026-04-28T213705.505-2.png","type":"image\/png"}],"twitter_card":"summary_large_image","twitter_misc":{"Arvioitu lukuaika":"1 minuutti"},"schema":{"@context":"https:\/\/schema.org","@graph":[{"@type":"WebPage","@id":"https:\/\/voblafishing.ee\/toode\/vonklant-matu-kasitoo-tuulehaug-green\/","url":"https:\/\/voblafishing.ee\/toode\/vonklant-matu-kasitoo-tuulehaug-green\/","name":"V\u00f5nklant MATU K\u00c4SIT\u00d6\u00d6 Tuulehaug - Green","isPartOf":{"@id":"https:\/\/voblafishing.ee\/#website"},"primaryImageOfPage":{"@id":"https:\/\/voblafishing.ee\/toode\/vonklant-matu-kasitoo-tuulehaug-green\/#primaryimage"},"image":{"@id":"https:\/\/voblafishing.ee\/toode\/vonklant-matu-kasitoo-tuulehaug-green\/#primaryimage"},"thumbnailUrl":"https:\/\/voblafishing.ee\/wp-content\/uploads\/2026\/04\/PILT-2026-04-28T213705.505-2.png","datePublished":"2026-04-28T18:49:45+00:00","dateModified":"2026-04-28T18:52:51+00:00","description":"V\u00f5nklant KUUSAMO R\u00e4s\u00e4nen 70\/10. Legendaarsed lusikad! Sellest landist s\u00fcndis Tenojoki-l legend. Esmene omataoline taoti v\u00e4lja kohvikannu k\u00fcljelt v\u00e4lja ...","breadcrumb":{"@id":"https:\/\/voblafishing.ee\/toode\/vonklant-matu-kasitoo-tuulehaug-green\/#breadcrumb"},"inLanguage":"fi","potentialAction":[{"@type":"ReadAction","target":["https:\/\/voblafishing.ee\/toode\/vonklant-matu-kasitoo-tuulehaug-green\/"]}]},{"@type":"ImageObject","inLanguage":"fi","@id":"https:\/\/voblafishing.ee\/toode\/vonklant-matu-kasitoo-tuulehaug-green\/#primaryimage","url":"https:\/\/voblafishing.ee\/wp-content\/uploads\/2026\/04\/PILT-2026-04-28T213705.505-2.png","contentUrl":"https:\/\/voblafishing.ee\/wp-content\/uploads\/2026\/04\/PILT-2026-04-28T213705.505-2.png","width":819,"height":686},{"@type":"BreadcrumbList","@id":"https:\/\/voblafishing.ee\/toode\/vonklant-matu-kasitoo-tuulehaug-green\/#breadcrumb","itemListElement":[{"@type":"ListItem","position":1,"name":"Esileht","item":"https:\/\/voblafishing.ee\/"},{"@type":"ListItem","position":2,"name":"Pood","item":"https:\/\/voblafishing.ee\/pood\/"},{"@type":"ListItem","position":3,"name":"V\u00f5nklant MATU K\u00c4SIT\u00d6\u00d6 Tuulehaug &#8211; Green"}]},{"@type":"WebSite","@id":"https:\/\/voblafishing.ee\/#website","url":"https:\/\/voblafishing.ee\/","name":"Voblafishing - Kalastustarbed","description":"Kalstustarvete m&uuml;&uuml;k. Landid, ridvad, rullid, n&ouml;&ouml;rid, v&otilde;dikud, jigipead","publisher":{"@id":"https:\/\/voblafishing.ee\/#organization"},"potentialAction":[{"@type":"SearchAction","target":{"@type":"EntryPoint","urlTemplate":"https:\/\/voblafishing.ee\/?s={search_term_string}"},"query-input":{"@type":"PropertyValueSpecification","valueRequired":true,"valueName":"search_term_string"}}],"inLanguage":"fi"},{"@type":"Organization","@id":"https:\/\/voblafishing.ee\/#organization","name":"Voblafishing - Kalastustarbed","url":"https:\/\/voblafishing.ee\/","logo":{"@type":"ImageObject","inLanguage":"fi","@id":"https:\/\/voblafishing.ee\/#\/schema\/logo\/image\/","url":"https:\/\/voblafishing.ee\/wp-content\/uploads\/2021\/09\/Vobla-ymargune.png","contentUrl":"https:\/\/voblafishing.ee\/wp-content\/uploads\/2021\/09\/Vobla-ymargune.png","width":300,"height":300,"caption":"Voblafishing - Kalastustarbed"},"image":{"@id":"https:\/\/voblafishing.ee\/#\/schema\/logo\/image\/"},"sameAs":["https:\/\/www.facebook.com\/tartuvobla"]}]}},"_links":{"self":[{"href":"https:\/\/voblafishing.ee\/fi\/wp-json\/wp\/v2\/product\/114909","targetHints":{"allow":["GET"]}}],"collection":[{"href":"https:\/\/voblafishing.ee\/fi\/wp-json\/wp\/v2\/product"}],"about":[{"href":"https:\/\/voblafishing.ee\/fi\/wp-json\/wp\/v2\/types\/product"}],"version-history":[{"count":1,"href":"https:\/\/voblafishing.ee\/fi\/wp-json\/wp\/v2\/product\/114909\/revisions"}],"predecessor-version":[{"id":114910,"href":"https:\/\/voblafishing.ee\/fi\/wp-json\/wp\/v2\/product\/114909\/revisions\/114910"}],"wp:featuredmedia":[{"embeddable":true,"href":"https:\/\/voblafishing.ee\/fi\/wp-json\/wp\/v2\/media\/114907"}],"wp:attachment":[{"href":"https:\/\/voblafishing.ee\/fi\/wp-json\/wp\/v2\/media?parent=114909"}],"wp:term":[{"taxonomy":"product_brand","embeddable":true,"href":"https:\/\/voblafishing.ee\/fi\/wp-json\/wp\/v2\/product_brand?post=114909"},{"taxonomy":"product_cat","embeddable":true,"href":"https:\/\/voblafishing.ee\/fi\/wp-json\/wp\/v2\/product_cat?post=114909"},{"taxonomy":"product_tag","embeddable":true,"href":"https:\/\/voblafishing.ee\/fi\/wp-json\/wp\/v2\/product_tag?post=114909"}],"curies":[{"name":"wp","href":"https:\/\/api.w.org\/{rel}","templated":true}]}}