{"id":104181,"date":"2025-12-09T22:51:51","date_gmt":"2025-12-09T20:51:51","guid":{"rendered":"https:\/\/voblafishing.ee\/?post_type=product&#038;p=104181"},"modified":"2025-12-10T21:18:41","modified_gmt":"2025-12-10T19:18:41","slug":"mystery-box-talv","status":"publish","type":"product","link":"https:\/\/voblafishing.ee\/ru\/product\/mystery-box-talv\/","title":{"rendered":"Kingitus Mystery Box. TALV"},"content":{"rendered":"<p>MYSTERY BOX mis on just m\u00f5eldud talip\u00fc\u00fcgi harrastajale, v\u00f5i inimesele, kes tahab alustada talip\u00fc\u00fcgiga.<\/p>\n<p>Iga MYSTERY BOX on t\u00e4is \u00fcllatusi ja avastamisr\u00f5\u00f5mu iga tasemega kalamehele. V\u00e4\u00e4rtus on v\u00e4hemalt 2x suurem kui tema hind!<span class=\"x1xsqp64 xiy17q3 x1o6pynw x19co3pv xdj266r xjn30re xat24cr x1hb08if x2b8uid\" data-testid=\"emoji\"><span class=\"xexx8yu xcaqkgz x18d9i69 xbwkkl7 x3jgonx x1bhl96m\">\ud83d\udd25<\/span><\/span><br \/>\nIgas kastis leidub tuntud landi kaubam\u00e4rke, n\u00e4iteks: Rapala, Westin, Keitech, Akara, Kosadaka jpt.<span class=\"x1xsqp64 xiy17q3 x1o6pynw x19co3pv xdj266r xjn30re xat24cr x1hb08if x2b8uid\" data-testid=\"emoji\"><span class=\"xexx8yu xcaqkgz x18d9i69 xbwkkl7 x3jgonx x1bhl96m\">\ud83d\udd25<\/span><\/span><\/p>\n<p>&nbsp;<\/p>","protected":false},"excerpt":{"rendered":"<p>MYSTERY BOX mis on just m\u00f5eldud talip\u00fc\u00fcgi harrastajale, v\u00f5i inimesele, kes tahab alustada talip\u00fc\u00fcgiga. Iga MYSTERY BOX on t\u00e4is \u00fcllatusi<\/p>","protected":false},"featured_media":104182,"template":"","meta":{"_monsterinsights_skip_tracking":false,"_monsterinsights_sitenote_active":false,"_monsterinsights_sitenote_note":"","_monsterinsights_sitenote_category":0},"product_brand":[],"product_cat":[3644],"product_tag":[],"class_list":{"0":"post-104181","1":"product","2":"type-product","3":"status-publish","4":"has-post-thumbnail","6":"product_cat-kingitus-mystery-box","8":"first","9":"instock","10":"shipping-taxable","11":"purchasable","12":"product-type-simple"},"yoast_head":"<!-- This site is optimized with the Yoast SEO Premium plugin v18.1 (Yoast SEO v26.6) - https:\/\/yoast.com\/wordpress\/plugins\/seo\/ -->\n<title>Voblafishing &#8211; Kalastustarbed<\/title>\n<meta name=\"robots\" content=\"index, follow, max-snippet:-1, max-image-preview:large, max-video-preview:-1\" \/>\n<link rel=\"canonical\" href=\"https:\/\/voblafishing.ee\/ru\/product\/mystery-box-talv\/\" \/>\n<meta property=\"og:locale\" content=\"ru_RU\" \/>\n<meta property=\"og:type\" content=\"article\" \/>\n<meta property=\"og:title\" content=\"Kingitus Mystery Box. TALV\" \/>\n<meta property=\"og:description\" content=\"MYSTERY BOX mis on just m\u00f5eldud talip\u00fc\u00fcgi harrastajale, v\u00f5i inimesele, kes tahab alustada talip\u00fc\u00fcgiga. Iga MYSTERY BOX on t\u00e4is \u00fcllatusi\" \/>\n<meta property=\"og:url\" content=\"https:\/\/voblafishing.ee\/ru\/product\/mystery-box-talv\/\" \/>\n<meta property=\"og:site_name\" content=\"Voblafishing - Kalastustarbed\" \/>\n<meta property=\"article:publisher\" content=\"https:\/\/www.facebook.com\/tartuvobla\" \/>\n<meta property=\"article:modified_time\" content=\"2025-12-10T19:18:41+00:00\" \/>\n<meta property=\"og:image\" content=\"https:\/\/voblafishing.ee\/wp-content\/uploads\/2025\/12\/uus-9.png\" \/>\n\t<meta property=\"og:image:width\" content=\"940\" \/>\n\t<meta property=\"og:image:height\" content=\"788\" \/>\n\t<meta property=\"og:image:type\" content=\"image\/png\" \/>\n<meta name=\"twitter:card\" content=\"summary_large_image\" \/>\n<meta name=\"twitter:label1\" content=\"\u041f\u0440\u0438\u043c\u0435\u0440\u043d\u043e\u0435 \u0432\u0440\u0435\u043c\u044f \u0434\u043b\u044f \u0447\u0442\u0435\u043d\u0438\u044f\" \/>\n\t<meta name=\"twitter:data1\" content=\"1 \u043c\u0438\u043d\u0443\u0442\u0430\" \/>\n<!-- \/ Yoast SEO Premium plugin. -->","yoast_head_json":{"title":"Voblafishing &#8211; Kalastustarbed","robots":{"index":"index","follow":"follow","max-snippet":"max-snippet:-1","max-image-preview":"max-image-preview:large","max-video-preview":"max-video-preview:-1"},"canonical":"https:\/\/voblafishing.ee\/ru\/product\/mystery-box-talv\/","og_locale":"ru_RU","og_type":"article","og_title":"Kingitus Mystery Box. TALV","og_description":"MYSTERY BOX mis on just m\u00f5eldud talip\u00fc\u00fcgi harrastajale, v\u00f5i inimesele, kes tahab alustada talip\u00fc\u00fcgiga. Iga MYSTERY BOX on t\u00e4is \u00fcllatusi","og_url":"https:\/\/voblafishing.ee\/ru\/product\/mystery-box-talv\/","og_site_name":"Voblafishing - Kalastustarbed","article_publisher":"https:\/\/www.facebook.com\/tartuvobla","article_modified_time":"2025-12-10T19:18:41+00:00","og_image":[{"width":940,"height":788,"url":"https:\/\/voblafishing.ee\/wp-content\/uploads\/2025\/12\/uus-9.png","type":"image\/png"}],"twitter_card":"summary_large_image","twitter_misc":{"\u041f\u0440\u0438\u043c\u0435\u0440\u043d\u043e\u0435 \u0432\u0440\u0435\u043c\u044f \u0434\u043b\u044f \u0447\u0442\u0435\u043d\u0438\u044f":"1 \u043c\u0438\u043d\u0443\u0442\u0430"},"schema":{"@context":"https:\/\/schema.org","@graph":[{"@type":"WebPage","@id":"https:\/\/voblafishing.ee\/toode\/mystery-box-talv\/","url":"https:\/\/voblafishing.ee\/toode\/mystery-box-talv\/","name":"Kingitus Mystery Box. TALV","isPartOf":{"@id":"https:\/\/voblafishing.ee\/#website"},"primaryImageOfPage":{"@id":"https:\/\/voblafishing.ee\/toode\/mystery-box-talv\/#primaryimage"},"image":{"@id":"https:\/\/voblafishing.ee\/toode\/mystery-box-talv\/#primaryimage"},"thumbnailUrl":"https:\/\/voblafishing.ee\/wp-content\/uploads\/2025\/12\/uus-9.png","datePublished":"2025-12-09T20:51:51+00:00","dateModified":"2025-12-10T19:18:41+00:00","breadcrumb":{"@id":"https:\/\/voblafishing.ee\/toode\/mystery-box-talv\/#breadcrumb"},"inLanguage":"ru-RU","potentialAction":[{"@type":"ReadAction","target":["https:\/\/voblafishing.ee\/toode\/mystery-box-talv\/"]}]},{"@type":"ImageObject","inLanguage":"ru-RU","@id":"https:\/\/voblafishing.ee\/toode\/mystery-box-talv\/#primaryimage","url":"https:\/\/voblafishing.ee\/wp-content\/uploads\/2025\/12\/uus-9.png","contentUrl":"https:\/\/voblafishing.ee\/wp-content\/uploads\/2025\/12\/uus-9.png","width":940,"height":788},{"@type":"BreadcrumbList","@id":"https:\/\/voblafishing.ee\/toode\/mystery-box-talv\/#breadcrumb","itemListElement":[{"@type":"ListItem","position":1,"name":"Esileht","item":"https:\/\/voblafishing.ee\/"},{"@type":"ListItem","position":2,"name":"Pood","item":"https:\/\/voblafishing.ee\/pood\/"},{"@type":"ListItem","position":3,"name":"Kingitus Mystery Box. TALV"}]},{"@type":"WebSite","@id":"https:\/\/voblafishing.ee\/#website","url":"https:\/\/voblafishing.ee\/","name":"Voblafishing - Kalastustarbed","description":"Kalstustarvete m&uuml;&uuml;k. Landid, ridvad, rullid, n&ouml;&ouml;rid, v&otilde;dikud, jigipead","publisher":{"@id":"https:\/\/voblafishing.ee\/#organization"},"potentialAction":[{"@type":"SearchAction","target":{"@type":"EntryPoint","urlTemplate":"https:\/\/voblafishing.ee\/?s={search_term_string}"},"query-input":{"@type":"PropertyValueSpecification","valueRequired":true,"valueName":"search_term_string"}}],"inLanguage":"ru-RU"},{"@type":"Organization","@id":"https:\/\/voblafishing.ee\/#organization","name":"Voblafishing - Kalastustarbed","url":"https:\/\/voblafishing.ee\/","logo":{"@type":"ImageObject","inLanguage":"ru-RU","@id":"https:\/\/voblafishing.ee\/#\/schema\/logo\/image\/","url":"https:\/\/voblafishing.ee\/wp-content\/uploads\/2021\/09\/Vobla-ymargune.png","contentUrl":"https:\/\/voblafishing.ee\/wp-content\/uploads\/2021\/09\/Vobla-ymargune.png","width":300,"height":300,"caption":"Voblafishing - Kalastustarbed"},"image":{"@id":"https:\/\/voblafishing.ee\/#\/schema\/logo\/image\/"},"sameAs":["https:\/\/www.facebook.com\/tartuvobla"]}]}},"_links":{"self":[{"href":"https:\/\/voblafishing.ee\/ru\/wp-json\/wp\/v2\/product\/104181","targetHints":{"allow":["GET"]}}],"collection":[{"href":"https:\/\/voblafishing.ee\/ru\/wp-json\/wp\/v2\/product"}],"about":[{"href":"https:\/\/voblafishing.ee\/ru\/wp-json\/wp\/v2\/types\/product"}],"version-history":[{"count":2,"href":"https:\/\/voblafishing.ee\/ru\/wp-json\/wp\/v2\/product\/104181\/revisions"}],"predecessor-version":[{"id":104228,"href":"https:\/\/voblafishing.ee\/ru\/wp-json\/wp\/v2\/product\/104181\/revisions\/104228"}],"wp:featuredmedia":[{"embeddable":true,"href":"https:\/\/voblafishing.ee\/ru\/wp-json\/wp\/v2\/media\/104182"}],"wp:attachment":[{"href":"https:\/\/voblafishing.ee\/ru\/wp-json\/wp\/v2\/media?parent=104181"}],"wp:term":[{"taxonomy":"product_brand","embeddable":true,"href":"https:\/\/voblafishing.ee\/ru\/wp-json\/wp\/v2\/product_brand?post=104181"},{"taxonomy":"product_cat","embeddable":true,"href":"https:\/\/voblafishing.ee\/ru\/wp-json\/wp\/v2\/product_cat?post=104181"},{"taxonomy":"product_tag","embeddable":true,"href":"https:\/\/voblafishing.ee\/ru\/wp-json\/wp\/v2\/product_tag?post=104181"}],"curies":[{"name":"wp","href":"https:\/\/api.w.org\/{rel}","templated":true}]}}