{"id":106487,"date":"2026-01-26T17:34:32","date_gmt":"2026-01-26T15:34:32","guid":{"rendered":"https:\/\/voblafishing.ee\/?post_type=product&#038;p=106487"},"modified":"2026-01-26T17:39:53","modified_gmt":"2026-01-26T15:39:53","slug":"jope-westin-w8-jacket-6-varianti","status":"publish","type":"product","link":"https:\/\/voblafishing.ee\/ru\/product\/jope-westin-w8-jacket-6-varianti\/","title":{"rendered":"Jope WESTIN W8 Jacket (6 varianti)"},"content":{"rendered":"<p>Nagu arvata v\u00f5ib, on W8 jope disain hoolikalt kohandatud aktiivse peibutisep\u00fc\u00fcgi rangetele n\u00f5uetele, v\u00f5imaldades teil kalastada isegi k\u00f5ige raskemates tingimustes. K\u00f5rge fliisvoodriga krae ja t\u00e4ielikult reguleeritav kokkupandav kapuuts on v\u00e4lja t\u00f6\u00f6tatud selleks, et hoida teid soojas ja kuivas, ilma et see piiraks n\u00e4htavust. Neli YKK vetth\u00fclgavate lukkudega taskut hoiavad olulisi asju turvaliselt ja just seal, kus neid vajate. Kui olete kalamees, kes n\u00f5uab parimat, siis hindate W8 jope igasse aspekti sisse viidud detailit\u00e4psust.<\/p>\n<p>Toray 100% nailonist Taslan Oxford kangas Dermizax membraani ja ringkootud seljaga<br \/>\nVastupidav kahesuunaliselt veniv Toray nailonist rebenemiskindel kangas Dermizax membraani ja ringkootud seljaga<br \/>\n20 000 mm \/ 10 000 mvp<br \/>\nDWR-kate<br \/>\nTugevdus: autentne 500D nailon-66 Cordura PU-kattega, DWR<br \/>\nT\u00e4ielikud \u00f5mblused teibitud hipsterlindiga<br \/>\nYKK AquaGuard Visloni esik\u00fcljel keskel t\u00f5mblukk<br \/>\nDuraflex pandlad, D-r\u00f5ngas ja reguleerimisn\u00f6\u00f6rid<br \/>\nT\u00e4ielikud \u00f5mblused teibitud hipsterlindiga<br \/>\nNeli lukuga taskut YKK vetth\u00fclgavate lukkudega<br \/>\nK\u00f5rge, fliisvoodriga krae<br \/>\nKokkupandav, reguleeritav kapuuts<br \/>\n\u00c4\u00e4reosa reguleerimine pingutusn\u00f6\u00f6riga<\/p>\n<p>**Suuruste tabeli leiad siit** -&gt; (https:\/\/www.westin-fishing.com\/en\/this-is-westin\/size-guide\/)<\/p>","protected":false},"excerpt":{"rendered":"<p>Nagu arvata v\u00f5ib, on W8 jope disain hoolikalt kohandatud aktiivse peibutisep\u00fc\u00fcgi rangetele n\u00f5uetele, v\u00f5imaldades teil kalastada isegi k\u00f5ige raskemates tingimustes.<\/p>","protected":false},"featured_media":106494,"template":"","meta":{"_monsterinsights_skip_tracking":false,"_monsterinsights_sitenote_active":false,"_monsterinsights_sitenote_note":"","_monsterinsights_sitenote_category":0},"product_brand":[],"product_cat":[979,575],"product_tag":[],"class_list":{"0":"post-106487","1":"product","2":"type-product","3":"status-publish","4":"has-post-thumbnail","6":"product_cat-joped","7":"product_cat-roivad-ja-jalatsid","8":"pa_suurus-xxl","9":"pa_suurus-l","10":"pa_suurus-m","11":"pa_suurus-xl","12":"pa_suurus-s","13":"pa_suurus-3xl","15":"first","16":"instock","17":"shipping-taxable","18":"purchasable","19":"product-type-variable"},"yoast_head":"<!-- This site is optimized with the Yoast SEO Premium plugin v18.1 (Yoast SEO v26.6) - https:\/\/yoast.com\/wordpress\/plugins\/seo\/ -->\n<title>Voblafishing &#8211; Kalastustarbed<\/title>\n<meta name=\"robots\" content=\"index, follow, max-snippet:-1, max-image-preview:large, max-video-preview:-1\" \/>\n<link rel=\"canonical\" href=\"https:\/\/voblafishing.ee\/ru\/product\/jope-westin-w8-jacket-6-varianti\/\" \/>\n<meta property=\"og:locale\" content=\"ru_RU\" \/>\n<meta property=\"og:type\" content=\"article\" \/>\n<meta property=\"og:title\" content=\"Jope WESTIN W8 Jacket (6 varianti)\" \/>\n<meta property=\"og:description\" content=\"Nagu arvata v\u00f5ib, on W8 jope disain hoolikalt kohandatud aktiivse peibutisep\u00fc\u00fcgi rangetele n\u00f5uetele, v\u00f5imaldades teil kalastada isegi k\u00f5ige raskemates tingimustes.\" \/>\n<meta property=\"og:url\" content=\"https:\/\/voblafishing.ee\/ru\/product\/jope-westin-w8-jacket-6-varianti\/\" \/>\n<meta property=\"og:site_name\" content=\"Voblafishing - Kalastustarbed\" \/>\n<meta property=\"article:publisher\" content=\"https:\/\/www.facebook.com\/tartuvobla\" \/>\n<meta property=\"article:modified_time\" content=\"2026-01-26T15:39:53+00:00\" \/>\n<meta property=\"og:image\" content=\"https:\/\/voblafishing.ee\/wp-content\/uploads\/2026\/01\/a154_w8-jacket_headline.jpg\" \/>\n\t<meta property=\"og:image:width\" content=\"1600\" \/>\n\t<meta property=\"og:image:height\" content=\"1200\" \/>\n\t<meta property=\"og:image:type\" content=\"image\/jpeg\" \/>\n<meta name=\"twitter:card\" content=\"summary_large_image\" \/>\n<meta name=\"twitter:label1\" content=\"\u041f\u0440\u0438\u043c\u0435\u0440\u043d\u043e\u0435 \u0432\u0440\u0435\u043c\u044f \u0434\u043b\u044f \u0447\u0442\u0435\u043d\u0438\u044f\" \/>\n\t<meta name=\"twitter:data1\" content=\"2 \u043c\u0438\u043d\u0443\u0442\u044b\" \/>\n<!-- \/ Yoast SEO Premium plugin. -->","yoast_head_json":{"title":"Voblafishing &#8211; Kalastustarbed","robots":{"index":"index","follow":"follow","max-snippet":"max-snippet:-1","max-image-preview":"max-image-preview:large","max-video-preview":"max-video-preview:-1"},"canonical":"https:\/\/voblafishing.ee\/ru\/product\/jope-westin-w8-jacket-6-varianti\/","og_locale":"ru_RU","og_type":"article","og_title":"Jope WESTIN W8 Jacket (6 varianti)","og_description":"Nagu arvata v\u00f5ib, on W8 jope disain hoolikalt kohandatud aktiivse peibutisep\u00fc\u00fcgi rangetele n\u00f5uetele, v\u00f5imaldades teil kalastada isegi k\u00f5ige raskemates tingimustes.","og_url":"https:\/\/voblafishing.ee\/ru\/product\/jope-westin-w8-jacket-6-varianti\/","og_site_name":"Voblafishing - Kalastustarbed","article_publisher":"https:\/\/www.facebook.com\/tartuvobla","article_modified_time":"2026-01-26T15:39:53+00:00","og_image":[{"width":1600,"height":1200,"url":"https:\/\/voblafishing.ee\/wp-content\/uploads\/2026\/01\/a154_w8-jacket_headline.jpg","type":"image\/jpeg"}],"twitter_card":"summary_large_image","twitter_misc":{"\u041f\u0440\u0438\u043c\u0435\u0440\u043d\u043e\u0435 \u0432\u0440\u0435\u043c\u044f \u0434\u043b\u044f \u0447\u0442\u0435\u043d\u0438\u044f":"2 \u043c\u0438\u043d\u0443\u0442\u044b"},"schema":{"@context":"https:\/\/schema.org","@graph":[{"@type":"WebPage","@id":"https:\/\/voblafishing.ee\/toode\/jope-westin-w8-jacket-6-varianti\/","url":"https:\/\/voblafishing.ee\/toode\/jope-westin-w8-jacket-6-varianti\/","name":"Jope WESTIN W8 Jacket (6 varianti)","isPartOf":{"@id":"https:\/\/voblafishing.ee\/#website"},"primaryImageOfPage":{"@id":"https:\/\/voblafishing.ee\/toode\/jope-westin-w8-jacket-6-varianti\/#primaryimage"},"image":{"@id":"https:\/\/voblafishing.ee\/toode\/jope-westin-w8-jacket-6-varianti\/#primaryimage"},"thumbnailUrl":"https:\/\/voblafishing.ee\/wp-content\/uploads\/2026\/01\/a154_w8-jacket_headline.jpg","datePublished":"2026-01-26T15:34:32+00:00","dateModified":"2026-01-26T15:39:53+00:00","breadcrumb":{"@id":"https:\/\/voblafishing.ee\/toode\/jope-westin-w8-jacket-6-varianti\/#breadcrumb"},"inLanguage":"ru-RU","potentialAction":[{"@type":"ReadAction","target":["https:\/\/voblafishing.ee\/toode\/jope-westin-w8-jacket-6-varianti\/"]}]},{"@type":"ImageObject","inLanguage":"ru-RU","@id":"https:\/\/voblafishing.ee\/toode\/jope-westin-w8-jacket-6-varianti\/#primaryimage","url":"https:\/\/voblafishing.ee\/wp-content\/uploads\/2026\/01\/a154_w8-jacket_headline.jpg","contentUrl":"https:\/\/voblafishing.ee\/wp-content\/uploads\/2026\/01\/a154_w8-jacket_headline.jpg","width":1600,"height":1200},{"@type":"BreadcrumbList","@id":"https:\/\/voblafishing.ee\/toode\/jope-westin-w8-jacket-6-varianti\/#breadcrumb","itemListElement":[{"@type":"ListItem","position":1,"name":"Esileht","item":"https:\/\/voblafishing.ee\/"},{"@type":"ListItem","position":2,"name":"Pood","item":"https:\/\/voblafishing.ee\/pood\/"},{"@type":"ListItem","position":3,"name":"Jope WESTIN W8 Jacket (6 varianti)"}]},{"@type":"WebSite","@id":"https:\/\/voblafishing.ee\/#website","url":"https:\/\/voblafishing.ee\/","name":"Voblafishing - Kalastustarbed","description":"Kalstustarvete m&uuml;&uuml;k. Landid, ridvad, rullid, n&ouml;&ouml;rid, v&otilde;dikud, jigipead","publisher":{"@id":"https:\/\/voblafishing.ee\/#organization"},"potentialAction":[{"@type":"SearchAction","target":{"@type":"EntryPoint","urlTemplate":"https:\/\/voblafishing.ee\/?s={search_term_string}"},"query-input":{"@type":"PropertyValueSpecification","valueRequired":true,"valueName":"search_term_string"}}],"inLanguage":"ru-RU"},{"@type":"Organization","@id":"https:\/\/voblafishing.ee\/#organization","name":"Voblafishing - Kalastustarbed","url":"https:\/\/voblafishing.ee\/","logo":{"@type":"ImageObject","inLanguage":"ru-RU","@id":"https:\/\/voblafishing.ee\/#\/schema\/logo\/image\/","url":"https:\/\/voblafishing.ee\/wp-content\/uploads\/2021\/09\/Vobla-ymargune.png","contentUrl":"https:\/\/voblafishing.ee\/wp-content\/uploads\/2021\/09\/Vobla-ymargune.png","width":300,"height":300,"caption":"Voblafishing - Kalastustarbed"},"image":{"@id":"https:\/\/voblafishing.ee\/#\/schema\/logo\/image\/"},"sameAs":["https:\/\/www.facebook.com\/tartuvobla"]}]}},"_links":{"self":[{"href":"https:\/\/voblafishing.ee\/ru\/wp-json\/wp\/v2\/product\/106487","targetHints":{"allow":["GET"]}}],"collection":[{"href":"https:\/\/voblafishing.ee\/ru\/wp-json\/wp\/v2\/product"}],"about":[{"href":"https:\/\/voblafishing.ee\/ru\/wp-json\/wp\/v2\/types\/product"}],"version-history":[{"count":1,"href":"https:\/\/voblafishing.ee\/ru\/wp-json\/wp\/v2\/product\/106487\/revisions"}],"predecessor-version":[{"id":106500,"href":"https:\/\/voblafishing.ee\/ru\/wp-json\/wp\/v2\/product\/106487\/revisions\/106500"}],"wp:featuredmedia":[{"embeddable":true,"href":"https:\/\/voblafishing.ee\/ru\/wp-json\/wp\/v2\/media\/106494"}],"wp:attachment":[{"href":"https:\/\/voblafishing.ee\/ru\/wp-json\/wp\/v2\/media?parent=106487"}],"wp:term":[{"taxonomy":"product_brand","embeddable":true,"href":"https:\/\/voblafishing.ee\/ru\/wp-json\/wp\/v2\/product_brand?post=106487"},{"taxonomy":"product_cat","embeddable":true,"href":"https:\/\/voblafishing.ee\/ru\/wp-json\/wp\/v2\/product_cat?post=106487"},{"taxonomy":"product_tag","embeddable":true,"href":"https:\/\/voblafishing.ee\/ru\/wp-json\/wp\/v2\/product_tag?post=106487"}],"curies":[{"name":"wp","href":"https:\/\/api.w.org\/{rel}","templated":true}]}}