{"id":107113,"date":"2026-02-04T18:31:32","date_gmt":"2026-02-04T16:31:32","guid":{"rendered":"https:\/\/voblafishing.ee\/?post_type=product&#038;p=107113"},"modified":"2026-03-25T15:53:24","modified_gmt":"2026-03-25T13:53:24","slug":"kasitoo-parnu-peipsi-kirve-rakendus-kolmikuga-holo-vask","status":"publish","type":"product","link":"https:\/\/voblafishing.ee\/ru\/product\/kasitoo-parnu-peipsi-kirve-rakendus-kolmikuga-holo-vask\/","title":{"rendered":"K\u00e4sit\u00f6\u00f6 P\u00e4rnu Peipsi kirve rakendus kolmikuga HOLO-VASK"},"content":{"rendered":"<p>Valmis kirve rakendus koos \u00fche muskaga, muskad on kalastuskunni k\u00e4sit\u00f6\u00f6!<\/p>\n<p>Muska v\u00e4rv v\u00f5ib erineda pildil olevast!<\/p>","protected":false},"excerpt":{"rendered":"<p>Valmis kirve rakendus koos \u00fche muskaga, muskad on kalastuskunni k\u00e4sit\u00f6\u00f6! Muska v\u00e4rv v\u00f5ib erineda pildil olevast!<\/p>","protected":false},"featured_media":107107,"template":"","meta":{"_monsterinsights_skip_tracking":false,"_monsterinsights_sitenote_active":false,"_monsterinsights_sitenote_note":"","_monsterinsights_sitenote_category":0},"product_brand":[],"product_cat":[1204,636],"product_tag":[],"class_list":{"0":"post-107113","1":"product","2":"type-product","3":"status-publish","4":"has-post-thumbnail","6":"product_cat-konksud-ja-ketid","7":"product_cat-talikalastus","8":"pa_brand-manko","10":"first","11":"instock","12":"featured","13":"shipping-taxable","14":"purchasable","15":"product-type-simple"},"yoast_head":"<!-- This site is optimized with the Yoast SEO Premium plugin v18.1 (Yoast SEO v26.6) - https:\/\/yoast.com\/wordpress\/plugins\/seo\/ -->\n<title>Voblafishing &#8211; Kalastustarbed<\/title>\n<meta name=\"robots\" content=\"index, follow, max-snippet:-1, max-image-preview:large, max-video-preview:-1\" \/>\n<link rel=\"canonical\" href=\"https:\/\/voblafishing.ee\/ru\/product\/kasitoo-parnu-peipsi-kirve-rakendus-kolmikuga-holo-vask\/\" \/>\n<meta property=\"og:locale\" content=\"ru_RU\" \/>\n<meta property=\"og:type\" content=\"article\" \/>\n<meta property=\"og:title\" content=\"K\u00e4sit\u00f6\u00f6 P\u00e4rnu Peipsi kirve rakendus kolmikuga HOLO-VASK\" \/>\n<meta property=\"og:description\" content=\"Valmis kirve rakendus koos \u00fche muskaga, muskad on kalastuskunni k\u00e4sit\u00f6\u00f6! Muska v\u00e4rv v\u00f5ib erineda pildil olevast!\" \/>\n<meta property=\"og:url\" content=\"https:\/\/voblafishing.ee\/ru\/product\/kasitoo-parnu-peipsi-kirve-rakendus-kolmikuga-holo-vask\/\" \/>\n<meta property=\"og:site_name\" content=\"Voblafishing - Kalastustarbed\" \/>\n<meta property=\"article:publisher\" content=\"https:\/\/www.facebook.com\/tartuvobla\" \/>\n<meta property=\"article:modified_time\" content=\"2026-03-25T13:53:24+00:00\" \/>\n<meta property=\"og:image\" content=\"https:\/\/voblafishing.ee\/wp-content\/uploads\/2026\/02\/KRAPAL-2-2.png\" \/>\n\t<meta property=\"og:image:width\" content=\"940\" \/>\n\t<meta property=\"og:image:height\" content=\"788\" \/>\n\t<meta property=\"og:image:type\" content=\"image\/png\" \/>\n<meta name=\"twitter:card\" content=\"summary_large_image\" \/>\n<meta name=\"twitter:label1\" content=\"\u041f\u0440\u0438\u043c\u0435\u0440\u043d\u043e\u0435 \u0432\u0440\u0435\u043c\u044f \u0434\u043b\u044f \u0447\u0442\u0435\u043d\u0438\u044f\" \/>\n\t<meta name=\"twitter:data1\" content=\"1 \u043c\u0438\u043d\u0443\u0442\u0430\" \/>\n<!-- \/ Yoast SEO Premium plugin. -->","yoast_head_json":{"title":"Voblafishing &#8211; Kalastustarbed","robots":{"index":"index","follow":"follow","max-snippet":"max-snippet:-1","max-image-preview":"max-image-preview:large","max-video-preview":"max-video-preview:-1"},"canonical":"https:\/\/voblafishing.ee\/ru\/product\/kasitoo-parnu-peipsi-kirve-rakendus-kolmikuga-holo-vask\/","og_locale":"ru_RU","og_type":"article","og_title":"K\u00e4sit\u00f6\u00f6 P\u00e4rnu Peipsi kirve rakendus kolmikuga HOLO-VASK","og_description":"Valmis kirve rakendus koos \u00fche muskaga, muskad on kalastuskunni k\u00e4sit\u00f6\u00f6! Muska v\u00e4rv v\u00f5ib erineda pildil olevast!","og_url":"https:\/\/voblafishing.ee\/ru\/product\/kasitoo-parnu-peipsi-kirve-rakendus-kolmikuga-holo-vask\/","og_site_name":"Voblafishing - Kalastustarbed","article_publisher":"https:\/\/www.facebook.com\/tartuvobla","article_modified_time":"2026-03-25T13:53:24+00:00","og_image":[{"width":940,"height":788,"url":"https:\/\/voblafishing.ee\/wp-content\/uploads\/2026\/02\/KRAPAL-2-2.png","type":"image\/png"}],"twitter_card":"summary_large_image","twitter_misc":{"\u041f\u0440\u0438\u043c\u0435\u0440\u043d\u043e\u0435 \u0432\u0440\u0435\u043c\u044f \u0434\u043b\u044f \u0447\u0442\u0435\u043d\u0438\u044f":"1 \u043c\u0438\u043d\u0443\u0442\u0430"},"schema":{"@context":"https:\/\/schema.org","@graph":[{"@type":"WebPage","@id":"https:\/\/voblafishing.ee\/toode\/kasitoo-parnu-peipsi-kirve-rakendus-kolmikuga-holo-vask\/","url":"https:\/\/voblafishing.ee\/toode\/kasitoo-parnu-peipsi-kirve-rakendus-kolmikuga-holo-vask\/","name":"K\u00e4sit\u00f6\u00f6 P\u00e4rnu Peipsi kirve rakendus kolmikuga HOLO-VASK","isPartOf":{"@id":"https:\/\/voblafishing.ee\/#website"},"primaryImageOfPage":{"@id":"https:\/\/voblafishing.ee\/toode\/kasitoo-parnu-peipsi-kirve-rakendus-kolmikuga-holo-vask\/#primaryimage"},"image":{"@id":"https:\/\/voblafishing.ee\/toode\/kasitoo-parnu-peipsi-kirve-rakendus-kolmikuga-holo-vask\/#primaryimage"},"thumbnailUrl":"https:\/\/voblafishing.ee\/wp-content\/uploads\/2026\/02\/KRAPAL-2-2.png","datePublished":"2026-02-04T16:31:32+00:00","dateModified":"2026-03-25T13:53:24+00:00","breadcrumb":{"@id":"https:\/\/voblafishing.ee\/toode\/kasitoo-parnu-peipsi-kirve-rakendus-kolmikuga-holo-vask\/#breadcrumb"},"inLanguage":"ru-RU","potentialAction":[{"@type":"ReadAction","target":["https:\/\/voblafishing.ee\/toode\/kasitoo-parnu-peipsi-kirve-rakendus-kolmikuga-holo-vask\/"]}]},{"@type":"ImageObject","inLanguage":"ru-RU","@id":"https:\/\/voblafishing.ee\/toode\/kasitoo-parnu-peipsi-kirve-rakendus-kolmikuga-holo-vask\/#primaryimage","url":"https:\/\/voblafishing.ee\/wp-content\/uploads\/2026\/02\/KRAPAL-2-2.png","contentUrl":"https:\/\/voblafishing.ee\/wp-content\/uploads\/2026\/02\/KRAPAL-2-2.png","width":940,"height":788},{"@type":"BreadcrumbList","@id":"https:\/\/voblafishing.ee\/toode\/kasitoo-parnu-peipsi-kirve-rakendus-kolmikuga-holo-vask\/#breadcrumb","itemListElement":[{"@type":"ListItem","position":1,"name":"Esileht","item":"https:\/\/voblafishing.ee\/"},{"@type":"ListItem","position":2,"name":"Pood","item":"https:\/\/voblafishing.ee\/pood\/"},{"@type":"ListItem","position":3,"name":"K\u00e4sit\u00f6\u00f6 P\u00e4rnu Peipsi kirve rakendus kolmikuga HOLO-VASK"}]},{"@type":"WebSite","@id":"https:\/\/voblafishing.ee\/#website","url":"https:\/\/voblafishing.ee\/","name":"Voblafishing - Kalastustarbed","description":"Kalstustarvete m&uuml;&uuml;k. Landid, ridvad, rullid, n&ouml;&ouml;rid, v&otilde;dikud, jigipead","publisher":{"@id":"https:\/\/voblafishing.ee\/#organization"},"potentialAction":[{"@type":"SearchAction","target":{"@type":"EntryPoint","urlTemplate":"https:\/\/voblafishing.ee\/?s={search_term_string}"},"query-input":{"@type":"PropertyValueSpecification","valueRequired":true,"valueName":"search_term_string"}}],"inLanguage":"ru-RU"},{"@type":"Organization","@id":"https:\/\/voblafishing.ee\/#organization","name":"Voblafishing - Kalastustarbed","url":"https:\/\/voblafishing.ee\/","logo":{"@type":"ImageObject","inLanguage":"ru-RU","@id":"https:\/\/voblafishing.ee\/#\/schema\/logo\/image\/","url":"https:\/\/voblafishing.ee\/wp-content\/uploads\/2021\/09\/Vobla-ymargune.png","contentUrl":"https:\/\/voblafishing.ee\/wp-content\/uploads\/2021\/09\/Vobla-ymargune.png","width":300,"height":300,"caption":"Voblafishing - Kalastustarbed"},"image":{"@id":"https:\/\/voblafishing.ee\/#\/schema\/logo\/image\/"},"sameAs":["https:\/\/www.facebook.com\/tartuvobla"]}]}},"_links":{"self":[{"href":"https:\/\/voblafishing.ee\/ru\/wp-json\/wp\/v2\/product\/107113","targetHints":{"allow":["GET"]}}],"collection":[{"href":"https:\/\/voblafishing.ee\/ru\/wp-json\/wp\/v2\/product"}],"about":[{"href":"https:\/\/voblafishing.ee\/ru\/wp-json\/wp\/v2\/types\/product"}],"version-history":[{"count":1,"href":"https:\/\/voblafishing.ee\/ru\/wp-json\/wp\/v2\/product\/107113\/revisions"}],"predecessor-version":[{"id":107114,"href":"https:\/\/voblafishing.ee\/ru\/wp-json\/wp\/v2\/product\/107113\/revisions\/107114"}],"wp:featuredmedia":[{"embeddable":true,"href":"https:\/\/voblafishing.ee\/ru\/wp-json\/wp\/v2\/media\/107107"}],"wp:attachment":[{"href":"https:\/\/voblafishing.ee\/ru\/wp-json\/wp\/v2\/media?parent=107113"}],"wp:term":[{"taxonomy":"product_brand","embeddable":true,"href":"https:\/\/voblafishing.ee\/ru\/wp-json\/wp\/v2\/product_brand?post=107113"},{"taxonomy":"product_cat","embeddable":true,"href":"https:\/\/voblafishing.ee\/ru\/wp-json\/wp\/v2\/product_cat?post=107113"},{"taxonomy":"product_tag","embeddable":true,"href":"https:\/\/voblafishing.ee\/ru\/wp-json\/wp\/v2\/product_tag?post=107113"}],"curies":[{"name":"wp","href":"https:\/\/api.w.org\/{rel}","templated":true}]}}