{"id":107789,"date":"2026-02-27T08:41:53","date_gmt":"2026-02-27T06:41:53","guid":{"rendered":"https:\/\/voblafishing.ee\/?post_type=product&#038;p=107789"},"modified":"2026-02-27T08:46:27","modified_gmt":"2026-02-27T06:46:27","slug":"multirull-kinetic-waterspeed-multi-2500","status":"publish","type":"product","link":"https:\/\/voblafishing.ee\/ru\/product\/multirull-kinetic-waterspeed-multi-2500\/","title":{"rendered":"Multirull KINETIC WaterSpeed Multi 2500"},"content":{"rendered":"<p>V\u00e4ike\u00a0 multirull klassikalises formaadis neile, kes soovivad j\u00e4\u00e4l forelli, meriahvenat v\u00f5i ahvena p\u00fc\u00fcda v\u00f5i neile, kes eelistavad mitmikrulli lihtsalt j\u00e4\u00e4l kalastades. T\u00e4nu k\u00fclgnupule on rulli vabastamise hetkest lihtne n\u00e4ha. Erinevalt spinningurullist saab p\u00f6idlaga rulli paremat kontrolli saavutada.<\/p>\n<p>Paremak\u00e4elistele<\/p>\n<p>2 kuullaagrit<\/p>\n<p>90 m 0,25 mm ppoli mahutavus<\/p>\n<p>3,8:1 \u00fclekandearv<\/p>\n<p>140 g<\/p>","protected":false},"excerpt":{"rendered":"<p>V\u00e4ike\u00a0 multirull klassikalises formaadis neile, kes soovivad j\u00e4\u00e4l forelli, meriahvenat v\u00f5i ahvena p\u00fc\u00fcda v\u00f5i neile, kes eelistavad mitmikrulli lihtsalt j\u00e4\u00e4l<\/p>","protected":false},"featured_media":107794,"template":"","meta":{"_monsterinsights_skip_tracking":false,"_monsterinsights_sitenote_active":false,"_monsterinsights_sitenote_note":"","_monsterinsights_sitenote_category":0},"product_brand":[],"product_cat":[3820],"product_tag":[],"class_list":{"0":"post-107789","1":"product","2":"type-product","3":"status-publish","4":"has-post-thumbnail","6":"product_cat-kinetic-multirullid","7":"pa_brand-kinetic","9":"first","10":"instock","11":"shipping-taxable","12":"purchasable","13":"product-type-simple"},"yoast_head":"<!-- This site is optimized with the Yoast SEO Premium plugin v18.1 (Yoast SEO v26.6) - https:\/\/yoast.com\/wordpress\/plugins\/seo\/ -->\n<title>Voblafishing &#8211; Kalastustarbed<\/title>\n<meta name=\"robots\" content=\"index, follow, max-snippet:-1, max-image-preview:large, max-video-preview:-1\" \/>\n<link rel=\"canonical\" href=\"https:\/\/voblafishing.ee\/ru\/product\/multirull-kinetic-waterspeed-multi-2500\/\" \/>\n<meta property=\"og:locale\" content=\"ru_RU\" \/>\n<meta property=\"og:type\" content=\"article\" \/>\n<meta property=\"og:title\" content=\"Multirull KINETIC WaterSpeed Multi 2500\" \/>\n<meta property=\"og:description\" content=\"V\u00e4ike\u00a0 multirull klassikalises formaadis neile, kes soovivad j\u00e4\u00e4l forelli, meriahvenat v\u00f5i ahvena p\u00fc\u00fcda v\u00f5i neile, kes eelistavad mitmikrulli lihtsalt j\u00e4\u00e4l\" \/>\n<meta property=\"og:url\" content=\"https:\/\/voblafishing.ee\/ru\/product\/multirull-kinetic-waterspeed-multi-2500\/\" \/>\n<meta property=\"og:site_name\" content=\"Voblafishing - Kalastustarbed\" \/>\n<meta property=\"article:publisher\" content=\"https:\/\/www.facebook.com\/tartuvobla\" \/>\n<meta property=\"article:modified_time\" content=\"2026-02-27T06:46:27+00:00\" \/>\n<meta property=\"og:image\" content=\"https:\/\/voblafishing.ee\/wp-content\/uploads\/2026\/02\/01-0090025_4-1.jpg\" \/>\n\t<meta property=\"og:image:width\" content=\"400\" \/>\n\t<meta property=\"og:image:height\" content=\"400\" \/>\n\t<meta property=\"og:image:type\" content=\"image\/jpeg\" \/>\n<meta name=\"twitter:card\" content=\"summary_large_image\" \/>\n<meta name=\"twitter:label1\" content=\"\u041f\u0440\u0438\u043c\u0435\u0440\u043d\u043e\u0435 \u0432\u0440\u0435\u043c\u044f \u0434\u043b\u044f \u0447\u0442\u0435\u043d\u0438\u044f\" \/>\n\t<meta name=\"twitter:data1\" content=\"1 \u043c\u0438\u043d\u0443\u0442\u0430\" \/>\n<!-- \/ Yoast SEO Premium plugin. -->","yoast_head_json":{"title":"Voblafishing &#8211; Kalastustarbed","robots":{"index":"index","follow":"follow","max-snippet":"max-snippet:-1","max-image-preview":"max-image-preview:large","max-video-preview":"max-video-preview:-1"},"canonical":"https:\/\/voblafishing.ee\/ru\/product\/multirull-kinetic-waterspeed-multi-2500\/","og_locale":"ru_RU","og_type":"article","og_title":"Multirull KINETIC WaterSpeed Multi 2500","og_description":"V\u00e4ike\u00a0 multirull klassikalises formaadis neile, kes soovivad j\u00e4\u00e4l forelli, meriahvenat v\u00f5i ahvena p\u00fc\u00fcda v\u00f5i neile, kes eelistavad mitmikrulli lihtsalt j\u00e4\u00e4l","og_url":"https:\/\/voblafishing.ee\/ru\/product\/multirull-kinetic-waterspeed-multi-2500\/","og_site_name":"Voblafishing - Kalastustarbed","article_publisher":"https:\/\/www.facebook.com\/tartuvobla","article_modified_time":"2026-02-27T06:46:27+00:00","og_image":[{"width":400,"height":400,"url":"https:\/\/voblafishing.ee\/wp-content\/uploads\/2026\/02\/01-0090025_4-1.jpg","type":"image\/jpeg"}],"twitter_card":"summary_large_image","twitter_misc":{"\u041f\u0440\u0438\u043c\u0435\u0440\u043d\u043e\u0435 \u0432\u0440\u0435\u043c\u044f \u0434\u043b\u044f \u0447\u0442\u0435\u043d\u0438\u044f":"1 \u043c\u0438\u043d\u0443\u0442\u0430"},"schema":{"@context":"https:\/\/schema.org","@graph":[{"@type":"WebPage","@id":"https:\/\/voblafishing.ee\/toode\/multirull-kinetic-waterspeed-multi-2500\/","url":"https:\/\/voblafishing.ee\/toode\/multirull-kinetic-waterspeed-multi-2500\/","name":"Multirull KINETIC WaterSpeed Multi 2500","isPartOf":{"@id":"https:\/\/voblafishing.ee\/#website"},"primaryImageOfPage":{"@id":"https:\/\/voblafishing.ee\/toode\/multirull-kinetic-waterspeed-multi-2500\/#primaryimage"},"image":{"@id":"https:\/\/voblafishing.ee\/toode\/multirull-kinetic-waterspeed-multi-2500\/#primaryimage"},"thumbnailUrl":"https:\/\/voblafishing.ee\/wp-content\/uploads\/2026\/02\/01-0090025_4-1.jpg","datePublished":"2026-02-27T06:41:53+00:00","dateModified":"2026-02-27T06:46:27+00:00","breadcrumb":{"@id":"https:\/\/voblafishing.ee\/toode\/multirull-kinetic-waterspeed-multi-2500\/#breadcrumb"},"inLanguage":"ru-RU","potentialAction":[{"@type":"ReadAction","target":["https:\/\/voblafishing.ee\/toode\/multirull-kinetic-waterspeed-multi-2500\/"]}]},{"@type":"ImageObject","inLanguage":"ru-RU","@id":"https:\/\/voblafishing.ee\/toode\/multirull-kinetic-waterspeed-multi-2500\/#primaryimage","url":"https:\/\/voblafishing.ee\/wp-content\/uploads\/2026\/02\/01-0090025_4-1.jpg","contentUrl":"https:\/\/voblafishing.ee\/wp-content\/uploads\/2026\/02\/01-0090025_4-1.jpg","width":400,"height":400},{"@type":"BreadcrumbList","@id":"https:\/\/voblafishing.ee\/toode\/multirull-kinetic-waterspeed-multi-2500\/#breadcrumb","itemListElement":[{"@type":"ListItem","position":1,"name":"Esileht","item":"https:\/\/voblafishing.ee\/"},{"@type":"ListItem","position":2,"name":"Pood","item":"https:\/\/voblafishing.ee\/pood\/"},{"@type":"ListItem","position":3,"name":"Multirull KINETIC WaterSpeed Multi 2500"}]},{"@type":"WebSite","@id":"https:\/\/voblafishing.ee\/#website","url":"https:\/\/voblafishing.ee\/","name":"Voblafishing - Kalastustarbed","description":"Kalstustarvete m&uuml;&uuml;k. Landid, ridvad, rullid, n&ouml;&ouml;rid, v&otilde;dikud, jigipead","publisher":{"@id":"https:\/\/voblafishing.ee\/#organization"},"potentialAction":[{"@type":"SearchAction","target":{"@type":"EntryPoint","urlTemplate":"https:\/\/voblafishing.ee\/?s={search_term_string}"},"query-input":{"@type":"PropertyValueSpecification","valueRequired":true,"valueName":"search_term_string"}}],"inLanguage":"ru-RU"},{"@type":"Organization","@id":"https:\/\/voblafishing.ee\/#organization","name":"Voblafishing - Kalastustarbed","url":"https:\/\/voblafishing.ee\/","logo":{"@type":"ImageObject","inLanguage":"ru-RU","@id":"https:\/\/voblafishing.ee\/#\/schema\/logo\/image\/","url":"https:\/\/voblafishing.ee\/wp-content\/uploads\/2021\/09\/Vobla-ymargune.png","contentUrl":"https:\/\/voblafishing.ee\/wp-content\/uploads\/2021\/09\/Vobla-ymargune.png","width":300,"height":300,"caption":"Voblafishing - Kalastustarbed"},"image":{"@id":"https:\/\/voblafishing.ee\/#\/schema\/logo\/image\/"},"sameAs":["https:\/\/www.facebook.com\/tartuvobla"]}]}},"_links":{"self":[{"href":"https:\/\/voblafishing.ee\/ru\/wp-json\/wp\/v2\/product\/107789","targetHints":{"allow":["GET"]}}],"collection":[{"href":"https:\/\/voblafishing.ee\/ru\/wp-json\/wp\/v2\/product"}],"about":[{"href":"https:\/\/voblafishing.ee\/ru\/wp-json\/wp\/v2\/types\/product"}],"version-history":[{"count":1,"href":"https:\/\/voblafishing.ee\/ru\/wp-json\/wp\/v2\/product\/107789\/revisions"}],"predecessor-version":[{"id":107795,"href":"https:\/\/voblafishing.ee\/ru\/wp-json\/wp\/v2\/product\/107789\/revisions\/107795"}],"wp:featuredmedia":[{"embeddable":true,"href":"https:\/\/voblafishing.ee\/ru\/wp-json\/wp\/v2\/media\/107794"}],"wp:attachment":[{"href":"https:\/\/voblafishing.ee\/ru\/wp-json\/wp\/v2\/media?parent=107789"}],"wp:term":[{"taxonomy":"product_brand","embeddable":true,"href":"https:\/\/voblafishing.ee\/ru\/wp-json\/wp\/v2\/product_brand?post=107789"},{"taxonomy":"product_cat","embeddable":true,"href":"https:\/\/voblafishing.ee\/ru\/wp-json\/wp\/v2\/product_cat?post=107789"},{"taxonomy":"product_tag","embeddable":true,"href":"https:\/\/voblafishing.ee\/ru\/wp-json\/wp\/v2\/product_tag?post=107789"}],"curies":[{"name":"wp","href":"https:\/\/api.w.org\/{rel}","templated":true}]}}