{"id":94037,"date":"2023-05-02T09:19:38","date_gmt":"2023-05-02T07:19:38","guid":{"rendered":"https:\/\/voblafishing.ee\/?post_type=product&#038;p=94037"},"modified":"2025-07-29T18:23:37","modified_gmt":"2025-07-29T16:23:37","slug":"vonklant-kuusamo-latka-70-25-c-ruska","status":"publish","type":"product","link":"https:\/\/voblafishing.ee\/ru\/product\/vonklant-kuusamo-latka-70-25-c-ruska\/","title":{"rendered":"V\u00f5nklant KUUSAMO L\u00e4tk\u00e4 70\/25 C\/Ruska"},"content":{"rendered":"<p>V\u00f5nklant KUUSAMO L\u00e4tk\u00e4. V\u00f5iks arvata, et heitepikkus pole kuigi oluline tegur, kuid kogenud kalameeste s\u00f5nul on see keskse t\u00e4htsusega. Paar lisameetrit, eriti paadiga p\u00fc\u00fcgil, on pelglikute kalade p\u00fc\u00fcgil eeliseks. Kui l\u00e4hete p\u00fc\u00fcgikohale liiga l\u00e4hedale, v\u00f5ite peletada kalad eemale. Pikk heide on eeliseks, kui p\u00fc\u00fcad kala kahalakatega vees ja ei taha liigselt solistada ja arvatavale kala pesitsuspaigale liiga l\u00e4hedale minna. T\u00e4nu oma kaalule ja kujule sobib see ka tugevas voolus p\u00fc\u00fcdimiseks, p\u00fcsides s\u00fcgavamal ja ei t\u00f5use lihtsalt pinnale.<br \/>L\u00e4tk\u00e4\u00e4 p\u00fc\u00fck stopptehnikaga. Kerimise paariks sekundiks peatamine laseb L\u00e4tk\u00e4l vajuda, meelitades kalu. M\u00f5ni kala rabab n\u00e4iteks l\u00fchikese j\u00f5nksu peale.<br \/>Sellisel juhul vajub L\u00e4tk\u00e4 k\u00fclilitsi ja vajub v\u00e4rvilise poolega p\u00f5hja poole, mis \u00e4rritab r\u00f6\u00f6vkalu veelgi. Lisaks haugile sobib L\u00e4tk\u00e4 ka edukalt ahavena v\u00f5i forellip\u00fc\u00fcgiks.<\/p>","protected":false},"excerpt":{"rendered":"<p>V\u00f5nklant KUUSAMO L\u00e4tk\u00e4. V\u00f5iks arvata, et heitepikkus pole kuigi oluline tegur, kuid kogenud kalameeste s\u00f5nul on see keskse t\u00e4htsusega. Paar<\/p>","protected":false},"featured_media":94889,"template":"","meta":{"_monsterinsights_skip_tracking":false,"_monsterinsights_sitenote_active":false,"_monsterinsights_sitenote_note":"","_monsterinsights_sitenote_category":0},"product_brand":[],"product_cat":[579,580],"product_tag":[],"class_list":{"0":"post-94037","1":"product","2":"type-product","3":"status-publish","4":"has-post-thumbnail","6":"product_cat-landid","7":"product_cat-vonklandid","8":"pa_brand-kuusamo","9":"pa_varv-c-ruska","11":"first","12":"outofstock","13":"shipping-taxable","14":"purchasable","15":"product-type-simple"},"yoast_head":"<!-- This site is optimized with the Yoast SEO Premium plugin v18.1 (Yoast SEO v26.6) - https:\/\/yoast.com\/wordpress\/plugins\/seo\/ -->\n<title>Voblafishing &#8211; Kalastustarbed<\/title>\n<meta name=\"robots\" content=\"index, follow, max-snippet:-1, max-image-preview:large, max-video-preview:-1\" \/>\n<link rel=\"canonical\" href=\"https:\/\/voblafishing.ee\/ru\/product\/vonklant-kuusamo-latka-70-25-c-ruska\/\" \/>\n<meta property=\"og:locale\" content=\"ru_RU\" \/>\n<meta property=\"og:type\" content=\"article\" \/>\n<meta property=\"og:title\" content=\"V\u00f5nklant KUUSAMO L\u00e4tk\u00e4 70\/25 C\/Ruska\" \/>\n<meta property=\"og:description\" content=\"V\u00f5nklant KUUSAMO L\u00e4tk\u00e4. V\u00f5iks arvata, et heitepikkus pole kuigi oluline tegur, kuid kogenud kalameeste s\u00f5nul on see keskse t\u00e4htsusega. Paar\" \/>\n<meta property=\"og:url\" content=\"https:\/\/voblafishing.ee\/ru\/product\/vonklant-kuusamo-latka-70-25-c-ruska\/\" \/>\n<meta property=\"og:site_name\" content=\"Voblafishing - Kalastustarbed\" \/>\n<meta property=\"article:publisher\" content=\"https:\/\/www.facebook.com\/tartuvobla\" \/>\n<meta property=\"article:modified_time\" content=\"2025-07-29T16:23:37+00:00\" \/>\n<meta property=\"og:image\" content=\"https:\/\/voblafishing.ee\/wp-content\/uploads\/2023\/05\/latka-70_25-c-ruska.webp\" \/>\n\t<meta property=\"og:image:width\" content=\"800\" \/>\n\t<meta property=\"og:image:height\" content=\"800\" \/>\n\t<meta property=\"og:image:type\" content=\"image\/webp\" \/>\n<meta name=\"twitter:card\" content=\"summary_large_image\" \/>\n<meta name=\"twitter:label1\" content=\"\u041f\u0440\u0438\u043c\u0435\u0440\u043d\u043e\u0435 \u0432\u0440\u0435\u043c\u044f \u0434\u043b\u044f \u0447\u0442\u0435\u043d\u0438\u044f\" \/>\n\t<meta name=\"twitter:data1\" content=\"1 \u043c\u0438\u043d\u0443\u0442\u0430\" \/>\n<!-- \/ Yoast SEO Premium plugin. -->","yoast_head_json":{"title":"Voblafishing &#8211; Kalastustarbed","robots":{"index":"index","follow":"follow","max-snippet":"max-snippet:-1","max-image-preview":"max-image-preview:large","max-video-preview":"max-video-preview:-1"},"canonical":"https:\/\/voblafishing.ee\/ru\/product\/vonklant-kuusamo-latka-70-25-c-ruska\/","og_locale":"ru_RU","og_type":"article","og_title":"V\u00f5nklant KUUSAMO L\u00e4tk\u00e4 70\/25 C\/Ruska","og_description":"V\u00f5nklant KUUSAMO L\u00e4tk\u00e4. V\u00f5iks arvata, et heitepikkus pole kuigi oluline tegur, kuid kogenud kalameeste s\u00f5nul on see keskse t\u00e4htsusega. Paar","og_url":"https:\/\/voblafishing.ee\/ru\/product\/vonklant-kuusamo-latka-70-25-c-ruska\/","og_site_name":"Voblafishing - Kalastustarbed","article_publisher":"https:\/\/www.facebook.com\/tartuvobla","article_modified_time":"2025-07-29T16:23:37+00:00","og_image":[{"width":800,"height":800,"url":"https:\/\/voblafishing.ee\/wp-content\/uploads\/2023\/05\/latka-70_25-c-ruska.webp","type":"image\/webp"}],"twitter_card":"summary_large_image","twitter_misc":{"\u041f\u0440\u0438\u043c\u0435\u0440\u043d\u043e\u0435 \u0432\u0440\u0435\u043c\u044f \u0434\u043b\u044f \u0447\u0442\u0435\u043d\u0438\u044f":"1 \u043c\u0438\u043d\u0443\u0442\u0430"},"schema":{"@context":"https:\/\/schema.org","@graph":[{"@type":"WebPage","@id":"https:\/\/voblafishing.ee\/toode\/vonklant-kuusamo-latka-70-25-c-ruska\/","url":"https:\/\/voblafishing.ee\/toode\/vonklant-kuusamo-latka-70-25-c-ruska\/","name":"V\u00f5nklant KUUSAMO L\u00e4tk\u00e4 70\/25 C\/Ruska","isPartOf":{"@id":"https:\/\/voblafishing.ee\/#website"},"primaryImageOfPage":{"@id":"https:\/\/voblafishing.ee\/toode\/vonklant-kuusamo-latka-70-25-c-ruska\/#primaryimage"},"image":{"@id":"https:\/\/voblafishing.ee\/toode\/vonklant-kuusamo-latka-70-25-c-ruska\/#primaryimage"},"thumbnailUrl":"https:\/\/voblafishing.ee\/wp-content\/uploads\/2023\/05\/latka-70_25-c-ruska.webp","datePublished":"2023-05-02T07:19:38+00:00","dateModified":"2025-07-29T16:23:37+00:00","breadcrumb":{"@id":"https:\/\/voblafishing.ee\/toode\/vonklant-kuusamo-latka-70-25-c-ruska\/#breadcrumb"},"inLanguage":"ru-RU","potentialAction":[{"@type":"ReadAction","target":["https:\/\/voblafishing.ee\/toode\/vonklant-kuusamo-latka-70-25-c-ruska\/"]}]},{"@type":"ImageObject","inLanguage":"ru-RU","@id":"https:\/\/voblafishing.ee\/toode\/vonklant-kuusamo-latka-70-25-c-ruska\/#primaryimage","url":"https:\/\/voblafishing.ee\/wp-content\/uploads\/2023\/05\/latka-70_25-c-ruska.webp","contentUrl":"https:\/\/voblafishing.ee\/wp-content\/uploads\/2023\/05\/latka-70_25-c-ruska.webp","width":800,"height":800},{"@type":"BreadcrumbList","@id":"https:\/\/voblafishing.ee\/toode\/vonklant-kuusamo-latka-70-25-c-ruska\/#breadcrumb","itemListElement":[{"@type":"ListItem","position":1,"name":"Esileht","item":"https:\/\/voblafishing.ee\/"},{"@type":"ListItem","position":2,"name":"Pood","item":"https:\/\/voblafishing.ee\/pood\/"},{"@type":"ListItem","position":3,"name":"V\u00f5nklant KUUSAMO L\u00e4tk\u00e4 70\/25 C\/Ruska"}]},{"@type":"WebSite","@id":"https:\/\/voblafishing.ee\/#website","url":"https:\/\/voblafishing.ee\/","name":"Voblafishing - Kalastustarbed","description":"Kalstustarvete m&uuml;&uuml;k. Landid, ridvad, rullid, n&ouml;&ouml;rid, v&otilde;dikud, jigipead","publisher":{"@id":"https:\/\/voblafishing.ee\/#organization"},"potentialAction":[{"@type":"SearchAction","target":{"@type":"EntryPoint","urlTemplate":"https:\/\/voblafishing.ee\/?s={search_term_string}"},"query-input":{"@type":"PropertyValueSpecification","valueRequired":true,"valueName":"search_term_string"}}],"inLanguage":"ru-RU"},{"@type":"Organization","@id":"https:\/\/voblafishing.ee\/#organization","name":"Voblafishing - Kalastustarbed","url":"https:\/\/voblafishing.ee\/","logo":{"@type":"ImageObject","inLanguage":"ru-RU","@id":"https:\/\/voblafishing.ee\/#\/schema\/logo\/image\/","url":"https:\/\/voblafishing.ee\/wp-content\/uploads\/2021\/09\/Vobla-ymargune.png","contentUrl":"https:\/\/voblafishing.ee\/wp-content\/uploads\/2021\/09\/Vobla-ymargune.png","width":300,"height":300,"caption":"Voblafishing - Kalastustarbed"},"image":{"@id":"https:\/\/voblafishing.ee\/#\/schema\/logo\/image\/"},"sameAs":["https:\/\/www.facebook.com\/tartuvobla"]}]}},"_links":{"self":[{"href":"https:\/\/voblafishing.ee\/ru\/wp-json\/wp\/v2\/product\/94037","targetHints":{"allow":["GET"]}}],"collection":[{"href":"https:\/\/voblafishing.ee\/ru\/wp-json\/wp\/v2\/product"}],"about":[{"href":"https:\/\/voblafishing.ee\/ru\/wp-json\/wp\/v2\/types\/product"}],"version-history":[{"count":1,"href":"https:\/\/voblafishing.ee\/ru\/wp-json\/wp\/v2\/product\/94037\/revisions"}],"predecessor-version":[{"id":102833,"href":"https:\/\/voblafishing.ee\/ru\/wp-json\/wp\/v2\/product\/94037\/revisions\/102833"}],"wp:featuredmedia":[{"embeddable":true,"href":"https:\/\/voblafishing.ee\/ru\/wp-json\/wp\/v2\/media\/94889"}],"wp:attachment":[{"href":"https:\/\/voblafishing.ee\/ru\/wp-json\/wp\/v2\/media?parent=94037"}],"wp:term":[{"taxonomy":"product_brand","embeddable":true,"href":"https:\/\/voblafishing.ee\/ru\/wp-json\/wp\/v2\/product_brand?post=94037"},{"taxonomy":"product_cat","embeddable":true,"href":"https:\/\/voblafishing.ee\/ru\/wp-json\/wp\/v2\/product_cat?post=94037"},{"taxonomy":"product_tag","embeddable":true,"href":"https:\/\/voblafishing.ee\/ru\/wp-json\/wp\/v2\/product_tag?post=94037"}],"curies":[{"name":"wp","href":"https:\/\/api.w.org\/{rel}","templated":true}]}}