{"id":94073,"date":"2023-05-02T09:19:41","date_gmt":"2023-05-02T07:19:41","guid":{"rendered":"https:\/\/voblafishing.ee\/?post_type=product&#038;p=94073"},"modified":"2023-08-11T10:46:02","modified_gmt":"2023-08-11T08:46:02","slug":"vonklant-kuusamo-professor-2-parl-90-13-c","status":"publish","type":"product","link":"https:\/\/voblafishing.ee\/ru\/product\/vonklant-kuusamo-professor-2-parl-90-13-c\/","title":{"rendered":"V\u00f5nklant KUUSAMO Professor 2 p\u00e4rl 90\/13 C"},"content":{"rendered":"<p>&#8220;Kuusamo Professori kerge kilpkonnamustriga mudeliga saate p\u00fc\u00fcda otse pinnakihtides. &#8220;&#8221;Kilpkonn&#8221;&#8221; sobib ideaalselt madalamates kohtades haugip\u00fc\u00fcgiks. N\u00e4iteks rannikumere soppides ja sonnides.<br \/>\nKerge kaalu t\u00f5ttu saab selle landiga m\u00e4nida v\u00e4gagi madalates kohtades ja isegi seda lanti vauda lastes. Kilpkonn on asendmatu haugi p\u00fc\u00fcdmiseks ka rohustes kohtades.<br \/>\nPinnakihis liikuv lant ujub sujuvalt just veetaimede kohal ja vahel, just seal kus haug varitseb.&#8221;<\/p>","protected":false},"excerpt":{"rendered":"<p>&#8220;Kuusamo Professori kerge kilpkonnamustriga mudeliga saate p\u00fc\u00fcda otse pinnakihtides. &#8220;&#8221;Kilpkonn&#8221;&#8221; sobib ideaalselt madalamates kohtades haugip\u00fc\u00fcgiks. N\u00e4iteks rannikumere soppides ja sonnides.<\/p>","protected":false},"featured_media":94197,"template":"","meta":{"_monsterinsights_skip_tracking":false,"_monsterinsights_sitenote_active":false,"_monsterinsights_sitenote_note":"","_monsterinsights_sitenote_category":0},"product_brand":[],"product_cat":[579,580],"product_tag":[],"class_list":{"0":"post-94073","1":"product","2":"type-product","3":"status-publish","4":"has-post-thumbnail","6":"product_cat-landid","7":"product_cat-vonklandid","8":"pa_brand-kuusamo","9":"pa_varv-c","11":"first","12":"outofstock","13":"shipping-taxable","14":"purchasable","15":"product-type-simple"},"yoast_head":"<!-- This site is optimized with the Yoast SEO Premium plugin v18.1 (Yoast SEO v26.6) - https:\/\/yoast.com\/wordpress\/plugins\/seo\/ -->\n<title>Voblafishing &#8211; Kalastustarbed<\/title>\n<meta name=\"robots\" content=\"index, follow, max-snippet:-1, max-image-preview:large, max-video-preview:-1\" \/>\n<link rel=\"canonical\" href=\"https:\/\/voblafishing.ee\/ru\/product\/vonklant-kuusamo-professor-2-parl-90-13-c\/\" \/>\n<meta property=\"og:locale\" content=\"ru_RU\" \/>\n<meta property=\"og:type\" content=\"article\" \/>\n<meta property=\"og:title\" content=\"V\u00f5nklant KUUSAMO Professor 2 p\u00e4rl 90\/13 C\" \/>\n<meta property=\"og:description\" content=\"&#8220;Kuusamo Professori kerge kilpkonnamustriga mudeliga saate p\u00fc\u00fcda otse pinnakihtides. &#8220;&#8221;Kilpkonn&#8221;&#8221; sobib ideaalselt madalamates kohtades haugip\u00fc\u00fcgiks. N\u00e4iteks rannikumere soppides ja sonnides.\" \/>\n<meta property=\"og:url\" content=\"https:\/\/voblafishing.ee\/ru\/product\/vonklant-kuusamo-professor-2-parl-90-13-c\/\" \/>\n<meta property=\"og:site_name\" content=\"Voblafishing - Kalastustarbed\" \/>\n<meta property=\"article:publisher\" content=\"https:\/\/www.facebook.com\/tartuvobla\" \/>\n<meta property=\"article:modified_time\" content=\"2023-08-11T08:46:02+00:00\" \/>\n<meta name=\"twitter:card\" content=\"summary_large_image\" \/>\n<!-- \/ Yoast SEO Premium plugin. -->","yoast_head_json":{"title":"Voblafishing &#8211; Kalastustarbed","robots":{"index":"index","follow":"follow","max-snippet":"max-snippet:-1","max-image-preview":"max-image-preview:large","max-video-preview":"max-video-preview:-1"},"canonical":"https:\/\/voblafishing.ee\/ru\/product\/vonklant-kuusamo-professor-2-parl-90-13-c\/","og_locale":"ru_RU","og_type":"article","og_title":"V\u00f5nklant KUUSAMO Professor 2 p\u00e4rl 90\/13 C","og_description":"&#8220;Kuusamo Professori kerge kilpkonnamustriga mudeliga saate p\u00fc\u00fcda otse pinnakihtides. &#8220;&#8221;Kilpkonn&#8221;&#8221; sobib ideaalselt madalamates kohtades haugip\u00fc\u00fcgiks. N\u00e4iteks rannikumere soppides ja sonnides.","og_url":"https:\/\/voblafishing.ee\/ru\/product\/vonklant-kuusamo-professor-2-parl-90-13-c\/","og_site_name":"Voblafishing - Kalastustarbed","article_publisher":"https:\/\/www.facebook.com\/tartuvobla","article_modified_time":"2023-08-11T08:46:02+00:00","twitter_card":"summary_large_image","schema":{"@context":"https:\/\/schema.org","@graph":[{"@type":"WebPage","@id":"https:\/\/voblafishing.ee\/toode\/vonklant-kuusamo-professor-2-parl-90-13-c\/","url":"https:\/\/voblafishing.ee\/toode\/vonklant-kuusamo-professor-2-parl-90-13-c\/","name":"V\u00f5nklant KUUSAMO Professor 2 p\u00e4rl 90\/13 C","isPartOf":{"@id":"https:\/\/voblafishing.ee\/#website"},"primaryImageOfPage":{"@id":"https:\/\/voblafishing.ee\/toode\/vonklant-kuusamo-professor-2-parl-90-13-c\/#primaryimage"},"image":{"@id":"https:\/\/voblafishing.ee\/toode\/vonklant-kuusamo-professor-2-parl-90-13-c\/#primaryimage"},"thumbnailUrl":"","datePublished":"2023-05-02T07:19:41+00:00","dateModified":"2023-08-11T08:46:02+00:00","breadcrumb":{"@id":"https:\/\/voblafishing.ee\/toode\/vonklant-kuusamo-professor-2-parl-90-13-c\/#breadcrumb"},"inLanguage":"ru-RU","potentialAction":[{"@type":"ReadAction","target":["https:\/\/voblafishing.ee\/toode\/vonklant-kuusamo-professor-2-parl-90-13-c\/"]}]},{"@type":"ImageObject","inLanguage":"ru-RU","@id":"https:\/\/voblafishing.ee\/toode\/vonklant-kuusamo-professor-2-parl-90-13-c\/#primaryimage","url":"","contentUrl":""},{"@type":"BreadcrumbList","@id":"https:\/\/voblafishing.ee\/toode\/vonklant-kuusamo-professor-2-parl-90-13-c\/#breadcrumb","itemListElement":[{"@type":"ListItem","position":1,"name":"Esileht","item":"https:\/\/voblafishing.ee\/"},{"@type":"ListItem","position":2,"name":"Pood","item":"https:\/\/voblafishing.ee\/pood\/"},{"@type":"ListItem","position":3,"name":"V\u00f5nklant KUUSAMO Professor 2 p\u00e4rl 90\/13 C"}]},{"@type":"WebSite","@id":"https:\/\/voblafishing.ee\/#website","url":"https:\/\/voblafishing.ee\/","name":"Voblafishing - Kalastustarbed","description":"Kalstustarvete m&uuml;&uuml;k. Landid, ridvad, rullid, n&ouml;&ouml;rid, v&otilde;dikud, jigipead","publisher":{"@id":"https:\/\/voblafishing.ee\/#organization"},"potentialAction":[{"@type":"SearchAction","target":{"@type":"EntryPoint","urlTemplate":"https:\/\/voblafishing.ee\/?s={search_term_string}"},"query-input":{"@type":"PropertyValueSpecification","valueRequired":true,"valueName":"search_term_string"}}],"inLanguage":"ru-RU"},{"@type":"Organization","@id":"https:\/\/voblafishing.ee\/#organization","name":"Voblafishing - Kalastustarbed","url":"https:\/\/voblafishing.ee\/","logo":{"@type":"ImageObject","inLanguage":"ru-RU","@id":"https:\/\/voblafishing.ee\/#\/schema\/logo\/image\/","url":"https:\/\/voblafishing.ee\/wp-content\/uploads\/2021\/09\/Vobla-ymargune.png","contentUrl":"https:\/\/voblafishing.ee\/wp-content\/uploads\/2021\/09\/Vobla-ymargune.png","width":300,"height":300,"caption":"Voblafishing - Kalastustarbed"},"image":{"@id":"https:\/\/voblafishing.ee\/#\/schema\/logo\/image\/"},"sameAs":["https:\/\/www.facebook.com\/tartuvobla"]}]}},"_links":{"self":[{"href":"https:\/\/voblafishing.ee\/ru\/wp-json\/wp\/v2\/product\/94073","targetHints":{"allow":["GET"]}}],"collection":[{"href":"https:\/\/voblafishing.ee\/ru\/wp-json\/wp\/v2\/product"}],"about":[{"href":"https:\/\/voblafishing.ee\/ru\/wp-json\/wp\/v2\/types\/product"}],"version-history":[{"count":0,"href":"https:\/\/voblafishing.ee\/ru\/wp-json\/wp\/v2\/product\/94073\/revisions"}],"wp:featuredmedia":[{"embeddable":true,"href":"https:\/\/voblafishing.ee\/ru\/wp-json\/"}],"wp:attachment":[{"href":"https:\/\/voblafishing.ee\/ru\/wp-json\/wp\/v2\/media?parent=94073"}],"wp:term":[{"taxonomy":"product_brand","embeddable":true,"href":"https:\/\/voblafishing.ee\/ru\/wp-json\/wp\/v2\/product_brand?post=94073"},{"taxonomy":"product_cat","embeddable":true,"href":"https:\/\/voblafishing.ee\/ru\/wp-json\/wp\/v2\/product_cat?post=94073"},{"taxonomy":"product_tag","embeddable":true,"href":"https:\/\/voblafishing.ee\/ru\/wp-json\/wp\/v2\/product_tag?post=94073"}],"curies":[{"name":"wp","href":"https:\/\/api.w.org\/{rel}","templated":true}]}}